{"id":1249,"date":"2023-01-18T16:21:25","date_gmt":"2023-01-18T15:21:25","guid":{"rendered":"https:\/\/tangerineretreat.com\/product\/the-retreat\/"},"modified":"2026-03-25T14:55:47","modified_gmt":"2026-03-25T13:55:47","slug":"psilocybin-retreat","status":"publish","type":"product","link":"https:\/\/tangerineretreat.com\/fr\/product\/psilocybin-retreat\/","title":{"rendered":"Retraite"},"content":{"rendered":"","protected":false},"excerpt":{"rendered":"","protected":false},"featured_media":6122,"template":"","meta":{"iawp_total_views":2},"product_brand":[],"product_cat":[101],"product_tag":[],"class_list":{"0":"post-1249","1":"product","2":"type-product","3":"status-publish","4":"has-post-thumbnail","6":"product_cat-retraites","8":"first","9":"instock","10":"sale","11":"taxable","12":"shipping-taxable","13":"purchasable","14":"product-type-variable"},"yoast_head":"<!-- This site is optimized with the Yoast SEO plugin v27.3 - https:\/\/yoast.com\/product\/yoast-seo-wordpress\/ -->\n<title>Participez \u00e0 une Retraite Psych\u00e9d\u00e9lique Psilocybine en Fran\u00e7ais &#8226; Tangerine Retreat<\/title>\n<meta name=\"description\" content=\"Retraite en fran\u00e7ais de trois jours et deux nuits avec de la psilocybine naturelle. Tangerine Retreat propose une s\u00e9ance de psilocybine s\u00fbre et l\u00e9gale, encadr\u00e9e par une \u00e9quipe de facilitateurs exp\u00e9riment\u00e9s. Embarquez pour une exp\u00e9rience inoubliable !\" \/>\n<meta name=\"robots\" content=\"noindex, follow\" \/>\n<meta property=\"og:locale\" content=\"fr_FR\" \/>\n<meta property=\"og:type\" content=\"article\" \/>\n<meta property=\"og:title\" content=\"Participez \u00e0 une Retraite Psych\u00e9d\u00e9lique Psilocybine en Fran\u00e7ais &#8226; Tangerine Retreat\" \/>\n<meta property=\"og:description\" content=\"Retraite en fran\u00e7ais de trois jours et deux nuits avec de la psilocybine naturelle. Tangerine Retreat propose une s\u00e9ance de psilocybine s\u00fbre et l\u00e9gale, encadr\u00e9e par une \u00e9quipe de facilitateurs exp\u00e9riment\u00e9s. Embarquez pour une exp\u00e9rience inoubliable !\" \/>\n<meta property=\"og:url\" content=\"https:\/\/tangerineretreat.com\/fr\/product\/psilocybin-retreat\/\" \/>\n<meta property=\"og:site_name\" content=\"Tangerine Retreat\" \/>\n<meta property=\"article:modified_time\" content=\"2026-03-25T13:55:47+00:00\" \/>\n<meta property=\"og:image\" content=\"https:\/\/tangerineretreat.com\/wp-content\/uploads\/truffles.jpg\" \/>\n\t<meta property=\"og:image:width\" content=\"640\" \/>\n\t<meta property=\"og:image:height\" content=\"640\" \/>\n\t<meta property=\"og:image:type\" content=\"image\/jpeg\" \/>\n<meta name=\"twitter:card\" content=\"summary_large_image\" \/>\n<script type=\"application\/ld+json\" class=\"yoast-schema-graph\">{\"@context\":\"https:\\\/\\\/schema.org\",\"@graph\":[{\"@type\":\"WebPage\",\"@id\":\"https:\\\/\\\/tangerineretreat.com\\\/fr\\\/product\\\/psilocybin-retreat\\\/\",\"url\":\"https:\\\/\\\/tangerineretreat.com\\\/fr\\\/product\\\/psilocybin-retreat\\\/\",\"name\":\"Participez \u00e0 une Retraite Psych\u00e9d\u00e9lique Psilocybine en Fran\u00e7ais &#8226; Tangerine Retreat\",\"isPartOf\":{\"@id\":\"https:\\\/\\\/tangerineretreat.com\\\/fr\\\/#website\"},\"primaryImageOfPage\":{\"@id\":\"https:\\\/\\\/tangerineretreat.com\\\/fr\\\/product\\\/psilocybin-retreat\\\/#primaryimage\"},\"image\":{\"@id\":\"https:\\\/\\\/tangerineretreat.com\\\/fr\\\/product\\\/psilocybin-retreat\\\/#primaryimage\"},\"thumbnailUrl\":\"https:\\\/\\\/tangerineretreat.com\\\/wp-content\\\/uploads\\\/truffles.jpg\",\"datePublished\":\"2023-01-18T15:21:25+00:00\",\"dateModified\":\"2026-03-25T13:55:47+00:00\",\"description\":\"Retraite en fran\u00e7ais de trois jours et deux nuits avec de la psilocybine naturelle. Tangerine Retreat propose une s\u00e9ance de psilocybine s\u00fbre et l\u00e9gale, encadr\u00e9e par une \u00e9quipe de facilitateurs exp\u00e9riment\u00e9s. Embarquez pour une exp\u00e9rience inoubliable !\",\"breadcrumb\":{\"@id\":\"https:\\\/\\\/tangerineretreat.com\\\/fr\\\/product\\\/psilocybin-retreat\\\/#breadcrumb\"},\"inLanguage\":\"fr-FR\",\"potentialAction\":[{\"@type\":\"ReadAction\",\"target\":[\"https:\\\/\\\/tangerineretreat.com\\\/fr\\\/product\\\/psilocybin-retreat\\\/\"]}]},{\"@type\":\"ImageObject\",\"inLanguage\":\"fr-FR\",\"@id\":\"https:\\\/\\\/tangerineretreat.com\\\/fr\\\/product\\\/psilocybin-retreat\\\/#primaryimage\",\"url\":\"https:\\\/\\\/tangerineretreat.com\\\/wp-content\\\/uploads\\\/truffles.jpg\",\"contentUrl\":\"https:\\\/\\\/tangerineretreat.com\\\/wp-content\\\/uploads\\\/truffles.jpg\",\"width\":640,\"height\":640,\"caption\":\"Pr\u00eat pour une d\u00e9gustation de truffes ?\"},{\"@type\":\"BreadcrumbList\",\"@id\":\"https:\\\/\\\/tangerineretreat.com\\\/fr\\\/product\\\/psilocybin-retreat\\\/#breadcrumb\",\"itemListElement\":[{\"@type\":\"ListItem\",\"position\":1,\"name\":\"Accueil\",\"item\":\"https:\\\/\\\/tangerineretreat.com\\\/fr\\\/\"},{\"@type\":\"ListItem\",\"position\":2,\"name\":\"Shop\",\"item\":\"https:\\\/\\\/tangerineretreat.com\\\/shop\\\/\"},{\"@type\":\"ListItem\",\"position\":3,\"name\":\"Retraite\"}]},{\"@type\":\"WebSite\",\"@id\":\"https:\\\/\\\/tangerineretreat.com\\\/fr\\\/#website\",\"url\":\"https:\\\/\\\/tangerineretreat.com\\\/fr\\\/\",\"name\":\"Tangerine Retreat\",\"description\":\"Legal psychedelic retreat in the Netherlands\",\"publisher\":{\"@id\":\"https:\\\/\\\/tangerineretreat.com\\\/fr\\\/#organization\"},\"alternateName\":\"Tangerine Psychedelic Institute\",\"potentialAction\":[{\"@type\":\"SearchAction\",\"target\":{\"@type\":\"EntryPoint\",\"urlTemplate\":\"https:\\\/\\\/tangerineretreat.com\\\/fr\\\/?s={search_term_string}\"},\"query-input\":{\"@type\":\"PropertyValueSpecification\",\"valueRequired\":true,\"valueName\":\"search_term_string\"}}],\"inLanguage\":\"fr-FR\"},{\"@type\":\"Organization\",\"@id\":\"https:\\\/\\\/tangerineretreat.com\\\/fr\\\/#organization\",\"name\":\"Tangerine Retreat\",\"url\":\"https:\\\/\\\/tangerineretreat.com\\\/fr\\\/\",\"logo\":{\"@type\":\"ImageObject\",\"inLanguage\":\"fr-FR\",\"@id\":\"https:\\\/\\\/tangerineretreat.com\\\/fr\\\/#\\\/schema\\\/logo\\\/image\\\/\",\"url\":\"https:\\\/\\\/tangerineretreat.com\\\/wp-content\\\/uploads\\\/tangerine-retreat-logo-4.png\",\"contentUrl\":\"https:\\\/\\\/tangerineretreat.com\\\/wp-content\\\/uploads\\\/tangerine-retreat-logo-4.png\",\"width\":185,\"height\":50,\"caption\":\"Tangerine Retreat\"},\"image\":{\"@id\":\"https:\\\/\\\/tangerineretreat.com\\\/fr\\\/#\\\/schema\\\/logo\\\/image\\\/\"}}]}<\/script>\n<!-- \/ Yoast SEO plugin. -->","yoast_head_json":{"title":"Participez \u00e0 une Retraite Psych\u00e9d\u00e9lique Psilocybine en Fran\u00e7ais &#8226; Tangerine Retreat","description":"Retraite en fran\u00e7ais de trois jours et deux nuits avec de la psilocybine naturelle. Tangerine Retreat propose une s\u00e9ance de psilocybine s\u00fbre et l\u00e9gale, encadr\u00e9e par une \u00e9quipe de facilitateurs exp\u00e9riment\u00e9s. Embarquez pour une exp\u00e9rience inoubliable !","robots":{"index":"noindex","follow":"follow"},"og_locale":"fr_FR","og_type":"article","og_title":"Participez \u00e0 une Retraite Psych\u00e9d\u00e9lique Psilocybine en Fran\u00e7ais &#8226; Tangerine Retreat","og_description":"Retraite en fran\u00e7ais de trois jours et deux nuits avec de la psilocybine naturelle. Tangerine Retreat propose une s\u00e9ance de psilocybine s\u00fbre et l\u00e9gale, encadr\u00e9e par une \u00e9quipe de facilitateurs exp\u00e9riment\u00e9s. Embarquez pour une exp\u00e9rience inoubliable !","og_url":"https:\/\/tangerineretreat.com\/fr\/product\/psilocybin-retreat\/","og_site_name":"Tangerine Retreat","article_modified_time":"2026-03-25T13:55:47+00:00","og_image":[{"width":640,"height":640,"url":"https:\/\/tangerineretreat.com\/wp-content\/uploads\/truffles.jpg","type":"image\/jpeg"}],"twitter_card":"summary_large_image","schema":{"@context":"https:\/\/schema.org","@graph":[{"@type":"WebPage","@id":"https:\/\/tangerineretreat.com\/fr\/product\/psilocybin-retreat\/","url":"https:\/\/tangerineretreat.com\/fr\/product\/psilocybin-retreat\/","name":"Participez \u00e0 une Retraite Psych\u00e9d\u00e9lique Psilocybine en Fran\u00e7ais &#8226; Tangerine Retreat","isPartOf":{"@id":"https:\/\/tangerineretreat.com\/fr\/#website"},"primaryImageOfPage":{"@id":"https:\/\/tangerineretreat.com\/fr\/product\/psilocybin-retreat\/#primaryimage"},"image":{"@id":"https:\/\/tangerineretreat.com\/fr\/product\/psilocybin-retreat\/#primaryimage"},"thumbnailUrl":"https:\/\/tangerineretreat.com\/wp-content\/uploads\/truffles.jpg","datePublished":"2023-01-18T15:21:25+00:00","dateModified":"2026-03-25T13:55:47+00:00","description":"Retraite en fran\u00e7ais de trois jours et deux nuits avec de la psilocybine naturelle. Tangerine Retreat propose une s\u00e9ance de psilocybine s\u00fbre et l\u00e9gale, encadr\u00e9e par une \u00e9quipe de facilitateurs exp\u00e9riment\u00e9s. Embarquez pour une exp\u00e9rience inoubliable !","breadcrumb":{"@id":"https:\/\/tangerineretreat.com\/fr\/product\/psilocybin-retreat\/#breadcrumb"},"inLanguage":"fr-FR","potentialAction":[{"@type":"ReadAction","target":["https:\/\/tangerineretreat.com\/fr\/product\/psilocybin-retreat\/"]}]},{"@type":"ImageObject","inLanguage":"fr-FR","@id":"https:\/\/tangerineretreat.com\/fr\/product\/psilocybin-retreat\/#primaryimage","url":"https:\/\/tangerineretreat.com\/wp-content\/uploads\/truffles.jpg","contentUrl":"https:\/\/tangerineretreat.com\/wp-content\/uploads\/truffles.jpg","width":640,"height":640,"caption":"Pr\u00eat pour une d\u00e9gustation de truffes ?"},{"@type":"BreadcrumbList","@id":"https:\/\/tangerineretreat.com\/fr\/product\/psilocybin-retreat\/#breadcrumb","itemListElement":[{"@type":"ListItem","position":1,"name":"Accueil","item":"https:\/\/tangerineretreat.com\/fr\/"},{"@type":"ListItem","position":2,"name":"Shop","item":"https:\/\/tangerineretreat.com\/shop\/"},{"@type":"ListItem","position":3,"name":"Retraite"}]},{"@type":"WebSite","@id":"https:\/\/tangerineretreat.com\/fr\/#website","url":"https:\/\/tangerineretreat.com\/fr\/","name":"Tangerine Retreat","description":"Legal psychedelic retreat in the Netherlands","publisher":{"@id":"https:\/\/tangerineretreat.com\/fr\/#organization"},"alternateName":"Tangerine Psychedelic Institute","potentialAction":[{"@type":"SearchAction","target":{"@type":"EntryPoint","urlTemplate":"https:\/\/tangerineretreat.com\/fr\/?s={search_term_string}"},"query-input":{"@type":"PropertyValueSpecification","valueRequired":true,"valueName":"search_term_string"}}],"inLanguage":"fr-FR"},{"@type":"Organization","@id":"https:\/\/tangerineretreat.com\/fr\/#organization","name":"Tangerine Retreat","url":"https:\/\/tangerineretreat.com\/fr\/","logo":{"@type":"ImageObject","inLanguage":"fr-FR","@id":"https:\/\/tangerineretreat.com\/fr\/#\/schema\/logo\/image\/","url":"https:\/\/tangerineretreat.com\/wp-content\/uploads\/tangerine-retreat-logo-4.png","contentUrl":"https:\/\/tangerineretreat.com\/wp-content\/uploads\/tangerine-retreat-logo-4.png","width":185,"height":50,"caption":"Tangerine Retreat"},"image":{"@id":"https:\/\/tangerineretreat.com\/fr\/#\/schema\/logo\/image\/"}}]}},"_links":{"self":[{"href":"https:\/\/tangerineretreat.com\/fr\/wp-json\/wp\/v2\/product\/1249","targetHints":{"allow":["GET"]}}],"collection":[{"href":"https:\/\/tangerineretreat.com\/fr\/wp-json\/wp\/v2\/product"}],"about":[{"href":"https:\/\/tangerineretreat.com\/fr\/wp-json\/wp\/v2\/types\/product"}],"wp:featuredmedia":[{"embeddable":true,"href":"https:\/\/tangerineretreat.com\/fr\/wp-json\/wp\/v2\/media\/6122"}],"wp:attachment":[{"href":"https:\/\/tangerineretreat.com\/fr\/wp-json\/wp\/v2\/media?parent=1249"}],"wp:term":[{"taxonomy":"product_brand","embeddable":true,"href":"https:\/\/tangerineretreat.com\/fr\/wp-json\/wp\/v2\/product_brand?post=1249"},{"taxonomy":"product_cat","embeddable":true,"href":"https:\/\/tangerineretreat.com\/fr\/wp-json\/wp\/v2\/product_cat?post=1249"},{"taxonomy":"product_tag","embeddable":true,"href":"https:\/\/tangerineretreat.com\/fr\/wp-json\/wp\/v2\/product_tag?post=1249"}],"curies":[{"name":"wp","href":"https:\/\/api.w.org\/{rel}","templated":true}]}}