{"id":8049,"date":"2024-11-12T14:11:18","date_gmt":"2024-11-12T13:11:18","guid":{"rendered":"https:\/\/tangerineretreat.com\/?page_id=8049"},"modified":"2025-10-20T17:11:13","modified_gmt":"2025-10-20T15:11:13","slug":"inscription-live","status":"publish","type":"page","link":"https:\/\/tangerineretreat.com\/fr\/inscription-live\/","title":{"rendered":"Inscription au podcast live"},"content":{"rendered":"[vc_row full_width=&#8221;stretch_row&#8221; css=&#8221;.vc_custom_1744122380433{background-color: #f6f6f6 !important;}&#8221;][vc_column][vc_empty_space][vc_single_image image=&#8221;10791&#8243; img_size=&#8221;full&#8221; alignment=&#8221;center&#8221;][vc_empty_space][\/vc_column][\/vc_row][vc_row][vc_column][vc_empty_space][vc_column_text]\n<p class=\"popupHeader\"><i class=\"fa fa-comments\"><\/i> Pr\u00e9sentation vid\u00e9o en direct<br \/>\n<small>Vous souhaitez assister \u00e0 nos directs ? Entrez votre adresse email pour vous inscrire !<\/small><\/p>\n[\/vc_column_text][\/vc_column][\/vc_row][vc_row][vc_column width=&#8221;2\/3&#8243;]<script type=\"text\/javascript\">var gform;gform||(document.addEventListener(\"gform_main_scripts_loaded\",function(){gform.scriptsLoaded=!0}),window.addEventListener(\"DOMContentLoaded\",function(){gform.domLoaded=!0}),gform={domLoaded:!1,scriptsLoaded:!1,initializeOnLoaded:function(o){gform.domLoaded&&gform.scriptsLoaded?o():!gform.domLoaded&&gform.scriptsLoaded?window.addEventListener(\"DOMContentLoaded\",o):document.addEventListener(\"gform_main_scripts_loaded\",o)},hooks:{action:{},filter:{}},addAction:function(o,n,r,t){gform.addHook(\"action\",o,n,r,t)},addFilter:function(o,n,r,t){gform.addHook(\"filter\",o,n,r,t)},doAction:function(o){gform.doHook(\"action\",o,arguments)},applyFilters:function(o){return gform.doHook(\"filter\",o,arguments)},removeAction:function(o,n){gform.removeHook(\"action\",o,n)},removeFilter:function(o,n,r){gform.removeHook(\"filter\",o,n,r)},addHook:function(o,n,r,t,i){null==gform.hooks[o][n]&&(gform.hooks[o][n]=[]);var e=gform.hooks[o][n];null==i&&(i=n+\"_\"+e.length),gform.hooks[o][n].push({tag:i,callable:r,priority:t=null==t?10:t})},doHook:function(n,o,r){var t;if(r=Array.prototype.slice.call(r,1),null!=gform.hooks[n][o]&&((o=gform.hooks[n][o]).sort(function(o,n){return o.priority-n.priority}),o.forEach(function(o){\"function\"!=typeof(t=o.callable)&&(t=window[t]),\"action\"==n?t.apply(null,r):r[0]=t.apply(null,r)})),\"filter\"==n)return r[0]},removeHook:function(o,n,t,i){var r;null!=gform.hooks[o][n]&&(r=(r=gform.hooks[o][n]).filter(function(o,n,r){return!!(null!=i&&i!=o.tag||null!=t&&t!=o.priority)}),gform.hooks[o][n]=r)}});<\/script>\n                <div class='gf_browser_gecko gform_wrapper gravity-theme gform-theme--no-framework' data-form-theme='gravity-theme' data-form-index='0' id='gform_wrapper_18' style='display:none'>\n                        <div class='gform_heading'>\n\t\t\t\t\t\t\t<p class='gform_required_legend'>\u00ab\u00a0<span class=\"gfield_required gfield_required_asterisk\">*<\/span>\u00a0\u00bb indique les champs n\u00e9cessaires<\/p>\n                        <\/div><form method='post' enctype='multipart\/form-data'  id='gform_18'  action='\/fr\/wp-json\/wp\/v2\/pages\/8049' data-formid='18' novalidate>\n                        <div class='gform-body gform_body'><div id='gform_fields_18' class='gform_fields top_label form_sublabel_below description_below'><div id=\"field_18_4\"  class=\"gfield gfield--type-hidden gfield--width-full gform_hidden field_sublabel_below gfield--no-description field_description_below gfield_visibility_visible\"  data-js-reload=\"field_18_4\"><div class='ginput_container ginput_container_text'><input name='input_4' id='input_18_4' type='hidden' class='gform_hidden'  aria-invalid=\"false\" value='Mercredi 15 avril 2026' \/><\/div><\/div><div id=\"field_18_10\"  class=\"gfield gfield--type-hidden gfield--width-full gform_hidden field_sublabel_below gfield--no-description field_description_below gfield_visibility_visible\"  data-js-reload=\"field_18_10\"><div class='ginput_container ginput_container_text'><input name='input_10' id='input_18_10' type='hidden' class='gform_hidden'  aria-invalid=\"false\" value='Mercredi 15 avril 2026' \/><\/div><\/div><div id=\"field_18_11\"  class=\"gfield gfield--type-hidden gfield--width-full gform_hidden field_sublabel_below gfield--no-description field_description_below gfield_visibility_visible\"  data-js-reload=\"field_18_11\"><div class='ginput_container ginput_container_text'><input name='input_11' id='input_18_11' type='hidden' class='gform_hidden'  aria-invalid=\"false\" value='Psilocybine et d\u00e9pression : ce que la science montre et ce qu\u2019elle ne promet pas' \/><\/div><\/div><div id=\"field_18_5\"  class=\"gfield gfield--type-hidden gfield--width-full gform_hidden field_sublabel_below gfield--no-description field_description_below gfield_visibility_visible\"  data-js-reload=\"field_18_5\"><div class='ginput_container ginput_container_text'><input name='input_5' id='input_18_5' type='hidden' class='gform_hidden'  aria-invalid=\"false\" value='FR' \/><\/div><\/div><div id=\"field_18_6\"  class=\"gfield gfield--type-hidden gfield--width-full gform_hidden field_sublabel_below gfield--no-description field_description_below gfield_visibility_visible\"  data-js-reload=\"field_18_6\"><div class='ginput_container ginput_container_text'><input name='input_6' id='input_18_6' type='hidden' class='gform_hidden'  aria-invalid=\"false\" value='live' \/><\/div><\/div><div id=\"field_18_8\"  class=\"gfield gfield--type-html gfield--width-full gfield_html gfield_html_formatted gfield_no_follows_desc field_sublabel_below gfield--no-description field_description_below gfield_visibility_visible\"  data-js-reload=\"field_18_8\"><p class=\"popupTitle\">Psilocybine et d\u00e9pression : ce que la science montre et ce qu\u2019elle ne promet pas<\/p>\n<p class=\"popupDate\">Mercredi 15 avril 2026<br \/><small>De  20h \u00e0 21h<\/small><\/p><\/div><div id=\"field_18_1\"  class=\"gfield gfield--type-email gfield_contains_required field_sublabel_below gfield--no-description field_description_below hidden_label gfield_visibility_visible\"  data-js-reload=\"field_18_1\"><label class='gfield_label gform-field-label' for='input_18_1' >Email<span class=\"gfield_required\"><span class=\"gfield_required gfield_required_asterisk\">*<\/span><\/span><\/label><div class='ginput_container ginput_container_email'>\n                            <input name='input_1' id='input_18_1' type='email' value='' class='large'   placeholder='email' aria-required=\"true\" aria-invalid=\"false\"  \/>\n                        <\/div><\/div><div id=\"field_18_9\"  class=\"gfield gfield--type-hidden gfield--width-full gform_hidden field_sublabel_below gfield--no-description field_description_below gfield_visibility_visible\"  data-js-reload=\"field_18_9\"><div class='ginput_container ginput_container_text'><input name='input_9' id='input_18_9' type='hidden' class='gform_hidden'  aria-invalid=\"false\" value='yes' \/><\/div><\/div><fieldset id=\"field_18_3\"  class=\"gfield gfield--type-checkbox gfield--type-choice gfield--width-full gfield_contains_required field_sublabel_below gfield--no-description field_description_below hidden_label gfield_visibility_visible\"  data-js-reload=\"field_18_3\"><legend class='gfield_label gform-field-label gfield_label_before_complex'  >Consentement<span class=\"gfield_required\"><span class=\"gfield_required gfield_required_asterisk\">*<\/span><\/span><\/legend><div class='ginput_container ginput_container_checkbox'><div class='gfield_checkbox' id='input_18_3'><div class='gchoice gchoice_18_3_1'>\n\t\t\t\t\t\t\t\t<input class='gfield-choice-input' name='input_3.1' type='checkbox'  value='J&#039;accepte l&#039;utilisation de mes donn\u00e9es par Tangerine Retreat \u00e0 des fins informatives et commerciales.'  id='choice_18_3_1'   \/>\n\t\t\t\t\t\t\t\t<label for='choice_18_3_1' id='label_18_3_1' class='gform-field-label gform-field-label--type-inline'>J'accepte l'utilisation de mes donn\u00e9es par Tangerine Retreat \u00e0 des fins informatives et commerciales.<\/label>\n\t\t\t\t\t\t\t<\/div><\/div><\/div><\/fieldset><div id=\"field_18_7\"  class=\"gfield gfield--type-captcha gfield--width-full field_sublabel_below gfield--no-description field_description_below hidden_label gfield_visibility_visible\"  data-js-reload=\"field_18_7\"><label class='gfield_label gform-field-label' for='input_18_7' >CAPTCHA<\/label><div id='input_18_7' class='ginput_container ginput_recaptcha' data-sitekey='6LcuCNAqAAAAAGFb6goQEqKukL6mt1v7GXsx7dfM'  data-theme='light' data-tabindex='-1' data-size='invisible' data-badge='bottomright'><\/div><\/div><\/div><\/div>\n        <div class='gform_footer top_label'> <input type='submit' id='gform_submit_button_18' class='gform_button button' value='Demander une invitation'  onclick='if(window[\"gf_submitting_18\"]){return false;}  if( !jQuery(\"#gform_18\")[0].checkValidity || jQuery(\"#gform_18\")[0].checkValidity()){window[\"gf_submitting_18\"]=true;}  ' onkeypress='if( event.keyCode == 13 ){ if(window[\"gf_submitting_18\"]){return false;} if( !jQuery(\"#gform_18\")[0].checkValidity || jQuery(\"#gform_18\")[0].checkValidity()){window[\"gf_submitting_18\"]=true;}  jQuery(\"#gform_18\").trigger(\"submit\",[true]); }' \/> \n            <input type='hidden' class='gform_hidden' name='is_submit_18' value='1' \/>\n            <input type='hidden' class='gform_hidden' name='gform_submit' value='18' \/>\n            \n            <input type='hidden' class='gform_hidden' name='gform_unique_id' value='' \/>\n            <input type='hidden' class='gform_hidden' name='state_18' value='WyJ7XCIzLjFcIjpcIjJiNjM5YWIyYzc3MTRiYjgzMjE3YWIyYTNmY2E5YTQwXCJ9IiwiM2FmNmYxMDVlYmYyOTlhZDVlNDg1ZmUyZDBjNGEzNzkiXQ==' \/>\n            <input type='hidden' class='gform_hidden' name='gform_target_page_number_18' id='gform_target_page_number_18' value='0' \/>\n            <input type='hidden' class='gform_hidden' name='gform_source_page_number_18' id='gform_source_page_number_18' value='1' \/>\n            <input type='hidden' name='gform_field_values' value='' \/>\n            \n        <\/div>\n                        <\/form>\n                        <\/div><script type=\"text\/javascript\">\n\/* <![CDATA[ *\/\n gform.initializeOnLoaded( function() {gformInitSpinner( 18, 'https:\/\/tangerineretreat.com\/wp-content\/plugins\/gravityforms\/images\/spinner.svg', true );jQuery('#gform_ajax_frame_18').on('load',function(){var contents = jQuery(this).contents().find('*').html();var is_postback = contents.indexOf('GF_AJAX_POSTBACK') >= 0;if(!is_postback){return;}var form_content = jQuery(this).contents().find('#gform_wrapper_18');var is_confirmation = jQuery(this).contents().find('#gform_confirmation_wrapper_18').length > 0;var is_redirect = contents.indexOf('gformRedirect(){') >= 0;var is_form = form_content.length > 0 && ! is_redirect && ! is_confirmation;var mt = parseInt(jQuery('html').css('margin-top'), 10) + parseInt(jQuery('body').css('margin-top'), 10) + 100;if(is_form){jQuery('#gform_wrapper_18').html(form_content.html());if(form_content.hasClass('gform_validation_error')){jQuery('#gform_wrapper_18').addClass('gform_validation_error');} else {jQuery('#gform_wrapper_18').removeClass('gform_validation_error');}setTimeout( function() { \/* delay the scroll by 50 milliseconds to fix a bug in chrome *\/  }, 50 );if(window['gformInitDatepicker']) {gformInitDatepicker();}if(window['gformInitPriceFields']) {gformInitPriceFields();}var current_page = jQuery('#gform_source_page_number_18').val();gformInitSpinner( 18, 'https:\/\/tangerineretreat.com\/wp-content\/plugins\/gravityforms\/images\/spinner.svg', true );jQuery(document).trigger('gform_page_loaded', [18, current_page]);window['gf_submitting_18'] = false;}else if(!is_redirect){var confirmation_content = jQuery(this).contents().find('.GF_AJAX_POSTBACK').html();if(!confirmation_content){confirmation_content = contents;}setTimeout(function(){jQuery('#gform_wrapper_18').replaceWith(confirmation_content);jQuery(document).trigger('gform_confirmation_loaded', [18]);window['gf_submitting_18'] = false;wp.a11y.speak(jQuery('#gform_confirmation_message_18').text());}, 50);}else{jQuery('#gform_18').append(contents);if(window['gformRedirect']) {gformRedirect();}}jQuery(document).trigger('gform_post_render', [18, current_page]);} );} ); \n\/* ]]> *\/\n<\/script>\n[vc_empty_space][vc_column_text]<small>Si vous ne d\u00e9sirez pas appara\u00eetre, vous serez libre de couper votre cam\u00e9ra et votre micro au cours de la r\u00e9union. Vous pouvez aussi changer votre nom dans les param\u00e8tres Google Meet au moment de votre connexion pour \u00eatre totalement anonyme.<\/small>[\/vc_column_text][\/vc_column][vc_column width=&#8221;1\/3&#8243;][vc_empty_space][vc_column_text css=&#8221;.vc_custom_1748007039802{padding-top: 20px !important;padding-bottom: 20px !important;}&#8221;]\n<p style=\"text-align: left;\"><strong>Installez vous confortablement et venez \u00e9couter notre podcast live le Mercredi 15 avril 2026<\/strong><br \/>\nDe  20h \u00e0 21h.<\/p>\n<p><small>Dur\u00e9e : 60 \u00e0 75 minutes<\/small><\/p>\n<p>Vous recevrez un lien Google Meet le jour de l&#8217;\u00e9v\u00e9nement.[\/vc_column_text][\/vc_column][\/vc_row]\n","protected":false},"excerpt":{"rendered":"<p>[vc_row full_width=&#8221;stretch_row&#8221; css=&#8221;.vc_custom_1744122380433{background-color: #f6f6f6 !important;}&#8221;][vc_column][vc_empty_space][vc_single_image image=&#8221;10791&#8243; img_size=&#8221;full&#8221; alignment=&#8221;center&#8221;][vc_empty_space][\/vc_column][\/vc_row][vc_row][vc_column][vc_empty_space][vc_column_text] Pr\u00e9sentation vid\u00e9o en direct Vous souhaitez assister \u00e0 nos directs ? Entrez votre adresse email pour vous inscrire ! [\/vc_column_text][\/vc_column][\/vc_row][vc_row][vc_column width=&#8221;2\/3&#8243;][vc_empty_space][vc_column_text]Si vous ne d\u00e9sirez pas appara\u00eetre, vous serez libre de couper votre cam\u00e9ra et votre micro au cours de la r\u00e9union. Vous pouvez aussi changer votre nom [&hellip;]<\/p>\n","protected":false},"author":1,"featured_media":0,"parent":0,"menu_order":0,"comment_status":"closed","ping_status":"closed","template":"page.php","meta":{"iawp_total_views":498,"footnotes":""},"class_list":["post-8049","page","type-page","status-publish","hentry"],"yoast_head":"<!-- This site is optimized with the Yoast SEO plugin v27.3 - https:\/\/yoast.com\/product\/yoast-seo-wordpress\/ -->\n<title>Webinaire Live avec Tangerine Retreat<\/title>\n<meta name=\"description\" content=\"Participez \u00e0 notre direct en pr\u00e9sence d&#039;un de nos facilitateurs et posez toutes vos questions sur la psilocybine et ses effets.\" \/>\n<meta name=\"robots\" content=\"index, follow, max-snippet:-1, max-image-preview:large, max-video-preview:-1\" \/>\n<link rel=\"canonical\" href=\"https:\/\/tangerineretreat.com\/fr\/inscription-live\/\" \/>\n<meta property=\"og:locale\" content=\"fr_FR\" \/>\n<meta property=\"og:type\" content=\"article\" \/>\n<meta property=\"og:title\" content=\"Webinaire Live avec Tangerine Retreat\" \/>\n<meta property=\"og:description\" content=\"Participez \u00e0 notre direct en pr\u00e9sence d&#039;un de nos facilitateurs et posez toutes vos questions sur la psilocybine et ses effets.\" \/>\n<meta property=\"og:url\" content=\"https:\/\/tangerineretreat.com\/fr\/inscription-live\/\" \/>\n<meta property=\"og:site_name\" content=\"Tangerine Retreat\" \/>\n<meta property=\"article:modified_time\" content=\"2025-10-20T15:11:13+00:00\" \/>\n<meta property=\"og:image\" content=\"https:\/\/tangerineretreat.com\/wp-content\/uploads\/logo-carre.png\" \/>\n\t<meta property=\"og:image:width\" content=\"1125\" \/>\n\t<meta property=\"og:image:height\" content=\"1125\" \/>\n\t<meta property=\"og:image:type\" content=\"image\/png\" \/>\n<meta name=\"twitter:card\" content=\"summary_large_image\" \/>\n<script type=\"application\/ld+json\" class=\"yoast-schema-graph\">{\"@context\":\"https:\\\/\\\/schema.org\",\"@graph\":[{\"@type\":\"WebPage\",\"@id\":\"https:\\\/\\\/tangerineretreat.com\\\/fr\\\/inscription-live\\\/\",\"url\":\"https:\\\/\\\/tangerineretreat.com\\\/fr\\\/inscription-live\\\/\",\"name\":\"Webinaire Live avec Tangerine Retreat\",\"isPartOf\":{\"@id\":\"https:\\\/\\\/tangerineretreat.com\\\/fr\\\/#website\"},\"datePublished\":\"2024-11-12T13:11:18+00:00\",\"dateModified\":\"2025-10-20T15:11:13+00:00\",\"description\":\"Participez \u00e0 notre direct en pr\u00e9sence d'un de nos facilitateurs et posez toutes vos questions sur la psilocybine et ses effets.\",\"breadcrumb\":{\"@id\":\"https:\\\/\\\/tangerineretreat.com\\\/fr\\\/inscription-live\\\/#breadcrumb\"},\"inLanguage\":\"fr-FR\",\"potentialAction\":[{\"@type\":\"ReadAction\",\"target\":[\"https:\\\/\\\/tangerineretreat.com\\\/fr\\\/inscription-live\\\/\"]}]},{\"@type\":\"BreadcrumbList\",\"@id\":\"https:\\\/\\\/tangerineretreat.com\\\/fr\\\/inscription-live\\\/#breadcrumb\",\"itemListElement\":[{\"@type\":\"ListItem\",\"position\":1,\"name\":\"Accueil\",\"item\":\"https:\\\/\\\/tangerineretreat.com\\\/fr\\\/\"},{\"@type\":\"ListItem\",\"position\":2,\"name\":\"Inscription au podcast live\"}]},{\"@type\":\"WebSite\",\"@id\":\"https:\\\/\\\/tangerineretreat.com\\\/fr\\\/#website\",\"url\":\"https:\\\/\\\/tangerineretreat.com\\\/fr\\\/\",\"name\":\"Tangerine Retreat\",\"description\":\"Legal psychedelic retreat in the Netherlands\",\"publisher\":{\"@id\":\"https:\\\/\\\/tangerineretreat.com\\\/fr\\\/#organization\"},\"alternateName\":\"Tangerine Psychedelic Institute\",\"potentialAction\":[{\"@type\":\"SearchAction\",\"target\":{\"@type\":\"EntryPoint\",\"urlTemplate\":\"https:\\\/\\\/tangerineretreat.com\\\/fr\\\/?s={search_term_string}\"},\"query-input\":{\"@type\":\"PropertyValueSpecification\",\"valueRequired\":true,\"valueName\":\"search_term_string\"}}],\"inLanguage\":\"fr-FR\"},{\"@type\":\"Organization\",\"@id\":\"https:\\\/\\\/tangerineretreat.com\\\/fr\\\/#organization\",\"name\":\"Tangerine Retreat\",\"url\":\"https:\\\/\\\/tangerineretreat.com\\\/fr\\\/\",\"logo\":{\"@type\":\"ImageObject\",\"inLanguage\":\"fr-FR\",\"@id\":\"https:\\\/\\\/tangerineretreat.com\\\/fr\\\/#\\\/schema\\\/logo\\\/image\\\/\",\"url\":\"https:\\\/\\\/tangerineretreat.com\\\/wp-content\\\/uploads\\\/tangerine-retreat-logo-4.png\",\"contentUrl\":\"https:\\\/\\\/tangerineretreat.com\\\/wp-content\\\/uploads\\\/tangerine-retreat-logo-4.png\",\"width\":185,\"height\":50,\"caption\":\"Tangerine Retreat\"},\"image\":{\"@id\":\"https:\\\/\\\/tangerineretreat.com\\\/fr\\\/#\\\/schema\\\/logo\\\/image\\\/\"}}]}<\/script>\n<!-- \/ Yoast SEO plugin. -->","yoast_head_json":{"title":"Webinaire Live avec Tangerine Retreat","description":"Participez \u00e0 notre direct en pr\u00e9sence d'un de nos facilitateurs et posez toutes vos questions sur la psilocybine et ses effets.","robots":{"index":"index","follow":"follow","max-snippet":"max-snippet:-1","max-image-preview":"max-image-preview:large","max-video-preview":"max-video-preview:-1"},"canonical":"https:\/\/tangerineretreat.com\/fr\/inscription-live\/","og_locale":"fr_FR","og_type":"article","og_title":"Webinaire Live avec Tangerine Retreat","og_description":"Participez \u00e0 notre direct en pr\u00e9sence d'un de nos facilitateurs et posez toutes vos questions sur la psilocybine et ses effets.","og_url":"https:\/\/tangerineretreat.com\/fr\/inscription-live\/","og_site_name":"Tangerine Retreat","article_modified_time":"2025-10-20T15:11:13+00:00","og_image":[{"width":1125,"height":1125,"url":"https:\/\/tangerineretreat.com\/wp-content\/uploads\/logo-carre.png","type":"image\/png"}],"twitter_card":"summary_large_image","schema":{"@context":"https:\/\/schema.org","@graph":[{"@type":"WebPage","@id":"https:\/\/tangerineretreat.com\/fr\/inscription-live\/","url":"https:\/\/tangerineretreat.com\/fr\/inscription-live\/","name":"Webinaire Live avec Tangerine Retreat","isPartOf":{"@id":"https:\/\/tangerineretreat.com\/fr\/#website"},"datePublished":"2024-11-12T13:11:18+00:00","dateModified":"2025-10-20T15:11:13+00:00","description":"Participez \u00e0 notre direct en pr\u00e9sence d'un de nos facilitateurs et posez toutes vos questions sur la psilocybine et ses effets.","breadcrumb":{"@id":"https:\/\/tangerineretreat.com\/fr\/inscription-live\/#breadcrumb"},"inLanguage":"fr-FR","potentialAction":[{"@type":"ReadAction","target":["https:\/\/tangerineretreat.com\/fr\/inscription-live\/"]}]},{"@type":"BreadcrumbList","@id":"https:\/\/tangerineretreat.com\/fr\/inscription-live\/#breadcrumb","itemListElement":[{"@type":"ListItem","position":1,"name":"Accueil","item":"https:\/\/tangerineretreat.com\/fr\/"},{"@type":"ListItem","position":2,"name":"Inscription au podcast live"}]},{"@type":"WebSite","@id":"https:\/\/tangerineretreat.com\/fr\/#website","url":"https:\/\/tangerineretreat.com\/fr\/","name":"Tangerine Retreat","description":"Legal psychedelic retreat in the Netherlands","publisher":{"@id":"https:\/\/tangerineretreat.com\/fr\/#organization"},"alternateName":"Tangerine Psychedelic Institute","potentialAction":[{"@type":"SearchAction","target":{"@type":"EntryPoint","urlTemplate":"https:\/\/tangerineretreat.com\/fr\/?s={search_term_string}"},"query-input":{"@type":"PropertyValueSpecification","valueRequired":true,"valueName":"search_term_string"}}],"inLanguage":"fr-FR"},{"@type":"Organization","@id":"https:\/\/tangerineretreat.com\/fr\/#organization","name":"Tangerine Retreat","url":"https:\/\/tangerineretreat.com\/fr\/","logo":{"@type":"ImageObject","inLanguage":"fr-FR","@id":"https:\/\/tangerineretreat.com\/fr\/#\/schema\/logo\/image\/","url":"https:\/\/tangerineretreat.com\/wp-content\/uploads\/tangerine-retreat-logo-4.png","contentUrl":"https:\/\/tangerineretreat.com\/wp-content\/uploads\/tangerine-retreat-logo-4.png","width":185,"height":50,"caption":"Tangerine Retreat"},"image":{"@id":"https:\/\/tangerineretreat.com\/fr\/#\/schema\/logo\/image\/"}}]}},"_links":{"self":[{"href":"https:\/\/tangerineretreat.com\/fr\/wp-json\/wp\/v2\/pages\/8049","targetHints":{"allow":["GET"]}}],"collection":[{"href":"https:\/\/tangerineretreat.com\/fr\/wp-json\/wp\/v2\/pages"}],"about":[{"href":"https:\/\/tangerineretreat.com\/fr\/wp-json\/wp\/v2\/types\/page"}],"author":[{"embeddable":true,"href":"https:\/\/tangerineretreat.com\/fr\/wp-json\/wp\/v2\/users\/1"}],"replies":[{"embeddable":true,"href":"https:\/\/tangerineretreat.com\/fr\/wp-json\/wp\/v2\/comments?post=8049"}],"version-history":[{"count":0,"href":"https:\/\/tangerineretreat.com\/fr\/wp-json\/wp\/v2\/pages\/8049\/revisions"}],"wp:attachment":[{"href":"https:\/\/tangerineretreat.com\/fr\/wp-json\/wp\/v2\/media?parent=8049"}],"curies":[{"name":"wp","href":"https:\/\/api.w.org\/{rel}","templated":true}]}}