{"id":6928,"date":"2023-07-09T13:10:40","date_gmt":"2023-07-09T11:10:40","guid":{"rendered":"https:\/\/tangerineretreat.com\/book-information-call\/"},"modified":"2024-08-28T17:37:33","modified_gmt":"2024-08-28T15:37:33","slug":"rdv-telephonique","status":"publish","type":"page","link":"https:\/\/tangerineretreat.com\/fr\/rdv-telephonique\/","title":{"rendered":"Rendez-vous t\u00e9l\u00e9phonique"},"content":{"rendered":"[vc_row css=&#8221;.vc_custom_1688906049592{margin-top: 30px !important;margin-bottom: 20px !important;}&#8221;][vc_column width=&#8221;1\/6&#8243;][\/vc_column][vc_column width=&#8221;2\/3&#8243;][vc_column_text]\r\n<p class=\"superTitre\" style=\"text-align: center;\">Besoin de parler \u00e0 quelqu&#8217;un avant de vous lancer ?<\/p>\r\n<p style=\"text-align: center;\">Choisissez le jour et l&#8217;heure et b\u00e9n\u00e9ficiez d&#8217;un entretien t\u00e9l\u00e9phonique gratuit et personnalis\u00e9 en fran\u00e7ais. Vous pourrez poser toutes vos questions sur la psilocybine ou les retraites Tangerine.<\/p>\r\n[\/vc_column_text][\/vc_column][vc_column width=&#8221;1\/6&#8243;][\/vc_column][\/vc_row][vc_row css=&#8221;.vc_custom_1689948493775{border-bottom-width: 100px !important;}&#8221;][vc_column][vc_column_text]\r\n<div class=\"row\" id=\"booking\"><div class=\"col-md-12\"><p class=\"mega\"><i class=\"fa fa-comments\"><\/i> On en parle ?<\/p><\/div>\n\t\t\t\t<div class='col-md-6 rdv'><p>Prenez un rendez-vous d\u2019information gratuit et en fran\u00e7ais avec l\u2019un de nos facilitateurs.<\/p>\n\t\t\t<\/div><div class='col-md-6'><!-- Calendly link widget begin -->\n\t\t\t<link href=\"https:\/\/assets.calendly.com\/assets\/external\/widget.css\" rel=\"stylesheet\">\n\t\t\t<script src=\"https:\/\/assets.calendly.com\/assets\/external\/widget.js\" type=\"text\/javascript\" async><\/script>\n\t\t\t<a href=\"\" onclick=\"Calendly.initPopupWidget({url: 'https:\/\/calendly.com\/d\/cmtz-6mk-ng8\/contact-avec-tangerine-retreat-fr?primary_color=eb7f44'});return false;\"><i class=\"fa fa-phone\"><\/i>  Prendre un rendez-vous<\/a>\n\t\t\t<!-- Calendly link widget end --><\/div><\/div>\n[\/vc_column_text][\/vc_column][\/vc_row]\n","protected":false},"excerpt":{"rendered":"<p>[vc_row css=&#8221;.vc_custom_1688906049592{margin-top: 30px !important;margin-bottom: 20px !important;}&#8221;][vc_column width=&#8221;1\/6&#8243;][\/vc_column][vc_column width=&#8221;2\/3&#8243;][vc_column_text] Besoin de parler \u00e0 quelqu&#8217;un avant de vous lancer ? Choisissez le jour et l&#8217;heure et b\u00e9n\u00e9ficiez d&#8217;un entretien t\u00e9l\u00e9phonique gratuit et personnalis\u00e9 en fran\u00e7ais. Vous pourrez poser toutes vos questions sur la psilocybine ou les retraites Tangerine. [\/vc_column_text][\/vc_column][vc_column width=&#8221;1\/6&#8243;][\/vc_column][\/vc_row][vc_row css=&#8221;.vc_custom_1689948493775{border-bottom-width: 100px !important;}&#8221;][vc_column][vc_column_text]<\/p>\n","protected":false},"author":1,"featured_media":0,"parent":0,"menu_order":0,"comment_status":"closed","ping_status":"closed","template":"one-page-template.php","meta":{"iawp_total_views":317,"footnotes":""},"class_list":["post-6928","page","type-page","status-publish","hentry"],"yoast_head":"<!-- This site is optimized with the Yoast SEO plugin v27.4 - https:\/\/yoast.com\/product\/yoast-seo-wordpress\/ -->\n<title>Rendez-vous d&#039;information Tangerine Retreat<\/title>\n<meta name=\"description\" content=\"R\u00e9servez un cr\u00e9neau pour obtenir un rendez-vous t\u00e9l\u00e9phonique avec l&#039;un des membres de l&#039;\u00e9quipe Tangerine Retreat\" \/>\n<meta name=\"robots\" content=\"noindex, follow\" \/>\n<meta property=\"og:locale\" content=\"fr_FR\" \/>\n<meta property=\"og:type\" content=\"article\" \/>\n<meta property=\"og:title\" content=\"Rendez-vous d&#039;information Tangerine Retreat\" \/>\n<meta property=\"og:description\" content=\"R\u00e9servez un cr\u00e9neau pour obtenir un rendez-vous t\u00e9l\u00e9phonique avec l&#039;un des membres de l&#039;\u00e9quipe Tangerine Retreat\" \/>\n<meta property=\"og:url\" content=\"https:\/\/tangerineretreat.com\/fr\/rdv-telephonique\/\" \/>\n<meta property=\"og:site_name\" content=\"Tangerine Retreat\" \/>\n<meta property=\"article:modified_time\" content=\"2024-08-28T15:37:33+00:00\" \/>\n<meta property=\"og:image\" content=\"https:\/\/tangerineretreat.com\/wp-content\/uploads\/logo-carre.png\" \/>\n\t<meta property=\"og:image:width\" content=\"1125\" \/>\n\t<meta property=\"og:image:height\" content=\"1125\" \/>\n\t<meta property=\"og:image:type\" content=\"image\/png\" \/>\n<meta name=\"twitter:card\" content=\"summary_large_image\" \/>\n<script type=\"application\/ld+json\" class=\"yoast-schema-graph\">{\"@context\":\"https:\\\/\\\/schema.org\",\"@graph\":[{\"@type\":\"WebPage\",\"@id\":\"https:\\\/\\\/tangerineretreat.com\\\/fr\\\/rdv-telephonique\\\/\",\"url\":\"https:\\\/\\\/tangerineretreat.com\\\/fr\\\/rdv-telephonique\\\/\",\"name\":\"Rendez-vous d'information Tangerine Retreat\",\"isPartOf\":{\"@id\":\"https:\\\/\\\/tangerineretreat.com\\\/fr\\\/#website\"},\"datePublished\":\"2023-07-09T11:10:40+00:00\",\"dateModified\":\"2024-08-28T15:37:33+00:00\",\"description\":\"R\u00e9servez un cr\u00e9neau pour obtenir un rendez-vous t\u00e9l\u00e9phonique avec l'un des membres de l'\u00e9quipe Tangerine Retreat\",\"breadcrumb\":{\"@id\":\"https:\\\/\\\/tangerineretreat.com\\\/fr\\\/rdv-telephonique\\\/#breadcrumb\"},\"inLanguage\":\"fr-FR\",\"potentialAction\":[{\"@type\":\"ReadAction\",\"target\":[\"https:\\\/\\\/tangerineretreat.com\\\/fr\\\/rdv-telephonique\\\/\"]}]},{\"@type\":\"BreadcrumbList\",\"@id\":\"https:\\\/\\\/tangerineretreat.com\\\/fr\\\/rdv-telephonique\\\/#breadcrumb\",\"itemListElement\":[{\"@type\":\"ListItem\",\"position\":1,\"name\":\"Accueil\",\"item\":\"https:\\\/\\\/tangerineretreat.com\\\/fr\\\/\"},{\"@type\":\"ListItem\",\"position\":2,\"name\":\"Rendez-vous t\u00e9l\u00e9phonique\"}]},{\"@type\":\"WebSite\",\"@id\":\"https:\\\/\\\/tangerineretreat.com\\\/fr\\\/#website\",\"url\":\"https:\\\/\\\/tangerineretreat.com\\\/fr\\\/\",\"name\":\"Tangerine Retreat\",\"description\":\"Legal psychedelic retreat in the Netherlands\",\"publisher\":{\"@id\":\"https:\\\/\\\/tangerineretreat.com\\\/fr\\\/#organization\"},\"alternateName\":\"Tangerine Psychedelic Institute\",\"potentialAction\":[{\"@type\":\"SearchAction\",\"target\":{\"@type\":\"EntryPoint\",\"urlTemplate\":\"https:\\\/\\\/tangerineretreat.com\\\/fr\\\/?s={search_term_string}\"},\"query-input\":{\"@type\":\"PropertyValueSpecification\",\"valueRequired\":true,\"valueName\":\"search_term_string\"}}],\"inLanguage\":\"fr-FR\"},{\"@type\":\"Organization\",\"@id\":\"https:\\\/\\\/tangerineretreat.com\\\/fr\\\/#organization\",\"name\":\"Tangerine Retreat\",\"url\":\"https:\\\/\\\/tangerineretreat.com\\\/fr\\\/\",\"logo\":{\"@type\":\"ImageObject\",\"inLanguage\":\"fr-FR\",\"@id\":\"https:\\\/\\\/tangerineretreat.com\\\/fr\\\/#\\\/schema\\\/logo\\\/image\\\/\",\"url\":\"https:\\\/\\\/tangerineretreat.com\\\/wp-content\\\/uploads\\\/tangerine-retreat-logo-4.png\",\"contentUrl\":\"https:\\\/\\\/tangerineretreat.com\\\/wp-content\\\/uploads\\\/tangerine-retreat-logo-4.png\",\"width\":185,\"height\":50,\"caption\":\"Tangerine Retreat\"},\"image\":{\"@id\":\"https:\\\/\\\/tangerineretreat.com\\\/fr\\\/#\\\/schema\\\/logo\\\/image\\\/\"}}]}<\/script>\n<!-- \/ Yoast SEO plugin. -->","yoast_head_json":{"title":"Rendez-vous d'information Tangerine Retreat","description":"R\u00e9servez un cr\u00e9neau pour obtenir un rendez-vous t\u00e9l\u00e9phonique avec l'un des membres de l'\u00e9quipe Tangerine Retreat","robots":{"index":"noindex","follow":"follow"},"og_locale":"fr_FR","og_type":"article","og_title":"Rendez-vous d'information Tangerine Retreat","og_description":"R\u00e9servez un cr\u00e9neau pour obtenir un rendez-vous t\u00e9l\u00e9phonique avec l'un des membres de l'\u00e9quipe Tangerine Retreat","og_url":"https:\/\/tangerineretreat.com\/fr\/rdv-telephonique\/","og_site_name":"Tangerine Retreat","article_modified_time":"2024-08-28T15:37:33+00:00","og_image":[{"width":1125,"height":1125,"url":"https:\/\/tangerineretreat.com\/wp-content\/uploads\/logo-carre.png","type":"image\/png"}],"twitter_card":"summary_large_image","schema":{"@context":"https:\/\/schema.org","@graph":[{"@type":"WebPage","@id":"https:\/\/tangerineretreat.com\/fr\/rdv-telephonique\/","url":"https:\/\/tangerineretreat.com\/fr\/rdv-telephonique\/","name":"Rendez-vous d'information Tangerine Retreat","isPartOf":{"@id":"https:\/\/tangerineretreat.com\/fr\/#website"},"datePublished":"2023-07-09T11:10:40+00:00","dateModified":"2024-08-28T15:37:33+00:00","description":"R\u00e9servez un cr\u00e9neau pour obtenir un rendez-vous t\u00e9l\u00e9phonique avec l'un des membres de l'\u00e9quipe Tangerine Retreat","breadcrumb":{"@id":"https:\/\/tangerineretreat.com\/fr\/rdv-telephonique\/#breadcrumb"},"inLanguage":"fr-FR","potentialAction":[{"@type":"ReadAction","target":["https:\/\/tangerineretreat.com\/fr\/rdv-telephonique\/"]}]},{"@type":"BreadcrumbList","@id":"https:\/\/tangerineretreat.com\/fr\/rdv-telephonique\/#breadcrumb","itemListElement":[{"@type":"ListItem","position":1,"name":"Accueil","item":"https:\/\/tangerineretreat.com\/fr\/"},{"@type":"ListItem","position":2,"name":"Rendez-vous t\u00e9l\u00e9phonique"}]},{"@type":"WebSite","@id":"https:\/\/tangerineretreat.com\/fr\/#website","url":"https:\/\/tangerineretreat.com\/fr\/","name":"Tangerine Retreat","description":"Legal psychedelic retreat in the Netherlands","publisher":{"@id":"https:\/\/tangerineretreat.com\/fr\/#organization"},"alternateName":"Tangerine Psychedelic Institute","potentialAction":[{"@type":"SearchAction","target":{"@type":"EntryPoint","urlTemplate":"https:\/\/tangerineretreat.com\/fr\/?s={search_term_string}"},"query-input":{"@type":"PropertyValueSpecification","valueRequired":true,"valueName":"search_term_string"}}],"inLanguage":"fr-FR"},{"@type":"Organization","@id":"https:\/\/tangerineretreat.com\/fr\/#organization","name":"Tangerine Retreat","url":"https:\/\/tangerineretreat.com\/fr\/","logo":{"@type":"ImageObject","inLanguage":"fr-FR","@id":"https:\/\/tangerineretreat.com\/fr\/#\/schema\/logo\/image\/","url":"https:\/\/tangerineretreat.com\/wp-content\/uploads\/tangerine-retreat-logo-4.png","contentUrl":"https:\/\/tangerineretreat.com\/wp-content\/uploads\/tangerine-retreat-logo-4.png","width":185,"height":50,"caption":"Tangerine Retreat"},"image":{"@id":"https:\/\/tangerineretreat.com\/fr\/#\/schema\/logo\/image\/"}}]}},"_links":{"self":[{"href":"https:\/\/tangerineretreat.com\/fr\/wp-json\/wp\/v2\/pages\/6928","targetHints":{"allow":["GET"]}}],"collection":[{"href":"https:\/\/tangerineretreat.com\/fr\/wp-json\/wp\/v2\/pages"}],"about":[{"href":"https:\/\/tangerineretreat.com\/fr\/wp-json\/wp\/v2\/types\/page"}],"author":[{"embeddable":true,"href":"https:\/\/tangerineretreat.com\/fr\/wp-json\/wp\/v2\/users\/1"}],"replies":[{"embeddable":true,"href":"https:\/\/tangerineretreat.com\/fr\/wp-json\/wp\/v2\/comments?post=6928"}],"version-history":[{"count":0,"href":"https:\/\/tangerineretreat.com\/fr\/wp-json\/wp\/v2\/pages\/6928\/revisions"}],"wp:attachment":[{"href":"https:\/\/tangerineretreat.com\/fr\/wp-json\/wp\/v2\/media?parent=6928"}],"curies":[{"name":"wp","href":"https:\/\/api.w.org\/{rel}","templated":true}]}}