{"id":5975,"date":"2024-04-18T18:38:10","date_gmt":"2024-04-18T16:38:10","guid":{"rendered":"https:\/\/tangerineretreat.com\/?page_id=5975"},"modified":"2025-10-21T16:48:49","modified_gmt":"2025-10-21T14:48:49","slug":"conditions-generales-affiliation","status":"publish","type":"page","link":"https:\/\/tangerineretreat.com\/fr\/conditions-generales-affiliation\/","title":{"rendered":"Affiliation : Condition G\u00e9n\u00e9rales"},"content":{"rendered":"\n<div class=\"wp-block-group fiche\"><div class=\"wp-block-group__inner-container is-layout-constrained wp-block-group-is-layout-constrained\">\n<p class=\"has-text-align-right directorist-form-label\"><em>Du 18\/04\/2024<\/em> | See <a href=\"https:\/\/tangerineretreat.com\/general-terms-of-affiliation\/\">english version<\/a><\/p>\n\n\n\n<p><strong>Entre : TangerineRetreat.com, ci-apr\u00e8s d\u00e9nomm\u00e9e \u00ab l&#8217;Entreprise \u00bb, et \u00ab l&#8217;Affili\u00e9 \u00bb.<\/strong><\/p>\n\n\n\n<p><strong>Pr\u00e9ambule :<\/strong><\/p>\n\n\n\n<p>L&#8217;Entreprise exploite un site de r\u00e9servation en ligne sp\u00e9cialis\u00e9 dans les retraites de bien-\u00eatre : tangerineretreat.com. L&#8217;Affili\u00e9 souhaite promouvoir les services de l&#8217;Entreprise en \u00e9change d&#8217;une commission sur les ventes r\u00e9alis\u00e9es gr\u00e2ce \u00e0 ses efforts de promotion.<\/p>\n\n\n\n<hr class=\"wp-block-separator has-alpha-channel-opacity\"\/>\n\n\n\n<p><strong>Article 1 : Objet du contrat<\/strong><\/p>\n\n\n\n<p>Ce contrat a pour objet de d\u00e9finir les termes et conditions selon lesquels l&#8217;Affili\u00e9 promouvra les services de l&#8217;Entreprise en \u00e9change d&#8217;une r\u00e9tribution.<\/p>\n\n\n\n<hr class=\"wp-block-separator has-alpha-channel-opacity\"\/>\n\n\n\n<p class=\"has-text-align-left\"><strong>Article 2 : Inscription et validit\u00e9 des Conditions G\u00e9n\u00e9rales d\u2019Affiliation<\/strong><\/p>\n\n\n\n<p>La demande d\u2019inscription de l\u2019affili\u00e9 au programme se fait uniquement sur le site web de l\u2019Entreprise \u00e0 la page <a href=\"https:\/\/tangerineretreat.com\/affiliate-registration\/\">https:\/\/tangerineretreat.com\/affiliate-registration\/<\/a>.<\/p>\n\n\n\n<p>La validation du formulaire d\u2019inscription sur la page susnomm\u00e9e implique l\u2019adh\u00e9sion sans r\u00e9serve aux pr\u00e9sentes Conditions G\u00e9n\u00e9rales d&#8217;Affiliation. Celles-ci commencent \u00e0 s\u2019appliquer d\u00e8s lors que l\u2019Entreprise accepte la candidature de l\u2019Affili\u00e9.<\/p>\n\n\n\n<hr class=\"wp-block-separator has-alpha-channel-opacity\"\/>\n\n\n\n<p><strong>Article 3 : Espace personnel<\/strong><\/p>\n\n\n\n<p>L\u2019affili\u00e9 pourra suivre ses conversions via un espace d\u2019affiliation accessible au moyen de informations saisies lors de son inscription. Cet espace, accessible \u00e0 l\u2019adresse <a href=\"https:\/\/tangerineretreat.com\/affiliate-account\/\">https:\/\/tangerineretreat.com\/affiliate-account\/<\/a> est strictement confidentiel. L\u2019Affili\u00e9 pourra \u00eatre tenu responsable des dommages caus\u00e9s par un tiers \u00e0 qui il aurait communiqu\u00e9 ses identifiants.<\/p>\n\n\n\n<hr class=\"wp-block-separator has-alpha-channel-opacity\"\/>\n\n\n\n<p><strong>Article 4 : R\u00e9tribution de l&#8217;affili\u00e9<\/strong><\/p>\n\n\n\n<p>Le site de l&#8217;Entreprise propose une pr\u00e9-r\u00e9servation gratuite avant \u00e9tude du dossier du prospect. \u00c0 ce stade, le prospect n&#8217;est pas engag\u00e9 et n&#8217;est pas consid\u00e9r\u00e9 comme un client, ce qui n&#8217;entra\u00eene pas le versement de commission. Les commissions sont calcul\u00e9es au moment o\u00f9 les prospects sont transform\u00e9s en client, ce qui signifie qu&#8217;ils ont r\u00e9gl\u00e9 l&#8217;int\u00e9gralit\u00e9 du montant de la prestation choisie.<\/p>\n\n\n\n<p>L&#8217;Affili\u00e9 re\u00e7oit une commission de 100 \u20ac HT sur toutes les ventes r\u00e9alis\u00e9es aupr\u00e8s de clients ayant acc\u00e9d\u00e9 au site de l&#8217;Entreprise via les liens d&#8217;affiliation de l&#8217;Affili\u00e9. Un syst\u00e8me de tracking est mis en place pour une dur\u00e9e de 7 jours, permettant d&#8217;attribuer les ventes \u00e0 l&#8217;Affili\u00e9 lorsque le client acc\u00e8de au site via un de ses liens.<\/p>\n\n\n\n<hr class=\"wp-block-separator has-alpha-channel-opacity\"\/>\n\n\n\n<p><strong>Article 5 : Dur\u00e9e et r\u00e9siliation<\/strong><\/p>\n\n\n\n<p>Le pr\u00e9sent contrat est conclu pour une dur\u00e9e ind\u00e9termin\u00e9e. Chaque partie peut y mettre fin \u00e0 tout moment en notifiant l&#8217;autre partie par \u00e9crit 30 jours \u00e0 l&#8217;avance. En cas de violation des termes du contrat, la partie l\u00e9s\u00e9e peut le r\u00e9silier imm\u00e9diatement et sans pr\u00e9avis.<\/p>\n\n\n\n<hr class=\"wp-block-separator has-alpha-channel-opacity\"\/>\n\n\n\n<p><strong>Article 6 : Conditions de fin d&#8217;affiliation<\/strong><\/p>\n\n\n\n<p>\u00c0 la fin de l&#8217;affiliation, pour quelque raison que ce soit, l&#8217;Affili\u00e9 s&#8217;engage \u00e0 retirer tous les liens d&#8217;affiliation de ses supports promotionnels dans un d\u00e9lai de 7 jours. Les commissions g\u00e9n\u00e9r\u00e9es avant la fin de l&#8217;affiliation restent dues, sous r\u00e9serve des conditions \u00e9nonc\u00e9es dans ce contrat.<\/p>\n\n\n\n<hr class=\"wp-block-separator has-alpha-channel-opacity\"\/>\n\n\n\n<p class=\"has-text-align-left\"><strong>Article 7 : Paiement des commissions<\/strong><\/p>\n\n\n\n<p>Le paiement des commissions est conditionn\u00e9 par le paiement total des prestations par le client. Les commissions sont comptabilis\u00e9es sur le compte de l&#8217;Affili\u00e9 dans un d\u00e9lai de 7 jours suivant la r\u00e9ception du paiement int\u00e9gral des prestations par l&#8217;Entreprise. Le paiement des commissions est effectu\u00e9 sur pr\u00e9sentation d\u2019une facture de l\u2019Affili\u00e9, par virement bancaire. L\u2019Affili\u00e9 ne peut pas pr\u00e9senter plus d\u2019une facture par mois. En cas de remboursement int\u00e9gral ou partiel au client, toute commission per\u00e7ue en rapport avec ce paiement sera d\u00e9duite des paiements futurs de l&#8217;Affili\u00e9 ou, si n\u00e9cessaire, rembours\u00e9e par l&#8217;Affili\u00e9 \u00e0 l&#8217;Entreprise.<\/p>\n\n\n\n<p>Tout client qui viendrait sur le site sans utiliser les liens d&#8217;affiliation personnalis\u00e9s de l&#8217;Affili\u00e9 ne pourra lui \u00eatre affect\u00e9. En cons\u00e9quence, cela n&#8217;entra\u00eenera pas le versement de commission pour de telles visites.<\/p>\n\n\n\n<hr class=\"wp-block-separator has-alpha-channel-opacity\"\/>\n\n\n\n<p><strong>Article 8 : Promotion du site de l\u2019Entreprise<\/strong><\/p>\n\n\n\n<p>Apr\u00e8s acceptation de la candidature de l&#8217;Affili\u00e9 au programme d\u2019affiliation de l\u2019Entreprise, l\u2019Affili\u00e9 s\u2019engage \u00e0 mettre un place au moins un lien hypertexte depuis son propre site web vers celui de l\u2019Entreprise dans un d\u00e9lai de 14 jours.<\/p>\n\n\n\n<p>En l\u2019absence de lien pass\u00e9 ce d\u00e9lai, l\u2019Entreprise pourra fermer le compte de l\u2019Affili\u00e9 et rompre le partenariat.<\/p>\n\n\n\n<hr class=\"wp-block-separator has-alpha-channel-opacity\"\/>\n\n\n\n<p><strong>Article 9 : Communication<\/strong><\/p>\n\n\n\n<p>L&#8217;Entreprise est autoris\u00e9e \u00e0 utiliser le nom de la structure affili\u00e9e, ainsi que tout mat\u00e9riel associ\u00e9 fourni par l&#8217;Affili\u00e9, dans sa communication papier et num\u00e9rique \u00e0 des fins promotionnelles ou informationnelles. \u00c0 ce titre, l&#8217;Affili\u00e9 peut \u00eatre pr\u00e9sent\u00e9 comme un partenaire de l&#8217;Entreprise. Cette utilisation ne conf\u00e8re aucun droit de propri\u00e9t\u00e9 ou autres droits exclusifs \u00e0 l&#8217;Entreprise sur les marques, logos, ou autres propri\u00e9t\u00e9s intellectuelles appartenant \u00e0 l&#8217;Affili\u00e9. L&#8217;Entreprise s&#8217;engage \u00e0 utiliser ces \u00e9l\u00e9ments dans le respect de l&#8217;image et des valeurs de l&#8217;Affili\u00e9, et seulement en lien avec la promotion des services pour lesquels l&#8217;affiliation est \u00e9tablie.<\/p>\n\n\n\n<hr class=\"wp-block-separator has-alpha-channel-opacity\"\/>\n\n\n\n<p><strong>Article 10 : Dispositions g\u00e9n\u00e9rales<\/strong><\/p>\n\n\n\n<p>Les parties s&#8217;engagent \u00e0 respecter toutes les lois et r\u00e9glementations applicables \u00e0 l&#8217;ex\u00e9cution de ce contrat. Ce contrat constitue l&#8217;accord entier entre les parties concernant son objet et remplace tous les accords pr\u00e9c\u00e9dents, qu&#8217;ils soient \u00e9crits ou oraux.<\/p>\n<\/div><\/div>\n","protected":false},"excerpt":{"rendered":"<p>Du 18\/04\/2024 | See english version Entre : TangerineRetreat.com, ci-apr\u00e8s d\u00e9nomm\u00e9e \u00ab l&#8217;Entreprise \u00bb, et \u00ab l&#8217;Affili\u00e9 \u00bb. Pr\u00e9ambule : L&#8217;Entreprise exploite un site de r\u00e9servation en ligne sp\u00e9cialis\u00e9 dans les retraites de bien-\u00eatre : tangerineretreat.com. L&#8217;Affili\u00e9 souhaite promouvoir les services de l&#8217;Entreprise en \u00e9change d&#8217;une commission sur les ventes r\u00e9alis\u00e9es gr\u00e2ce \u00e0 ses efforts [&hellip;]<\/p>\n","protected":false},"author":1,"featured_media":0,"parent":0,"menu_order":0,"comment_status":"closed","ping_status":"closed","template":"","meta":{"iawp_total_views":2,"footnotes":""},"class_list":["post-5975","page","type-page","status-publish","hentry"],"yoast_head":"<!-- This site is optimized with the Yoast SEO plugin v27.3 - https:\/\/yoast.com\/product\/yoast-seo-wordpress\/ -->\n<title>Affiliation : Condition G\u00e9n\u00e9rales &#8226; Tangerine Retreat<\/title>\n<meta name=\"robots\" content=\"noindex, nofollow\" \/>\n<meta property=\"og:locale\" content=\"fr_FR\" \/>\n<meta property=\"og:type\" content=\"article\" \/>\n<meta property=\"og:title\" content=\"Affiliation : Condition G\u00e9n\u00e9rales &#8226; Tangerine Retreat\" \/>\n<meta property=\"og:description\" content=\"Du 18\/04\/2024 | See english version Entre : TangerineRetreat.com, ci-apr\u00e8s d\u00e9nomm\u00e9e \u00ab l&#8217;Entreprise \u00bb, et \u00ab l&#8217;Affili\u00e9 \u00bb. Pr\u00e9ambule : L&#8217;Entreprise exploite un site de r\u00e9servation en ligne sp\u00e9cialis\u00e9 dans les retraites de bien-\u00eatre : tangerineretreat.com. L&#8217;Affili\u00e9 souhaite promouvoir les services de l&#8217;Entreprise en \u00e9change d&#8217;une commission sur les ventes r\u00e9alis\u00e9es gr\u00e2ce \u00e0 ses efforts [&hellip;]\" \/>\n<meta property=\"og:url\" content=\"https:\/\/tangerineretreat.com\/fr\/conditions-generales-affiliation\/\" \/>\n<meta property=\"og:site_name\" content=\"Tangerine Retreat\" \/>\n<meta property=\"article:modified_time\" content=\"2025-10-21T14:48:49+00:00\" \/>\n<meta property=\"og:image\" content=\"https:\/\/tangerineretreat.com\/wp-content\/uploads\/logo-carre.png\" \/>\n\t<meta property=\"og:image:width\" content=\"1125\" \/>\n\t<meta property=\"og:image:height\" content=\"1125\" \/>\n\t<meta property=\"og:image:type\" content=\"image\/png\" \/>\n<meta name=\"twitter:card\" content=\"summary_large_image\" \/>\n<script type=\"application\/ld+json\" class=\"yoast-schema-graph\">{\"@context\":\"https:\\\/\\\/schema.org\",\"@graph\":[{\"@type\":\"WebPage\",\"@id\":\"https:\\\/\\\/tangerineretreat.com\\\/fr\\\/conditions-generales-affiliation\\\/\",\"url\":\"https:\\\/\\\/tangerineretreat.com\\\/fr\\\/conditions-generales-affiliation\\\/\",\"name\":\"Affiliation : Condition G\u00e9n\u00e9rales &#8226; Tangerine Retreat\",\"isPartOf\":{\"@id\":\"https:\\\/\\\/tangerineretreat.com\\\/fr\\\/#website\"},\"datePublished\":\"2024-04-18T16:38:10+00:00\",\"dateModified\":\"2025-10-21T14:48:49+00:00\",\"breadcrumb\":{\"@id\":\"https:\\\/\\\/tangerineretreat.com\\\/fr\\\/conditions-generales-affiliation\\\/#breadcrumb\"},\"inLanguage\":\"fr-FR\",\"potentialAction\":[{\"@type\":\"ReadAction\",\"target\":[\"https:\\\/\\\/tangerineretreat.com\\\/fr\\\/conditions-generales-affiliation\\\/\"]}]},{\"@type\":\"BreadcrumbList\",\"@id\":\"https:\\\/\\\/tangerineretreat.com\\\/fr\\\/conditions-generales-affiliation\\\/#breadcrumb\",\"itemListElement\":[{\"@type\":\"ListItem\",\"position\":1,\"name\":\"Accueil\",\"item\":\"https:\\\/\\\/tangerineretreat.com\\\/fr\\\/\"},{\"@type\":\"ListItem\",\"position\":2,\"name\":\"Affiliation : Condition G\u00e9n\u00e9rales\"}]},{\"@type\":\"WebSite\",\"@id\":\"https:\\\/\\\/tangerineretreat.com\\\/fr\\\/#website\",\"url\":\"https:\\\/\\\/tangerineretreat.com\\\/fr\\\/\",\"name\":\"Tangerine Retreat\",\"description\":\"Legal psychedelic retreat in the Netherlands\",\"publisher\":{\"@id\":\"https:\\\/\\\/tangerineretreat.com\\\/fr\\\/#organization\"},\"alternateName\":\"Tangerine Psychedelic Institute\",\"potentialAction\":[{\"@type\":\"SearchAction\",\"target\":{\"@type\":\"EntryPoint\",\"urlTemplate\":\"https:\\\/\\\/tangerineretreat.com\\\/fr\\\/?s={search_term_string}\"},\"query-input\":{\"@type\":\"PropertyValueSpecification\",\"valueRequired\":true,\"valueName\":\"search_term_string\"}}],\"inLanguage\":\"fr-FR\"},{\"@type\":\"Organization\",\"@id\":\"https:\\\/\\\/tangerineretreat.com\\\/fr\\\/#organization\",\"name\":\"Tangerine Retreat\",\"url\":\"https:\\\/\\\/tangerineretreat.com\\\/fr\\\/\",\"logo\":{\"@type\":\"ImageObject\",\"inLanguage\":\"fr-FR\",\"@id\":\"https:\\\/\\\/tangerineretreat.com\\\/fr\\\/#\\\/schema\\\/logo\\\/image\\\/\",\"url\":\"https:\\\/\\\/tangerineretreat.com\\\/wp-content\\\/uploads\\\/tangerine-retreat-logo-4.png\",\"contentUrl\":\"https:\\\/\\\/tangerineretreat.com\\\/wp-content\\\/uploads\\\/tangerine-retreat-logo-4.png\",\"width\":185,\"height\":50,\"caption\":\"Tangerine Retreat\"},\"image\":{\"@id\":\"https:\\\/\\\/tangerineretreat.com\\\/fr\\\/#\\\/schema\\\/logo\\\/image\\\/\"}}]}<\/script>\n<!-- \/ Yoast SEO plugin. -->","yoast_head_json":{"title":"Affiliation : Condition G\u00e9n\u00e9rales &#8226; Tangerine Retreat","robots":{"index":"noindex","follow":"nofollow"},"og_locale":"fr_FR","og_type":"article","og_title":"Affiliation : Condition G\u00e9n\u00e9rales &#8226; Tangerine Retreat","og_description":"Du 18\/04\/2024 | See english version Entre : TangerineRetreat.com, ci-apr\u00e8s d\u00e9nomm\u00e9e \u00ab l&#8217;Entreprise \u00bb, et \u00ab l&#8217;Affili\u00e9 \u00bb. Pr\u00e9ambule : L&#8217;Entreprise exploite un site de r\u00e9servation en ligne sp\u00e9cialis\u00e9 dans les retraites de bien-\u00eatre : tangerineretreat.com. L&#8217;Affili\u00e9 souhaite promouvoir les services de l&#8217;Entreprise en \u00e9change d&#8217;une commission sur les ventes r\u00e9alis\u00e9es gr\u00e2ce \u00e0 ses efforts [&hellip;]","og_url":"https:\/\/tangerineretreat.com\/fr\/conditions-generales-affiliation\/","og_site_name":"Tangerine Retreat","article_modified_time":"2025-10-21T14:48:49+00:00","og_image":[{"width":1125,"height":1125,"url":"https:\/\/tangerineretreat.com\/wp-content\/uploads\/logo-carre.png","type":"image\/png"}],"twitter_card":"summary_large_image","schema":{"@context":"https:\/\/schema.org","@graph":[{"@type":"WebPage","@id":"https:\/\/tangerineretreat.com\/fr\/conditions-generales-affiliation\/","url":"https:\/\/tangerineretreat.com\/fr\/conditions-generales-affiliation\/","name":"Affiliation : Condition G\u00e9n\u00e9rales &#8226; Tangerine Retreat","isPartOf":{"@id":"https:\/\/tangerineretreat.com\/fr\/#website"},"datePublished":"2024-04-18T16:38:10+00:00","dateModified":"2025-10-21T14:48:49+00:00","breadcrumb":{"@id":"https:\/\/tangerineretreat.com\/fr\/conditions-generales-affiliation\/#breadcrumb"},"inLanguage":"fr-FR","potentialAction":[{"@type":"ReadAction","target":["https:\/\/tangerineretreat.com\/fr\/conditions-generales-affiliation\/"]}]},{"@type":"BreadcrumbList","@id":"https:\/\/tangerineretreat.com\/fr\/conditions-generales-affiliation\/#breadcrumb","itemListElement":[{"@type":"ListItem","position":1,"name":"Accueil","item":"https:\/\/tangerineretreat.com\/fr\/"},{"@type":"ListItem","position":2,"name":"Affiliation : Condition G\u00e9n\u00e9rales"}]},{"@type":"WebSite","@id":"https:\/\/tangerineretreat.com\/fr\/#website","url":"https:\/\/tangerineretreat.com\/fr\/","name":"Tangerine Retreat","description":"Legal psychedelic retreat in the Netherlands","publisher":{"@id":"https:\/\/tangerineretreat.com\/fr\/#organization"},"alternateName":"Tangerine Psychedelic Institute","potentialAction":[{"@type":"SearchAction","target":{"@type":"EntryPoint","urlTemplate":"https:\/\/tangerineretreat.com\/fr\/?s={search_term_string}"},"query-input":{"@type":"PropertyValueSpecification","valueRequired":true,"valueName":"search_term_string"}}],"inLanguage":"fr-FR"},{"@type":"Organization","@id":"https:\/\/tangerineretreat.com\/fr\/#organization","name":"Tangerine Retreat","url":"https:\/\/tangerineretreat.com\/fr\/","logo":{"@type":"ImageObject","inLanguage":"fr-FR","@id":"https:\/\/tangerineretreat.com\/fr\/#\/schema\/logo\/image\/","url":"https:\/\/tangerineretreat.com\/wp-content\/uploads\/tangerine-retreat-logo-4.png","contentUrl":"https:\/\/tangerineretreat.com\/wp-content\/uploads\/tangerine-retreat-logo-4.png","width":185,"height":50,"caption":"Tangerine Retreat"},"image":{"@id":"https:\/\/tangerineretreat.com\/fr\/#\/schema\/logo\/image\/"}}]}},"_links":{"self":[{"href":"https:\/\/tangerineretreat.com\/fr\/wp-json\/wp\/v2\/pages\/5975","targetHints":{"allow":["GET"]}}],"collection":[{"href":"https:\/\/tangerineretreat.com\/fr\/wp-json\/wp\/v2\/pages"}],"about":[{"href":"https:\/\/tangerineretreat.com\/fr\/wp-json\/wp\/v2\/types\/page"}],"author":[{"embeddable":true,"href":"https:\/\/tangerineretreat.com\/fr\/wp-json\/wp\/v2\/users\/1"}],"replies":[{"embeddable":true,"href":"https:\/\/tangerineretreat.com\/fr\/wp-json\/wp\/v2\/comments?post=5975"}],"version-history":[{"count":0,"href":"https:\/\/tangerineretreat.com\/fr\/wp-json\/wp\/v2\/pages\/5975\/revisions"}],"wp:attachment":[{"href":"https:\/\/tangerineretreat.com\/fr\/wp-json\/wp\/v2\/media?parent=5975"}],"curies":[{"name":"wp","href":"https:\/\/api.w.org\/{rel}","templated":true}]}}