{"id":45,"date":"2022-10-25T15:07:01","date_gmt":"2022-10-25T13:07:01","guid":{"rendered":"https:\/\/psilocybin.ovh\/?page_id=45"},"modified":"2026-02-04T13:54:51","modified_gmt":"2026-02-04T12:54:51","slug":"psilocybine","status":"publish","type":"page","link":"https:\/\/tangerineretreat.com\/fr\/psilocybine\/","title":{"rendered":"D\u00e9couvrir la psilocybine"},"content":{"rendered":"[vc_row full_width=&#8221;stretch_row_content_no_spaces&#8221;][vc_column width=&#8221;1\/2&#8243;][vc_single_image image=&#8221;861&#8243; img_size=&#8221;full&#8221;][\/vc_column][vc_column width=&#8221;1\/2&#8243;][vc_column_text]\n<h2>La psilocybine<\/h2>\n<h3>Une mol\u00e9cule aux effets magiques ?<\/h3>\n<p>Les retraites autour de la psilocybine sont en plein essor. Mais au fond, <strong>qu&#8217;est-ce que la psilocybine<\/strong> ?<\/p>\n<p>Cette mol\u00e9cule naturelle se retrouve dans de nombreuses esp\u00e8ces de champignons magiques (fonges) comme <em>Psilocybe cubensis<\/em>. Et depuis plus de 9000 ans, les humains utilisent <a href=\"https:\/\/tangerineretreat.com\/fr\/champignons-hallucinogenes\/\">certains champignons hallucinog\u00e8nes pour leurs propri\u00e9t\u00e9s psychoactives<\/a> afin de provoquer des <strong>voyages psych\u00e9d\u00e9liques<\/strong>.<\/p>\n<p>Mais rien de magique l\u00e0 dedans\u2026 En fait, selon les recherches scientifiques, cette substance agirait simplement sur certains r\u00e9cepteurs c\u00e9r\u00e9braux de la s\u00e9rotonine.[\/vc_column_text][\/vc_column][\/vc_row][vc_row full_width=&#8221;stretch_row_content_no_spaces&#8221; content_placement=&#8221;middle&#8221; css=&#8221;.vc_custom_1668690572236{margin-top: 0px !important;margin-bottom: 0px !important;border-top-width: 0px !important;border-bottom-width: 0px !important;padding-top: 0px !important;padding-bottom: 0px !important;}&#8221;][vc_column width=&#8221;1\/2&#8243;][vc_column_text]\n<h3 style=\"text-align: left;\">Un champignon magique qui agit sur le cerveau ?<\/h3>\n<p>Comme toutes les substances psychoactives, la psilocybine issue de certains champignons est capable de <strong>modifier temporairement la chimie du cerveau<\/strong>. Les soci\u00e9t\u00e9s pr\u00e9colombiennes utilisaient d\u00e9j\u00e0 des champignons pour des rituels chamaniques.<\/p>\n<p style=\"text-align: left;\">Une fois dans l&#8217;organisme, elle est transform\u00e9e en <strong>psilocyne<\/strong> : une mol\u00e9cule capable d&#8217;activer les r\u00e9cepteurs \u00e0 s\u00e9rotonine situ\u00e9s dans le cortex pr\u00e9frontal\u2026 Et d&#8217;entra\u00eener des r\u00e9actions profondes.<\/p>\n<p>C&#8217;est le lien possible entre psylocine, s\u00e9rotonine et bien-\u00eatre psychologique qui a motiv\u00e9 la cr\u00e9ation de <a href=\"\/\">Tangerine Retreat<\/a>.[\/vc_column_text][\/vc_column][vc_column width=&#8221;1\/2&#8243;][vc_single_image image=&#8221;864&#8243; img_size=&#8221;full&#8221;][\/vc_column][\/vc_row][vc_row full_width=&#8221;stretch_row&#8221; el_class=&#8221;icones iconesDark magazine&#8221;][vc_column][vc_row_inner el_class=&#8221;magazine champignon&#8221;][vc_column_inner][vc_icon icon_fontawesome=&#8221;fas fa-brain&#8221; color=&#8221;custom&#8221; background_style=&#8221;rounded-outline&#8221; background_color=&#8221;white&#8221; size=&#8221;lg&#8221; align=&#8221;center&#8221; custom_color=&#8221;#16212d&#8221;][vc_column_text]\n<h2 style=\"text-align: center;\">Le r\u00f4le du cortex pr\u00e9frontal<\/h2>\n[\/vc_column_text][vc_empty_space][\/vc_column_inner][\/vc_row_inner][vc_row_inner el_class=&#8221;magazine champignon&#8221;][vc_column_inner width=&#8221;1\/2&#8243;][vc_column_text]\n<h3>Le lien entre champignons et s\u00e9rotonine<\/h3>\n<p>Le cortex pr\u00e9frontal est une aire c\u00e9r\u00e9brale notamment d\u00e9di\u00e9e aux <strong>fonctions cognitives<\/strong> li\u00e9es \u00e0 la personnalit\u00e9 : r\u00e9gulation des \u00e9motions, humeur, attention, volont\u00e9. Elle est donc directement impliqu\u00e9e dans les troubles psychiques comme la d\u00e9pression ou la gestion des traumatismes.<\/p>\n<p>La psilocybine stimule justement <strong>les r\u00e9cepteurs de s\u00e9rotonine<\/strong> dans le cortex pr\u00e9frontal et provoque une r\u00e9action li\u00e9e \u00e0 ce neurotransmetteur. C&#8217;est cette stimulation qui entra\u00eene des r\u00e9actions psych\u00e9d\u00e9liques et des \u00e9tats de conscience modifi\u00e9e.[\/vc_column_text][\/vc_column_inner][vc_column_inner width=&#8221;1\/2&#8243;][vc_column_text]\n<h3>Les effets de la psilocybine<\/h3>\n<p>Pour certaines personnes, l&#8217;ingestion de truffes ou de champignons &#8220;magiques&#8221; peut donc entra\u00eener un voyage sensoriel puissant, des stimulations visuelles, des pouss\u00e9es d&#8217;euphorie ou une sensation de profond bien-\u00eatre.<\/p>\n<p>Les chercheurs s&#8217;int\u00e9ressent en particulier \u00e0 ce sentiment de bien-\u00eatre durable, notamment chez les patients souffrant de<strong> d\u00e9pression r\u00e9sistante aux traitements pharmaceutiques<\/strong>.[\/vc_column_text][\/vc_column_inner][\/vc_row_inner][\/vc_column][\/vc_row][vc_row content_placement=&#8221;middle&#8221; css=&#8221;.vc_custom_1678822846398{margin-bottom: 0px !important;border-bottom-width: 0px !important;padding-bottom: 0px !important;}&#8221;][vc_column][vc_column_text]\n<h2>Une exp\u00e9rience mystique<\/h2>\n<h3>Reconfiguration mentale pour un nouveau d\u00e9part<\/h3>\n<p>La consommation de <strong>truffe <\/strong>entra\u00eene donc une r\u00e9action personnelle, directement li\u00e9e \u00e0 la trajectoire de vie du consommateur.<\/p>\n<p>Les utilisateurs racontent souvent avoir vu des situations ou ressenti des choses qui faisaient directement \u00e9cho \u00e0 des moments de leur vie. C&#8217;est \u00e0 partir d&#8217;analyse de cette exp\u00e9rience personnelle qu&#8217;ils arrivent \u00e0 reconfigurer leur mental pour prendre un nouveau d\u00e9part.<\/p>\n<p>L&#8217;exp\u00e9rience mystique n&#8217;est donc pas un soin th\u00e9rapeutique mais <strong>un simple acc\u00e9l\u00e9rateur de la prise de conscience<\/strong> et de la r\u00e9silience qui va avec.[\/vc_column_text][\/vc_column][\/vc_row][vc_row css=&#8221;.vc_custom_1675954374017{padding-top: 30px !important;padding-bottom: 30px !important;}&#8221;][vc_column][vc_column_text el_class=&#8221;superListe&#8221;]\n\t<br \/>\n\t<div class=\"row\">\n\t<div class=\"col-md-4\">\n\t\t<img decoding=\"async\" src=\"https:\/\/tangerineretreat.com\/wp-content\/uploads\/lieu-de-residence-350x350.jpg\" width=\"350\" height=\"350\" alt=\"Une maison cossue dans la campagne, le lieu de r\u00e9sidence de la retraite\">\n\t<\/div>\n\t<div class=\"superListe col-md-8\"><p class='productTitle'>Retraite psych\u00e9d\u00e9lique aux Pays-Bas<p class=\"dates\">Du 10 au 12 avr. 2026<\/p><ul>\n\t\t\t<li>Langue(s) parl\u00e9e(s) : <img decoding=\"async\" src=\"https:\/\/tangerineretreat.com\/wp-content\/plugins\/sitepress-multilingual-cms\/res\/flags\/en.png\" alt=\"anglais\" width=\"18\" height=\"12\" \/> <img decoding=\"async\" src=\"https:\/\/tangerineretreat.com\/wp-content\/plugins\/sitepress-multilingual-cms\/res\/flags\/fr.png\" alt=\"fran\u00e7ais\" width=\"18\" height=\"12\" \/> <img decoding=\"async\" src=\"https:\/\/tangerineretreat.com\/wp-content\/plugins\/sitepress-multilingual-cms\/res\/flags\/nl.png\" alt=\"N\u00e9erlandais\" width=\"18\" height=\"12\" \/> <\/li>\n\t\t\t<li><strong>C\u00e9r\u00e9monie psilocybine encadr\u00e9e<\/strong><\/li>\n\t\t\t<li>Pr\u00e9sence d'un personnel m\u00e9dical<\/li>\n\t\t\t<li>Sessions de pr\u00e9paration individuelles<\/li>\n\t\t\t<li>Chambre double ou solo<\/li>\n\t\t\t<li><span class=\"price\">\u00c0 partir de 1 990 \u20ac<\/span><\/li>\n\t\t<\/ul>\n\t\t<a class='vc_general vc_btn3' href='https:\/\/tangerineretreat.com\/fr\/retraite-3-jours\/'><i class='fas fa-leaf'><\/i> 3 jours<br\/><small>1 c\u00e9r\u00e9monie<\/small><\/a>\n\t\t<a class='vc_general vc_btn3' href='https:\/\/tangerineretreat.com\/fr\/retraite-5-jours\/'><i class='fas fa-tree'><\/i> 5 jours<br\/><small>2 c\u00e9r\u00e9monies<\/small><\/a><\/div>\n\t<\/div>\n[\/vc_column_text][vc_empty_space][\/vc_column][\/vc_row][vc_row content_placement=&#8221;middle&#8221;][vc_column][vc_column_text]\n<h2>Pourquoi faire un voyage psych\u00e9d\u00e9lique supervis\u00e9 ?<\/h2>\n<h3>La bonne substance pour les bons effets<\/h3>\n<p>Il existe plusieurs vari\u00e9t\u00e9s de truffes et de champignons aux propri\u00e9t\u00e9s psychoactives dans les for\u00eats d&#8217;Europe et notamment aux Pays-Bas (par exemple le<strong>\u00a0Psilocybe cubensis<\/strong> ou le <strong>Psilocybe semilanceata<\/strong>).<\/p>\n<h3>L&#8217;encadrement de la proc\u00e9dure<\/h3>\n<p>Une retraite psych\u00e9d\u00e9lique, ce n&#8217;est pas seulement une simple d\u00e9gustation de <a href=\"https:\/\/tangerineretreat.com\/fr\/psilocybine\/truffes-magiques\/\">truffes hallucinog\u00e8nes<\/a>. De plus, la volont\u00e9 de Tangerine Retreat n&#8217;est pas de proposer un usage r\u00e9cr\u00e9atif des myc\u00e8tes.<\/p>\n<p>L&#8217;int\u00e9r\u00eat d&#8217;un s\u00e9jour de ce type est de b\u00e9n\u00e9ficier d&#8217;un accompagnement personnel et efficace. Il faut pr\u00e9parer les sujets \u00e0 traiter, permettre aux participants de faire le vide en eux et les surveiller d&#8217;un \u0153il pour guider leur transe psych\u00e9d\u00e9lique vers des chemins b\u00e9n\u00e9fiques.<\/p>\n<p>Les facilitateurs de Tangerine Retrait sont donc l\u00e0 pour permettre \u00e0 chacun d&#8217;effectuer un vrai travail et pour maximiser les effets de la psilocybine. En dehors d&#8217;un institut sp\u00e9cialis\u00e9, il est peu probable que la mol\u00e9cule engendre des effets notables.[\/vc_column_text][vc_btn title=&#8221;Lire la FAQ&#8221; style=&#8221;flat&#8221; shape=&#8221;round&#8221; color=&#8221;default&#8221; align=&#8221;center&#8221; link=&#8221;url:https%3A%2F%2Ftangerineretreat.com%2Ffr%2Fpsilocybine%2Ffaq%2F|title:En%20savoir%20plus&#8221;][\/vc_column][\/vc_row][vc_row full_width=&#8221;stretch_row_content_no_spaces&#8221; full_height=&#8221;yes&#8221; equal_height=&#8221;yes&#8221; content_placement=&#8221;middle&#8221; bg_type=&#8221;bg_color&#8221; bg_color_value=&#8221;#23292f&#8221; el_class=&#8221;magazine&#8221;][vc_column width=&#8221;1\/2&#8243;][vc_single_image image=&#8221;2037&#8243; img_size=&#8221;full&#8221;][\/vc_column][vc_column width=&#8221;1\/2&#8243;][vc_column_text]\n<h2>Quelles sont les recherches sur la psilocybine ?<\/h2>\n[\/vc_column_text][vc_column_text]\n<h3>Des institutions reconnues<\/h3>\n<p>Depuis 40 ans, les chercheurs s&#8217;int\u00e9ressent aux liens qui existent entre sant\u00e9 mentale et d\u00e9pression. Ces 15 derni\u00e8res ann\u00e9es, malgr\u00e9 les interdictions qui perdurent dans plusieurs pays, <strong>quelques institutions scientifiques ont bouscul\u00e9 les id\u00e9es re\u00e7ues<\/strong> en \u00e9tudiant les champignons \u00e0 psilocybine. On peut ainsi citer l&#8217;Imperial College of London, l&#8217;institut Johns Hopkins Center for Psychedelic and Consciousness Research ou le Conseil M\u00e9dical de la Recherche en Angleterre.<\/p>\n<h3>D\u00e9pression<\/h3>\n<p>Certains de ces chercheurs ont, par exemple, observ\u00e9 que la psilocybine pourrait \u00eatre utilis\u00e9e favorablement comme traitement \u00e0 la d\u00e9pression s\u00e9v\u00e8re en la reliant \u00e0 un suivi psychologique. Les patients montraient une am\u00e9lioration de leur moral d\u00e8s l&#8217;administration d&#8217;une seule dose.<\/p>\n<h3>Anxi\u00e9t\u00e9 &amp; trouble anxieux<\/h3>\n<p>D&#8217;autres exp\u00e9riences cherchent \u00e0 \u00e9tablir un lien entre la prise de truffe psych\u00e9d\u00e9lique et la diminution des sympt\u00f4mes d&#8217;anxi\u00e9t\u00e9. Une \u00e9tude a montr\u00e9 que la consommation ponctuelle de psilocybine permettait de <a href=\"https:\/\/www.ledevoir.com\/societe\/sante\/731412\/sante-un-premier-patient-traite-avec-des-champignons-magiques-au-quebec\">diminuer l&#8217;angoisse face \u00e0 la mort pour les personnes en phase terminal de cancer<\/a>.<\/p>\n<p>D&#8217;autres essais cliniques ont d\u00e9voil\u00e9 un possible lien entre psilocybine et traitement de l&#8217;alcoolisme ou trouble anxieux.[\/vc_column_text][\/vc_column][\/vc_row][vc_row full_width=&#8221;stretch_row&#8221; bg_type=&#8221;bg_color&#8221; bg_color_value=&#8221;#23292f&#8221; el_class=&#8221;magazine&#8221;][vc_column][vc_column_text]\n<h2 style=\"text-align: center;\">La psilocybine en questions<\/h2>\n[\/vc_column_text][vc_row_inner][vc_column_inner width=&#8221;1\/2&#8243;][vc_icon icon_fontawesome=&#8221;fas fa-balance-scale-right&#8221; color=&#8221;custom&#8221; background_style=&#8221;rounded-outline&#8221; background_color=&#8221;white&#8221; align=&#8221;center&#8221; custom_color=&#8221;#16212d&#8221;][vc_column_text]\n<h3 style=\"text-align: center;\">Les champignons psilocybes sont-ils l\u00e9gaux ?<\/h3>\n<p style=\"text-align: center;\">Cela d\u00e9pend des pays ! Aux Pays-Bas, la consommation de champignons sous forme de truffe de psilocybine est l\u00e9gale sous conditions. Dans la majorit\u00e9 des cas, vous avez donc le droit de venir d&#8217;un autre pays et de consommer sur place.<\/p>\n<p style=\"text-align: center;\">En revanche, il est strictement interdit de poss\u00e9der ou de consommer des champignons magiques sur de nombreux territoires, y compris sous forme de <a href=\"https:\/\/tangerineretreat.com\/fr\/microdosage-anxiete-depression\/\">mircodoses<\/a>.<\/p>\n[\/vc_column_text][vc_empty_space][\/vc_column_inner][vc_column_inner width=&#8221;1\/2&#8243;][vc_icon icon_fontawesome=&#8221;fas fa-stethoscope&#8221; color=&#8221;custom&#8221; background_style=&#8221;rounded-outline&#8221; background_color=&#8221;white&#8221; align=&#8221;center&#8221; custom_color=&#8221;#16212d&#8221;][vc_column_text]\n<h3 style=\"text-align: center;\">La psilocybine est-elle dangereuse ou s\u00fbre ?<\/h3>\n<p style=\"text-align: center;\">La psilocybine ont plut\u00f4t tendance \u00e0 faire voir la vie en rose, d&#8217;o\u00f9 leur succ\u00e8s en tant que substance r\u00e9cr\u00e9ative. \u00c0 l&#8217;heure actuelle, l&#8217;association am\u00e9ricaine Drug Policy Alliance consid\u00e8re que la psilocybine n&#8217;est pas une substance addictive.<\/p>\n<p style=\"text-align: center;\">Elle ne pr\u00e9sente pas de risque m\u00e9dical identifi\u00e9. Toutefois, <a href=\"https:\/\/tangerineretreat.com\/fr\/psilocybine\/psilocybin-contre-indications\/\">la prise de psilocybine est d\u00e9conseill\u00e9e<\/a> chez les personnes psychotiques ou en interaction avec des mol\u00e9cules psychoactives (Cannabis, LSD, Ayahuasca).<\/p>\n[\/vc_column_text][vc_empty_space][\/vc_column_inner][\/vc_row_inner][\/vc_column][\/vc_row]\n","protected":false},"excerpt":{"rendered":"<p>[vc_row full_width=&#8221;stretch_row_content_no_spaces&#8221;][vc_column width=&#8221;1\/2&#8243;][vc_single_image image=&#8221;861&#8243; img_size=&#8221;full&#8221;][\/vc_column][vc_column width=&#8221;1\/2&#8243;][vc_column_text] La psilocybine Une mol\u00e9cule aux effets magiques ? Les retraites autour de la psilocybine sont en plein essor. Mais au fond, qu&#8217;est-ce que la psilocybine ? Cette mol\u00e9cule naturelle se retrouve dans de nombreuses esp\u00e8ces de champignons magiques (fonges) comme Psilocybe cubensis. Et depuis plus de 9000 ans, les [&hellip;]<\/p>\n","protected":false},"author":1,"featured_media":0,"parent":0,"menu_order":0,"comment_status":"closed","ping_status":"closed","template":"page.php","meta":{"iawp_total_views":203,"footnotes":""},"class_list":["post-45","page","type-page","status-publish","hentry"],"yoast_head":"<!-- This site is optimized with the Yoast SEO plugin v27.3 - https:\/\/yoast.com\/product\/yoast-seo-wordpress\/ -->\n<title>Qu&#039;est-ce que la psilocybine ?<\/title>\n<meta name=\"description\" content=\"La psilocybine est une mol\u00e9cule psychoactive naturelle pr\u00e9sente dans certains champignons. Elle offre des voyages psych\u00e9d\u00e9liques r\u00e9v\u00e9lateurs\" \/>\n<meta name=\"robots\" content=\"index, follow, max-snippet:-1, max-image-preview:large, max-video-preview:-1\" \/>\n<link rel=\"canonical\" href=\"https:\/\/tangerineretreat.com\/fr\/psilocybine\/\" \/>\n<meta property=\"og:locale\" content=\"fr_FR\" \/>\n<meta property=\"og:type\" content=\"article\" \/>\n<meta property=\"og:title\" content=\"Qu&#039;est-ce que la psilocybine ?\" \/>\n<meta property=\"og:description\" content=\"La psilocybine est une mol\u00e9cule psychoactive naturelle pr\u00e9sente dans certains champignons. Elle offre des voyages psych\u00e9d\u00e9liques r\u00e9v\u00e9lateurs\" \/>\n<meta property=\"og:url\" content=\"https:\/\/tangerineretreat.com\/fr\/psilocybine\/\" \/>\n<meta property=\"og:site_name\" content=\"Tangerine Retreat\" \/>\n<meta property=\"article:modified_time\" content=\"2026-02-04T12:54:51+00:00\" \/>\n<meta property=\"og:image\" content=\"https:\/\/tangerineretreat.com\/wp-content\/uploads\/logo-carre.png\" \/>\n\t<meta property=\"og:image:width\" content=\"1125\" \/>\n\t<meta property=\"og:image:height\" content=\"1125\" \/>\n\t<meta property=\"og:image:type\" content=\"image\/png\" \/>\n<meta name=\"twitter:card\" content=\"summary_large_image\" \/>\n<script type=\"application\/ld+json\" class=\"yoast-schema-graph\">{\"@context\":\"https:\\\/\\\/schema.org\",\"@graph\":[{\"@type\":\"WebPage\",\"@id\":\"https:\\\/\\\/tangerineretreat.com\\\/fr\\\/psilocybine\\\/\",\"url\":\"https:\\\/\\\/tangerineretreat.com\\\/fr\\\/psilocybine\\\/\",\"name\":\"Qu'est-ce que la psilocybine ?\",\"isPartOf\":{\"@id\":\"https:\\\/\\\/tangerineretreat.com\\\/fr\\\/#website\"},\"datePublished\":\"2022-10-25T13:07:01+00:00\",\"dateModified\":\"2026-02-04T12:54:51+00:00\",\"description\":\"La psilocybine est une mol\u00e9cule psychoactive naturelle pr\u00e9sente dans certains champignons. Elle offre des voyages psych\u00e9d\u00e9liques r\u00e9v\u00e9lateurs\",\"breadcrumb\":{\"@id\":\"https:\\\/\\\/tangerineretreat.com\\\/fr\\\/psilocybine\\\/#breadcrumb\"},\"inLanguage\":\"fr-FR\",\"potentialAction\":[{\"@type\":\"ReadAction\",\"target\":[\"https:\\\/\\\/tangerineretreat.com\\\/fr\\\/psilocybine\\\/\"]}]},{\"@type\":\"BreadcrumbList\",\"@id\":\"https:\\\/\\\/tangerineretreat.com\\\/fr\\\/psilocybine\\\/#breadcrumb\",\"itemListElement\":[{\"@type\":\"ListItem\",\"position\":1,\"name\":\"Accueil\",\"item\":\"https:\\\/\\\/tangerineretreat.com\\\/fr\\\/\"},{\"@type\":\"ListItem\",\"position\":2,\"name\":\"D\u00e9couvrir la psilocybine\"}]},{\"@type\":\"WebSite\",\"@id\":\"https:\\\/\\\/tangerineretreat.com\\\/fr\\\/#website\",\"url\":\"https:\\\/\\\/tangerineretreat.com\\\/fr\\\/\",\"name\":\"Tangerine Retreat\",\"description\":\"Legal psychedelic retreat in the Netherlands\",\"publisher\":{\"@id\":\"https:\\\/\\\/tangerineretreat.com\\\/fr\\\/#organization\"},\"alternateName\":\"Tangerine Psychedelic Institute\",\"potentialAction\":[{\"@type\":\"SearchAction\",\"target\":{\"@type\":\"EntryPoint\",\"urlTemplate\":\"https:\\\/\\\/tangerineretreat.com\\\/fr\\\/?s={search_term_string}\"},\"query-input\":{\"@type\":\"PropertyValueSpecification\",\"valueRequired\":true,\"valueName\":\"search_term_string\"}}],\"inLanguage\":\"fr-FR\"},{\"@type\":\"Organization\",\"@id\":\"https:\\\/\\\/tangerineretreat.com\\\/fr\\\/#organization\",\"name\":\"Tangerine Retreat\",\"url\":\"https:\\\/\\\/tangerineretreat.com\\\/fr\\\/\",\"logo\":{\"@type\":\"ImageObject\",\"inLanguage\":\"fr-FR\",\"@id\":\"https:\\\/\\\/tangerineretreat.com\\\/fr\\\/#\\\/schema\\\/logo\\\/image\\\/\",\"url\":\"https:\\\/\\\/tangerineretreat.com\\\/wp-content\\\/uploads\\\/tangerine-retreat-logo-4.png\",\"contentUrl\":\"https:\\\/\\\/tangerineretreat.com\\\/wp-content\\\/uploads\\\/tangerine-retreat-logo-4.png\",\"width\":185,\"height\":50,\"caption\":\"Tangerine Retreat\"},\"image\":{\"@id\":\"https:\\\/\\\/tangerineretreat.com\\\/fr\\\/#\\\/schema\\\/logo\\\/image\\\/\"}}]}<\/script>\n<!-- \/ Yoast SEO plugin. -->","yoast_head_json":{"title":"Qu'est-ce que la psilocybine ?","description":"La psilocybine est une mol\u00e9cule psychoactive naturelle pr\u00e9sente dans certains champignons. Elle offre des voyages psych\u00e9d\u00e9liques r\u00e9v\u00e9lateurs","robots":{"index":"index","follow":"follow","max-snippet":"max-snippet:-1","max-image-preview":"max-image-preview:large","max-video-preview":"max-video-preview:-1"},"canonical":"https:\/\/tangerineretreat.com\/fr\/psilocybine\/","og_locale":"fr_FR","og_type":"article","og_title":"Qu'est-ce que la psilocybine ?","og_description":"La psilocybine est une mol\u00e9cule psychoactive naturelle pr\u00e9sente dans certains champignons. Elle offre des voyages psych\u00e9d\u00e9liques r\u00e9v\u00e9lateurs","og_url":"https:\/\/tangerineretreat.com\/fr\/psilocybine\/","og_site_name":"Tangerine Retreat","article_modified_time":"2026-02-04T12:54:51+00:00","og_image":[{"width":1125,"height":1125,"url":"https:\/\/tangerineretreat.com\/wp-content\/uploads\/logo-carre.png","type":"image\/png"}],"twitter_card":"summary_large_image","schema":{"@context":"https:\/\/schema.org","@graph":[{"@type":"WebPage","@id":"https:\/\/tangerineretreat.com\/fr\/psilocybine\/","url":"https:\/\/tangerineretreat.com\/fr\/psilocybine\/","name":"Qu'est-ce que la psilocybine ?","isPartOf":{"@id":"https:\/\/tangerineretreat.com\/fr\/#website"},"datePublished":"2022-10-25T13:07:01+00:00","dateModified":"2026-02-04T12:54:51+00:00","description":"La psilocybine est une mol\u00e9cule psychoactive naturelle pr\u00e9sente dans certains champignons. Elle offre des voyages psych\u00e9d\u00e9liques r\u00e9v\u00e9lateurs","breadcrumb":{"@id":"https:\/\/tangerineretreat.com\/fr\/psilocybine\/#breadcrumb"},"inLanguage":"fr-FR","potentialAction":[{"@type":"ReadAction","target":["https:\/\/tangerineretreat.com\/fr\/psilocybine\/"]}]},{"@type":"BreadcrumbList","@id":"https:\/\/tangerineretreat.com\/fr\/psilocybine\/#breadcrumb","itemListElement":[{"@type":"ListItem","position":1,"name":"Accueil","item":"https:\/\/tangerineretreat.com\/fr\/"},{"@type":"ListItem","position":2,"name":"D\u00e9couvrir la psilocybine"}]},{"@type":"WebSite","@id":"https:\/\/tangerineretreat.com\/fr\/#website","url":"https:\/\/tangerineretreat.com\/fr\/","name":"Tangerine Retreat","description":"Legal psychedelic retreat in the Netherlands","publisher":{"@id":"https:\/\/tangerineretreat.com\/fr\/#organization"},"alternateName":"Tangerine Psychedelic Institute","potentialAction":[{"@type":"SearchAction","target":{"@type":"EntryPoint","urlTemplate":"https:\/\/tangerineretreat.com\/fr\/?s={search_term_string}"},"query-input":{"@type":"PropertyValueSpecification","valueRequired":true,"valueName":"search_term_string"}}],"inLanguage":"fr-FR"},{"@type":"Organization","@id":"https:\/\/tangerineretreat.com\/fr\/#organization","name":"Tangerine Retreat","url":"https:\/\/tangerineretreat.com\/fr\/","logo":{"@type":"ImageObject","inLanguage":"fr-FR","@id":"https:\/\/tangerineretreat.com\/fr\/#\/schema\/logo\/image\/","url":"https:\/\/tangerineretreat.com\/wp-content\/uploads\/tangerine-retreat-logo-4.png","contentUrl":"https:\/\/tangerineretreat.com\/wp-content\/uploads\/tangerine-retreat-logo-4.png","width":185,"height":50,"caption":"Tangerine Retreat"},"image":{"@id":"https:\/\/tangerineretreat.com\/fr\/#\/schema\/logo\/image\/"}}]}},"_links":{"self":[{"href":"https:\/\/tangerineretreat.com\/fr\/wp-json\/wp\/v2\/pages\/45","targetHints":{"allow":["GET"]}}],"collection":[{"href":"https:\/\/tangerineretreat.com\/fr\/wp-json\/wp\/v2\/pages"}],"about":[{"href":"https:\/\/tangerineretreat.com\/fr\/wp-json\/wp\/v2\/types\/page"}],"author":[{"embeddable":true,"href":"https:\/\/tangerineretreat.com\/fr\/wp-json\/wp\/v2\/users\/1"}],"replies":[{"embeddable":true,"href":"https:\/\/tangerineretreat.com\/fr\/wp-json\/wp\/v2\/comments?post=45"}],"version-history":[{"count":0,"href":"https:\/\/tangerineretreat.com\/fr\/wp-json\/wp\/v2\/pages\/45\/revisions"}],"wp:attachment":[{"href":"https:\/\/tangerineretreat.com\/fr\/wp-json\/wp\/v2\/media?parent=45"}],"curies":[{"name":"wp","href":"https:\/\/api.w.org\/{rel}","templated":true}]}}