{"id":30,"date":"2022-10-25T15:06:44","date_gmt":"2022-10-25T13:06:44","guid":{"rendered":"https:\/\/psilocybin.ovh\/?page_id=30"},"modified":"2025-05-28T15:48:19","modified_gmt":"2025-05-28T13:48:19","slug":"lieu","status":"publish","type":"page","link":"https:\/\/tangerineretreat.com\/fr\/lieu\/","title":{"rendered":"Lieu"},"content":{"rendered":"[vc_row full_width=&#8221;stretch_row_content_no_spaces&#8221;][vc_column width=&#8221;1\/2&#8243;][vc_single_image image=&#8221;9265&#8243; img_size=&#8221;full&#8221;][\/vc_column][vc_column width=&#8221;1\/2&#8243;][vc_row_inner el_class=&#8221;mobile-text-left&#8221;][vc_column_inner][vc_empty_space][vc_column_text]\n<h2>Un lieu d&#8217;\u00e9veil<\/h2>\n<h3>D\u00e9connectez-vous du quotidien<\/h3>\n<p><strong>La premi\u00e8re \u00e9tape d&#8217;une transformation<\/strong>, c&#8217;est de trouver l&#8217;endroit o\u00f9 elle aura lieu. Comme la graine doit trouver la terre o\u00f9 elle germera, Tangerine Retreat a trouv\u00e9 le lieu de cure id\u00e9al pour faire fleurir ses participants.<\/p>\n<p>Notre lieu de <a href=\"https:\/\/tangerineretreat.com\/fr\/\">retraite psych\u00e9d\u00e9lique<\/a> se situe dans la campagne n\u00e9erlandaise, \u00e0 la fois <strong>coup\u00e9 du monde moderne<\/strong> mais aussi \u00e0 proximit\u00e9 des commodit\u00e9s. L&#8217;\u00e9crin n\u00e9cessaire \u00e0 une juste d\u00e9connexion. Tout a \u00e9t\u00e9 pens\u00e9 pour <strong>vous offrir un s\u00e9jour<\/strong> qui donne toute sa place \u00e0 la spiritualit\u00e9 et \u00e0 l&#8217;\u00e9veil personnel.[\/vc_column_text][vc_btn title=&#8221;Le programme de la retraite&#8221; style=&#8221;flat&#8221; shape=&#8221;round&#8221; color=&#8221;default&#8221; align=&#8221;center&#8221; link=&#8221;url:https%3A%2F%2Ftangerineretreat.com%2Ffr%2Fprogramme-retraite%2F|title:Programme&#8221;][\/vc_column_inner][\/vc_row_inner][\/vc_column][\/vc_row][vc_row full_width=&#8221;stretch_row&#8221; content_placement=&#8221;middle&#8221; css=&#8221;.vc_custom_1748439049677{background-color: #f6f6f6 !important;}&#8221;][vc_column width=&#8221;1\/2&#8243;][vc_single_image image=&#8221;871&#8243; img_size=&#8221;medium&#8221;][\/vc_column][vc_column width=&#8221;1\/2&#8243;][vc_column_text]\n<h2>Un \u00e9crin de verdure<\/h2>\n<h3>Retrouvez le lien avec la nature<\/h3>\n<p>Nous vous accueillons au c\u0153ur d&#8217;<strong>un domaine verdoyant<\/strong> de 16 hectares. Entour\u00e9 de for\u00eats de pins et de h\u00eatres et bord\u00e9 d&#8217;un \u00e9tang, <strong>notre lieu de r\u00e9sidence<\/strong> autorise une pleine connexion avec la nature et les \u00e9l\u00e9ments. La tranquillit\u00e9 de la campagne pour invoquer la tranquillit\u00e9 de l&#8217;esprit.<\/p>\n<p>Vous r\u00e9siderez dans un cadre \u00e9labor\u00e9 pour faciliter vos explorations personnelles avec la psilocybine : \u00e9loign\u00e9 de la modernit\u00e9 et de ses urgences, \u00e9loign\u00e9 du quotidien et de ses difficult\u00e9s.[\/vc_column_text][\/vc_column][\/vc_row][vc_row full_width=&#8221;stretch_row&#8221; content_placement=&#8221;middle&#8221; css=&#8221;.vc_custom_1748439049677{background-color: #f6f6f6 !important;}&#8221;][vc_column width=&#8221;1\/2&#8243;][vc_single_image image=&#8221;6282&#8243; img_size=&#8221;medium&#8221;][\/vc_column][vc_column width=&#8221;1\/2&#8243;][vc_column_text]\n<h2>Un sanctuaire<\/h2>\n<h3>Vivez votre aventure personnelle<\/h3>\n<p>L&#8217;environnement poss\u00e8de une part active dans les \u00e9motions. Il est capable d&#8217;orienter favorablement ou d\u00e9favorablement l&#8217;intensit\u00e9 et la permanence de ce que nous ressentons. Pour b\u00e9n\u00e9ficier de tous les effets de la truffe de psilocybine, il faut donc un cadre propice \u00e0 la paix int\u00e9rieure et \u00e0 l&#8217;introspection.<\/p>\n<p>Situ\u00e9e au sein du domaine, la salle de relaxation a pour but de procurer un sentiment de s\u00e9curit\u00e9 et de porter toute l&#8217;aura ancestrale des rituels de consommation de truffes psych\u00e9d\u00e9liques. C&#8217;est l\u00e0 que se d\u00e9roulent la c\u00e9r\u00e9monie et les s\u00e9ances de relaxation propos\u00e9es durant la retraite.[\/vc_column_text][\/vc_column][\/vc_row][vc_row full_width=&#8221;stretch_row&#8221; el_class=&#8221;icones iconesDark magazine&#8221;][vc_column][vc_column_text]\n<h2 style=\"text-align: center;\">Le confort du s\u00e9jour<\/h2>\n[\/vc_column_text][vc_row_inner][vc_column_inner width=&#8221;1\/3&#8243;][vc_single_image image=&#8221;869&#8243;][vc_empty_space][vc_column_text]\n<h3 style=\"text-align: center;\">Bien dormir :<br \/>\nla cl\u00e9 de tout<\/h3>\n<p style=\"text-align: center;\">Pour votre confort, vous avez la possibilit\u00e9 de choisir entre des chambres partag\u00e9es ou individuelles. Dans les deux cas, nous vous proposerons une literie de qualit\u00e9 avec son linge de lit.<\/p>\n<p style=\"text-align: center;\">Toutes les chambres de la r\u00e9sidence sont \u00e9quip\u00e9es d&#8217;une \u00e9nergie positive et du Wifi !<\/p>\n[\/vc_column_text][vc_empty_space][\/vc_column_inner][vc_column_inner width=&#8221;1\/3&#8243;][vc_single_image image=&#8221;872&#8243;][vc_empty_space][vc_column_text]\n<h3 style=\"text-align: center;\">Bien manger ?<br \/>\n\u00c9videmment !<\/h3>\n<p style=\"text-align: center;\">Durant la retraite, vous pourrez vous r\u00e9galer avec la cuisine de notre chef. Des repas bio et de saison, v\u00e9g\u00e9tariens et surtout faciles \u00e0 dig\u00e9rer : <strong>votre microbiote aussi \u00e0 le droit de se relaxer !<\/strong><\/p>\n<p style=\"text-align: center;\">Nous pouvons adapter les menus en fonction des r\u00e9gimes alimentaires des participants.<\/p>\n[\/vc_column_text][vc_empty_space][\/vc_column_inner][vc_column_inner width=&#8221;1\/3&#8243;][vc_single_image image=&#8221;5430&#8243;][vc_empty_space][vc_column_text]\n<h3 style=\"text-align: center;\">Partager :<br \/>\nmieux se conna\u00eetre<\/h3>\n<p style=\"text-align: center;\">Toutes les personnes qui participent \u00e0 une retraite psilocybine ont<strong> travers\u00e9 des \u00e9preuves et cherchent un renouveau<\/strong>. Les \u00e9changes au sein du groupe sont donc bas\u00e9s sur cette similitude.<\/p>\n<p style=\"text-align: center;\">Plusieurs espaces permettent ainsi d&#8217;explorer et de partager les trajectoires de vies.<\/p>\n[\/vc_column_text][vc_empty_space][\/vc_column_inner][\/vc_row_inner][vc_btn title=&#8221;Lire des t\u00e9moignage&#8221; style=&#8221;flat&#8221; shape=&#8221;round&#8221; color=&#8221;default&#8221; align=&#8221;center&#8221; link=&#8221;url:https%3A%2F%2Ftangerineretreat.com%2Ffr%2Ftemoignages%2F|title:Lire%20des%20t%C3%A9moignages&#8221;][\/vc_column][\/vc_row][vc_row content_placement=&#8221;middle&#8221;][vc_column][vc_column_text]\n<h2>Les commodit\u00e9s sur place<\/h2>\n[\/vc_column_text][vc_column_text el_class=&#8221;petitencart&#8221;]\n<h3>Localisation du g\u00eete<\/h3>\n<p>Le g\u00eete de Tangerine Retreat se situe aux Pays-Bas, \u00e0 150 km de la ville d&#8217;Amsterdam et 20km d&#8217;Apeldoorn. Bien que les logements soient prot\u00e9g\u00e9s par la nature et la for\u00eat, la retraite n&#8217;est pas coup\u00e9e du monde, loin de l\u00e0.<\/p>\n<p>L&#8217;<strong>a\u00e9roport international Schiphol<\/strong> est, quand \u00e0 lui, implant\u00e9 \u00e0 1h30 minutes du g\u00eete.[\/vc_column_text][vc_column_text el_class=&#8221;petitencart&#8221;]\n<h3>S\u00e9curit\u00e9 totale<\/h3>\n<p>Nos visiteurs cherchent \u00e0 <strong>prendre un nouveau d\u00e9part<\/strong> gr\u00e2ce aux effets de la truffe de psilocybine sur leur bien-\u00eatre. Puisque nous parlons de sant\u00e9 mentale, cela implique d&#8217;\u00eatre vigilant.<\/p>\n<p>Les participants sont donc encadr\u00e9s par une \u00e9quipe qualifi\u00e9e qui reste \u00e9galement sur place durant la nuit. De plus, <strong>un m\u00e9decin ou infirmier est pr\u00e9sent durant toute la c\u00e9r\u00e9monie psych\u00e9d\u00e9lique<\/strong>.[\/vc_column_text][vc_empty_space][vc_btn title=&#8221;D\u00e9couvrir l&#8217;\u00e9quipe&#8221; style=&#8221;flat&#8221; shape=&#8221;round&#8221; color=&#8221;default&#8221; align=&#8221;center&#8221; link=&#8221;url:https%3A%2F%2Ftangerineretreat.com%2Ffr%2Flequipe%2F|title:Lire%20des%20t%C3%A9moignages&#8221;][vc_column_text el_class=&#8221;superListe&#8221;]\n\t<br \/>\n\t<div class=\"row\">\n\t<div class=\"col-md-4\">\n\t\t<img decoding=\"async\" src=\"https:\/\/tangerineretreat.com\/wp-content\/uploads\/lieu-de-residence-350x350.jpg\" width=\"350\" height=\"350\" alt=\"Une maison cossue dans la campagne, le lieu de r\u00e9sidence de la retraite\">\n\t<\/div>\n\t<div class=\"superListe col-md-8\"><p class='productTitle'>Retraite psych\u00e9d\u00e9lique aux Pays-Bas<p class=\"dates\">Du 15 au 17 mai 2026<\/p><ul>\n\t\t\t<li>Langue(s) parl\u00e9e(s) : <img decoding=\"async\" src=\"https:\/\/tangerineretreat.com\/wp-content\/plugins\/sitepress-multilingual-cms\/res\/flags\/en.png\" alt=\"anglais\" width=\"18\" height=\"12\" \/> <img decoding=\"async\" src=\"https:\/\/tangerineretreat.com\/wp-content\/plugins\/sitepress-multilingual-cms\/res\/flags\/fr.png\" alt=\"fran\u00e7ais\" width=\"18\" height=\"12\" \/> <img decoding=\"async\" src=\"https:\/\/tangerineretreat.com\/wp-content\/plugins\/sitepress-multilingual-cms\/res\/flags\/nl.png\" alt=\"N\u00e9erlandais\" width=\"18\" height=\"12\" \/> <\/li>\n\t\t\t<li><strong>C\u00e9r\u00e9monie psilocybine encadr\u00e9e<\/strong><\/li>\n\t\t\t<li>Pr\u00e9sence d'un personnel m\u00e9dical<\/li>\n\t\t\t<li>Sessions de pr\u00e9paration individuelles<\/li>\n\t\t\t<li>Chambre double ou solo<\/li>\n\t\t\t<li><span class=\"price\">\u00c0 partir de 1 990 \u20ac<\/span><\/li>\n\t\t<\/ul>\n\t\t<a class='vc_general vc_btn3' href='https:\/\/tangerineretreat.com\/fr\/retraite-3-jours\/'><i class='fas fa-leaf'><\/i> 3 jours<br\/><small>1 c\u00e9r\u00e9monie<\/small><\/a>\n\t\t<a class='vc_general vc_btn3' href='https:\/\/tangerineretreat.com\/fr\/retraite-5-jours\/'><i class='fas fa-tree'><\/i> 5 jours<br\/><small>2 c\u00e9r\u00e9monies<\/small><\/a><\/div>\n\t<\/div>[\/vc_column_text][vc_empty_space][\/vc_column][\/vc_row]\n","protected":false},"excerpt":{"rendered":"<p>[vc_row full_width=&#8221;stretch_row_content_no_spaces&#8221;][vc_column width=&#8221;1\/2&#8243;][vc_single_image image=&#8221;9265&#8243; img_size=&#8221;full&#8221;][\/vc_column][vc_column width=&#8221;1\/2&#8243;][vc_row_inner el_class=&#8221;mobile-text-left&#8221;][vc_column_inner][vc_empty_space][vc_column_text] Un lieu d&#8217;\u00e9veil D\u00e9connectez-vous du quotidien La premi\u00e8re \u00e9tape d&#8217;une transformation, c&#8217;est de trouver l&#8217;endroit o\u00f9 elle aura lieu. Comme la graine doit trouver la terre o\u00f9 elle germera, Tangerine Retreat a trouv\u00e9 le lieu de cure id\u00e9al pour faire fleurir ses participants. Notre lieu de retraite psych\u00e9d\u00e9lique [&hellip;]<\/p>\n","protected":false},"author":1,"featured_media":0,"parent":0,"menu_order":0,"comment_status":"closed","ping_status":"closed","template":"page.php","meta":{"iawp_total_views":295,"footnotes":""},"class_list":["post-30","page","type-page","status-publish","hentry"],"yoast_head":"<!-- This site is optimized with the Yoast SEO plugin v27.3 - https:\/\/yoast.com\/product\/yoast-seo-wordpress\/ -->\n<title>Le lieu de la retraite \u2022 TangerineRetreat<\/title>\n<meta name=\"description\" content=\"Notre retraite psych\u00e9lique se situe dans la campagne des Pays-Bas, \u00e0 la fois \u00e0 l&#039;\u00e9cart du monde et \u00e0 proximit\u00e9 des commodit\u00e9s. C&#039;est le lieu id\u00e9al pour une d\u00e9connexion en totale s\u00e9curit\u00e9. Tout a \u00e9t\u00e9 pr\u00e9par\u00e9 pour faciliter une exp\u00e9rience spirituelle dense et un renouveau personnel marquant\" \/>\n<meta name=\"robots\" content=\"index, follow, max-snippet:-1, max-image-preview:large, max-video-preview:-1\" \/>\n<link rel=\"canonical\" href=\"https:\/\/tangerineretreat.com\/fr\/lieu\/\" \/>\n<meta property=\"og:locale\" content=\"fr_FR\" \/>\n<meta property=\"og:type\" content=\"article\" \/>\n<meta property=\"og:title\" content=\"Le lieu de la retraite \u2022 TangerineRetreat\" \/>\n<meta property=\"og:description\" content=\"Notre retraite psych\u00e9lique se situe dans la campagne des Pays-Bas, \u00e0 la fois \u00e0 l&#039;\u00e9cart du monde et \u00e0 proximit\u00e9 des commodit\u00e9s. C&#039;est le lieu id\u00e9al pour une d\u00e9connexion en totale s\u00e9curit\u00e9. Tout a \u00e9t\u00e9 pr\u00e9par\u00e9 pour faciliter une exp\u00e9rience spirituelle dense et un renouveau personnel marquant\" \/>\n<meta property=\"og:url\" content=\"https:\/\/tangerineretreat.com\/fr\/lieu\/\" \/>\n<meta property=\"og:site_name\" content=\"Tangerine Retreat\" \/>\n<meta property=\"article:modified_time\" content=\"2025-05-28T13:48:19+00:00\" \/>\n<meta property=\"og:image\" content=\"https:\/\/tangerineretreat.com\/wp-content\/uploads\/logo-carre.png\" \/>\n\t<meta property=\"og:image:width\" content=\"1125\" \/>\n\t<meta property=\"og:image:height\" content=\"1125\" \/>\n\t<meta property=\"og:image:type\" content=\"image\/png\" \/>\n<meta name=\"twitter:card\" content=\"summary_large_image\" \/>\n<script type=\"application\/ld+json\" class=\"yoast-schema-graph\">{\"@context\":\"https:\\\/\\\/schema.org\",\"@graph\":[{\"@type\":\"WebPage\",\"@id\":\"https:\\\/\\\/tangerineretreat.com\\\/fr\\\/lieu\\\/\",\"url\":\"https:\\\/\\\/tangerineretreat.com\\\/fr\\\/lieu\\\/\",\"name\":\"Le lieu de la retraite \u2022 TangerineRetreat\",\"isPartOf\":{\"@id\":\"https:\\\/\\\/tangerineretreat.com\\\/fr\\\/#website\"},\"datePublished\":\"2022-10-25T13:06:44+00:00\",\"dateModified\":\"2025-05-28T13:48:19+00:00\",\"description\":\"Notre retraite psych\u00e9lique se situe dans la campagne des Pays-Bas, \u00e0 la fois \u00e0 l'\u00e9cart du monde et \u00e0 proximit\u00e9 des commodit\u00e9s. C'est le lieu id\u00e9al pour une d\u00e9connexion en totale s\u00e9curit\u00e9. Tout a \u00e9t\u00e9 pr\u00e9par\u00e9 pour faciliter une exp\u00e9rience spirituelle dense et un renouveau personnel marquant\",\"breadcrumb\":{\"@id\":\"https:\\\/\\\/tangerineretreat.com\\\/fr\\\/lieu\\\/#breadcrumb\"},\"inLanguage\":\"fr-FR\",\"potentialAction\":[{\"@type\":\"ReadAction\",\"target\":[\"https:\\\/\\\/tangerineretreat.com\\\/fr\\\/lieu\\\/\"]}]},{\"@type\":\"BreadcrumbList\",\"@id\":\"https:\\\/\\\/tangerineretreat.com\\\/fr\\\/lieu\\\/#breadcrumb\",\"itemListElement\":[{\"@type\":\"ListItem\",\"position\":1,\"name\":\"Accueil\",\"item\":\"https:\\\/\\\/tangerineretreat.com\\\/fr\\\/\"},{\"@type\":\"ListItem\",\"position\":2,\"name\":\"Lieu\"}]},{\"@type\":\"WebSite\",\"@id\":\"https:\\\/\\\/tangerineretreat.com\\\/fr\\\/#website\",\"url\":\"https:\\\/\\\/tangerineretreat.com\\\/fr\\\/\",\"name\":\"Tangerine Retreat\",\"description\":\"Legal psychedelic retreat in the Netherlands\",\"publisher\":{\"@id\":\"https:\\\/\\\/tangerineretreat.com\\\/fr\\\/#organization\"},\"alternateName\":\"Tangerine Psychedelic Institute\",\"potentialAction\":[{\"@type\":\"SearchAction\",\"target\":{\"@type\":\"EntryPoint\",\"urlTemplate\":\"https:\\\/\\\/tangerineretreat.com\\\/fr\\\/?s={search_term_string}\"},\"query-input\":{\"@type\":\"PropertyValueSpecification\",\"valueRequired\":true,\"valueName\":\"search_term_string\"}}],\"inLanguage\":\"fr-FR\"},{\"@type\":\"Organization\",\"@id\":\"https:\\\/\\\/tangerineretreat.com\\\/fr\\\/#organization\",\"name\":\"Tangerine Retreat\",\"url\":\"https:\\\/\\\/tangerineretreat.com\\\/fr\\\/\",\"logo\":{\"@type\":\"ImageObject\",\"inLanguage\":\"fr-FR\",\"@id\":\"https:\\\/\\\/tangerineretreat.com\\\/fr\\\/#\\\/schema\\\/logo\\\/image\\\/\",\"url\":\"https:\\\/\\\/tangerineretreat.com\\\/wp-content\\\/uploads\\\/tangerine-retreat-logo-4.png\",\"contentUrl\":\"https:\\\/\\\/tangerineretreat.com\\\/wp-content\\\/uploads\\\/tangerine-retreat-logo-4.png\",\"width\":185,\"height\":50,\"caption\":\"Tangerine Retreat\"},\"image\":{\"@id\":\"https:\\\/\\\/tangerineretreat.com\\\/fr\\\/#\\\/schema\\\/logo\\\/image\\\/\"}}]}<\/script>\n<!-- \/ Yoast SEO plugin. -->","yoast_head_json":{"title":"Le lieu de la retraite \u2022 TangerineRetreat","description":"Notre retraite psych\u00e9lique se situe dans la campagne des Pays-Bas, \u00e0 la fois \u00e0 l'\u00e9cart du monde et \u00e0 proximit\u00e9 des commodit\u00e9s. C'est le lieu id\u00e9al pour une d\u00e9connexion en totale s\u00e9curit\u00e9. Tout a \u00e9t\u00e9 pr\u00e9par\u00e9 pour faciliter une exp\u00e9rience spirituelle dense et un renouveau personnel marquant","robots":{"index":"index","follow":"follow","max-snippet":"max-snippet:-1","max-image-preview":"max-image-preview:large","max-video-preview":"max-video-preview:-1"},"canonical":"https:\/\/tangerineretreat.com\/fr\/lieu\/","og_locale":"fr_FR","og_type":"article","og_title":"Le lieu de la retraite \u2022 TangerineRetreat","og_description":"Notre retraite psych\u00e9lique se situe dans la campagne des Pays-Bas, \u00e0 la fois \u00e0 l'\u00e9cart du monde et \u00e0 proximit\u00e9 des commodit\u00e9s. C'est le lieu id\u00e9al pour une d\u00e9connexion en totale s\u00e9curit\u00e9. Tout a \u00e9t\u00e9 pr\u00e9par\u00e9 pour faciliter une exp\u00e9rience spirituelle dense et un renouveau personnel marquant","og_url":"https:\/\/tangerineretreat.com\/fr\/lieu\/","og_site_name":"Tangerine Retreat","article_modified_time":"2025-05-28T13:48:19+00:00","og_image":[{"width":1125,"height":1125,"url":"https:\/\/tangerineretreat.com\/wp-content\/uploads\/logo-carre.png","type":"image\/png"}],"twitter_card":"summary_large_image","schema":{"@context":"https:\/\/schema.org","@graph":[{"@type":"WebPage","@id":"https:\/\/tangerineretreat.com\/fr\/lieu\/","url":"https:\/\/tangerineretreat.com\/fr\/lieu\/","name":"Le lieu de la retraite \u2022 TangerineRetreat","isPartOf":{"@id":"https:\/\/tangerineretreat.com\/fr\/#website"},"datePublished":"2022-10-25T13:06:44+00:00","dateModified":"2025-05-28T13:48:19+00:00","description":"Notre retraite psych\u00e9lique se situe dans la campagne des Pays-Bas, \u00e0 la fois \u00e0 l'\u00e9cart du monde et \u00e0 proximit\u00e9 des commodit\u00e9s. C'est le lieu id\u00e9al pour une d\u00e9connexion en totale s\u00e9curit\u00e9. Tout a \u00e9t\u00e9 pr\u00e9par\u00e9 pour faciliter une exp\u00e9rience spirituelle dense et un renouveau personnel marquant","breadcrumb":{"@id":"https:\/\/tangerineretreat.com\/fr\/lieu\/#breadcrumb"},"inLanguage":"fr-FR","potentialAction":[{"@type":"ReadAction","target":["https:\/\/tangerineretreat.com\/fr\/lieu\/"]}]},{"@type":"BreadcrumbList","@id":"https:\/\/tangerineretreat.com\/fr\/lieu\/#breadcrumb","itemListElement":[{"@type":"ListItem","position":1,"name":"Accueil","item":"https:\/\/tangerineretreat.com\/fr\/"},{"@type":"ListItem","position":2,"name":"Lieu"}]},{"@type":"WebSite","@id":"https:\/\/tangerineretreat.com\/fr\/#website","url":"https:\/\/tangerineretreat.com\/fr\/","name":"Tangerine Retreat","description":"Legal psychedelic retreat in the Netherlands","publisher":{"@id":"https:\/\/tangerineretreat.com\/fr\/#organization"},"alternateName":"Tangerine Psychedelic Institute","potentialAction":[{"@type":"SearchAction","target":{"@type":"EntryPoint","urlTemplate":"https:\/\/tangerineretreat.com\/fr\/?s={search_term_string}"},"query-input":{"@type":"PropertyValueSpecification","valueRequired":true,"valueName":"search_term_string"}}],"inLanguage":"fr-FR"},{"@type":"Organization","@id":"https:\/\/tangerineretreat.com\/fr\/#organization","name":"Tangerine Retreat","url":"https:\/\/tangerineretreat.com\/fr\/","logo":{"@type":"ImageObject","inLanguage":"fr-FR","@id":"https:\/\/tangerineretreat.com\/fr\/#\/schema\/logo\/image\/","url":"https:\/\/tangerineretreat.com\/wp-content\/uploads\/tangerine-retreat-logo-4.png","contentUrl":"https:\/\/tangerineretreat.com\/wp-content\/uploads\/tangerine-retreat-logo-4.png","width":185,"height":50,"caption":"Tangerine Retreat"},"image":{"@id":"https:\/\/tangerineretreat.com\/fr\/#\/schema\/logo\/image\/"}}]}},"_links":{"self":[{"href":"https:\/\/tangerineretreat.com\/fr\/wp-json\/wp\/v2\/pages\/30","targetHints":{"allow":["GET"]}}],"collection":[{"href":"https:\/\/tangerineretreat.com\/fr\/wp-json\/wp\/v2\/pages"}],"about":[{"href":"https:\/\/tangerineretreat.com\/fr\/wp-json\/wp\/v2\/types\/page"}],"author":[{"embeddable":true,"href":"https:\/\/tangerineretreat.com\/fr\/wp-json\/wp\/v2\/users\/1"}],"replies":[{"embeddable":true,"href":"https:\/\/tangerineretreat.com\/fr\/wp-json\/wp\/v2\/comments?post=30"}],"version-history":[{"count":0,"href":"https:\/\/tangerineretreat.com\/fr\/wp-json\/wp\/v2\/pages\/30\/revisions"}],"wp:attachment":[{"href":"https:\/\/tangerineretreat.com\/fr\/wp-json\/wp\/v2\/media?parent=30"}],"curies":[{"name":"wp","href":"https:\/\/api.w.org\/{rel}","templated":true}]}}