{"id":11511,"date":"2024-01-11T12:20:20","date_gmt":"2024-01-11T11:20:20","guid":{"rendered":"https:\/\/tangerineretreat.com\/affiliate-registration\/"},"modified":"2025-10-21T16:54:13","modified_gmt":"2025-10-21T14:54:13","slug":"inscription-affiliation","status":"publish","type":"page","link":"https:\/\/tangerineretreat.com\/fr\/inscription-affiliation\/","title":{"rendered":"Affiliation : S&#8217;inscrire"},"content":{"rendered":"[vc_row full_width=&#8221;stretch_row_content_no_spaces&#8221; content_placement=&#8221;middle&#8221; el_class=&#8221;magazine&#8221; css=&#8221;.vc_custom_1760967264804{margin-top: 0px !important;margin-bottom: 0px !important;border-top-width: 0px !important;border-bottom-width: 0px !important;padding-top: 0px !important;padding-bottom: 0px !important;}&#8221;][vc_column width=&#8221;1\/2&#8243;][vc_icon icon_fontawesome=&#8221;fas fa-comment-dollar&#8221; color=&#8221;custom&#8221; background_style=&#8221;rounded&#8221; background_color=&#8221;white&#8221; align=&#8221;center&#8221; custom_color=&#8221;#2c333b&#8221;][vc_column_text]\n<h2 style=\"text-align: center;\">Rejoignez le programme d\u2019affiliation de Tangerine Retreat<\/h2>\n<p style=\"text-align: center;\">Aidez d\u2019autres personnes \u00e0 d\u00e9couvrir la puissance d\u2019une retraite psych\u00e9d\u00e9lique l\u00e9gale<strong> et gagnez des commissions attractives<\/strong>.<\/p>\n<p style=\"text-align: center;\">En rejoignant notre programme d\u2019affiliation, vous contribuez \u00e0 promouvoir une exp\u00e9rience de confiance, \u00e9thique et transformatrice aux Pays-Bas.<\/p>\n[\/vc_column_text][vc_btn title=&#8221;Rejoignez-nous&#8221; style=&#8221;flat&#8221; shape=&#8221;round&#8221; color=&#8221;default&#8221; align=&#8221;center&#8221; link=&#8221;url:%23registration|title:Rejoindre%20le%20programme&#8221;][\/vc_column][vc_column width=&#8221;1\/2&#8243;][vc_single_image image=&#8221;10015&#8243; img_size=&#8221;large&#8221;][\/vc_column][\/vc_row][vc_row][vc_column][vc_empty_space][vc_column_text]\n<h2 style=\"text-align: center;\">Qui peut postuler ?<\/h2>\n<p style=\"text-align: center;\">Cr\u00e9ateurs de contenu, coachs en bien-\u00eatre, th\u00e9rapeutes, ou toute personne d\u00e9sireuse de <strong>partager une approche professionnelle et bienveillante<\/strong> des exp\u00e9riences \u00e0 la psilocybine.<\/p>\n<p style=\"text-align: center;\">Rejoignez notre r\u00e9seau de partenaires et gagnez en diffusant inspiration et gu\u00e9rison.<\/p>\n[\/vc_column_text][\/vc_column][\/vc_row][vc_row content_placement=&#8221;top&#8221;][vc_column width=&#8221;1\/2&#8243;][vc_message icon_fontawesome=&#8221;fas fa-money-bill&#8221; el_class=&#8221;blocListe2&#8243;]\n<h3>Commissions attractives<\/h3>\n<p><strong>Gagnez 100 \u20ac pour chaque r\u00e9servation confirm\u00e9e<\/strong>. Sans paliers ni limites cach\u00e9es : vous \u00eates r\u00e9mun\u00e9r\u00e9 pour chaque recommandation r\u00e9ussie.[\/vc_message][vc_message icon_fontawesome=&#8221;fas fa-clock&#8221; el_class=&#8221;blocListe2&#8243;]\n<h3>Cookies actifs pendant 30 jours<\/h3>\n<p>Votre lien d\u2019affiliation <strong>reste actif pendant 30 jours<\/strong> apr\u00e8s le premier clic du visiteur. M\u00eame s\u2019il r\u00e9serve plusieurs semaines apr\u00e8s, la commission vous revient.[\/vc_message][\/vc_column][vc_column width=&#8221;1\/2&#8243;][vc_message icon_fontawesome=&#8221;fas fa-box-open&#8221; el_class=&#8221;blocListe2&#8243;]\n<h3>Kit complet de communication<\/h3>\n<p>Acc\u00e9dez \u00e0 <strong>un pack m\u00e9dia complet<\/strong> : banni\u00e8res, visuels et liens de suivi UTM. Tout est pr\u00eat pour vous aider \u00e0 promouvoir efficacement.[\/vc_message][vc_message icon_fontawesome=&#8221;fas fa-balance-scale&#8221; el_class=&#8221;blocListe2&#8243;]\n<h3>L\u00e9gal et transparent<\/h3>\n<p>Tangerine Retreat est <strong>une soci\u00e9t\u00e9 enregistr\u00e9e aux Pays-Bas<\/strong>, accueillant des participants du monde entier pour des retraites l\u00e9gales et immersives.[\/vc_message][\/vc_column][\/vc_row][vc_row el_class=&#8221;contact prestations&#8221; el_id=&#8221;registration&#8221;][vc_column][vc_empty_space][vc_column_text]\n<div class=\"flex-1 overflow-hidden\">\n<h1 class=\"page_title\" style=\"text-align: center;\">Inscription au programme<\/h1>\n<p class=\"subtitle orange\" style=\"text-align: center;\"><i class=\"fa fa-paper-plane\"><\/i> Commencez \u00e0 r\u00e9colter vos commissions<\/p>\n<p><strong>Rejoignez d\u00e8s maintenant et sans condition<\/strong> notre programme d&#8217;affiliation. Compl\u00e9tez le formulaire ci-dessous avec les d\u00e9tails permettant de cr\u00e9er votre compte et de vous r\u00e9mun\u00e9rer.<\/p>\n<p>Nous vous enverrons un email d\u00e8s que notre \u00e9quipe aura valid\u00e9 votre demande.<\/p>\n<\/div>\n[\/vc_column_text][vc_empty_space][vc_column_text][\/vc_column_text][vc_empty_space][vc_column_text el_class=&#8221;smallTitle&#8221;]\n<p style=\"text-align: center;\">Lire nos <a href=\"https:\/\/tangerineretreat.com\/fr\/conditions-generales-affiliation\/\">conditions g\u00e9n\u00e9rales d&#8217;affiliation<\/a> en fran\u00e7ais.<\/p>\n[\/vc_column_text][\/vc_column][\/vc_row][vc_row][vc_column][vc_empty_space][\/vc_column][\/vc_row]\n","protected":false},"excerpt":{"rendered":"<p>[vc_row full_width=&#8221;stretch_row_content_no_spaces&#8221; content_placement=&#8221;middle&#8221; el_class=&#8221;magazine&#8221; css=&#8221;.vc_custom_1760967264804{margin-top: 0px !important;margin-bottom: 0px !important;border-top-width: 0px !important;border-bottom-width: 0px !important;padding-top: 0px !important;padding-bottom: 0px !important;}&#8221;][vc_column width=&#8221;1\/2&#8243;][vc_icon icon_fontawesome=&#8221;fas fa-comment-dollar&#8221; color=&#8221;custom&#8221; background_style=&#8221;rounded&#8221; background_color=&#8221;white&#8221; align=&#8221;center&#8221; custom_color=&#8221;#2c333b&#8221;][vc_column_text] Rejoignez le programme d\u2019affiliation de Tangerine Retreat Aidez d\u2019autres personnes \u00e0 d\u00e9couvrir la puissance d\u2019une retraite psych\u00e9d\u00e9lique l\u00e9gale et gagnez des commissions attractives. En rejoignant notre programme d\u2019affiliation, vous contribuez [&hellip;]<\/p>\n","protected":false},"author":1,"featured_media":0,"parent":0,"menu_order":0,"comment_status":"closed","ping_status":"closed","template":"page.php","meta":{"iawp_total_views":27,"footnotes":""},"class_list":["post-11511","page","type-page","status-publish","hentry"],"yoast_head":"<!-- This site is optimized with the Yoast SEO plugin v27.3 - https:\/\/yoast.com\/product\/yoast-seo-wordpress\/ -->\n<title>Programme d&#039;affiliation de Tangerine Retreat<\/title>\n<meta name=\"description\" content=\"Vous \u00eates un professionnel ? Rejoignez notre programme d&#039;affiliation, aidez-nous \u00e0 promouvoir nos retraites et gagnez de l&#039;argent !\" \/>\n<meta name=\"robots\" content=\"index, follow, max-snippet:-1, max-image-preview:large, max-video-preview:-1\" \/>\n<link rel=\"canonical\" href=\"https:\/\/tangerineretreat.com\/fr\/inscription-affiliation\/\" \/>\n<meta property=\"og:locale\" content=\"fr_FR\" \/>\n<meta property=\"og:type\" content=\"article\" \/>\n<meta property=\"og:title\" content=\"Programme d&#039;affiliation de Tangerine Retreat\" \/>\n<meta property=\"og:description\" content=\"Vous \u00eates un professionnel ? Rejoignez notre programme d&#039;affiliation, aidez-nous \u00e0 promouvoir nos retraites et gagnez de l&#039;argent !\" \/>\n<meta property=\"og:url\" content=\"https:\/\/tangerineretreat.com\/fr\/inscription-affiliation\/\" \/>\n<meta property=\"og:site_name\" content=\"Tangerine Retreat\" \/>\n<meta property=\"article:modified_time\" content=\"2025-10-21T14:54:13+00:00\" \/>\n<meta property=\"og:image\" content=\"https:\/\/tangerineretreat.com\/wp-content\/uploads\/logo-carre.png\" \/>\n\t<meta property=\"og:image:width\" content=\"1125\" \/>\n\t<meta property=\"og:image:height\" content=\"1125\" \/>\n\t<meta property=\"og:image:type\" content=\"image\/png\" \/>\n<meta name=\"twitter:card\" content=\"summary_large_image\" \/>\n<script type=\"application\/ld+json\" class=\"yoast-schema-graph\">{\"@context\":\"https:\\\/\\\/schema.org\",\"@graph\":[{\"@type\":\"WebPage\",\"@id\":\"https:\\\/\\\/tangerineretreat.com\\\/fr\\\/inscription-affiliation\\\/\",\"url\":\"https:\\\/\\\/tangerineretreat.com\\\/fr\\\/inscription-affiliation\\\/\",\"name\":\"Programme d'affiliation de Tangerine Retreat\",\"isPartOf\":{\"@id\":\"https:\\\/\\\/tangerineretreat.com\\\/fr\\\/#website\"},\"datePublished\":\"2024-01-11T11:20:20+00:00\",\"dateModified\":\"2025-10-21T14:54:13+00:00\",\"description\":\"Vous \u00eates un professionnel ? Rejoignez notre programme d'affiliation, aidez-nous \u00e0 promouvoir nos retraites et gagnez de l'argent !\",\"breadcrumb\":{\"@id\":\"https:\\\/\\\/tangerineretreat.com\\\/fr\\\/inscription-affiliation\\\/#breadcrumb\"},\"inLanguage\":\"fr-FR\",\"potentialAction\":[{\"@type\":\"ReadAction\",\"target\":[\"https:\\\/\\\/tangerineretreat.com\\\/fr\\\/inscription-affiliation\\\/\"]}]},{\"@type\":\"BreadcrumbList\",\"@id\":\"https:\\\/\\\/tangerineretreat.com\\\/fr\\\/inscription-affiliation\\\/#breadcrumb\",\"itemListElement\":[{\"@type\":\"ListItem\",\"position\":1,\"name\":\"Accueil\",\"item\":\"https:\\\/\\\/tangerineretreat.com\\\/fr\\\/\"},{\"@type\":\"ListItem\",\"position\":2,\"name\":\"Affiliation : S&#8217;inscrire\"}]},{\"@type\":\"WebSite\",\"@id\":\"https:\\\/\\\/tangerineretreat.com\\\/fr\\\/#website\",\"url\":\"https:\\\/\\\/tangerineretreat.com\\\/fr\\\/\",\"name\":\"Tangerine Retreat\",\"description\":\"Legal psychedelic retreat in the Netherlands\",\"publisher\":{\"@id\":\"https:\\\/\\\/tangerineretreat.com\\\/fr\\\/#organization\"},\"alternateName\":\"Tangerine Psychedelic Institute\",\"potentialAction\":[{\"@type\":\"SearchAction\",\"target\":{\"@type\":\"EntryPoint\",\"urlTemplate\":\"https:\\\/\\\/tangerineretreat.com\\\/fr\\\/?s={search_term_string}\"},\"query-input\":{\"@type\":\"PropertyValueSpecification\",\"valueRequired\":true,\"valueName\":\"search_term_string\"}}],\"inLanguage\":\"fr-FR\"},{\"@type\":\"Organization\",\"@id\":\"https:\\\/\\\/tangerineretreat.com\\\/fr\\\/#organization\",\"name\":\"Tangerine Retreat\",\"url\":\"https:\\\/\\\/tangerineretreat.com\\\/fr\\\/\",\"logo\":{\"@type\":\"ImageObject\",\"inLanguage\":\"fr-FR\",\"@id\":\"https:\\\/\\\/tangerineretreat.com\\\/fr\\\/#\\\/schema\\\/logo\\\/image\\\/\",\"url\":\"https:\\\/\\\/tangerineretreat.com\\\/wp-content\\\/uploads\\\/tangerine-retreat-logo-4.png\",\"contentUrl\":\"https:\\\/\\\/tangerineretreat.com\\\/wp-content\\\/uploads\\\/tangerine-retreat-logo-4.png\",\"width\":185,\"height\":50,\"caption\":\"Tangerine Retreat\"},\"image\":{\"@id\":\"https:\\\/\\\/tangerineretreat.com\\\/fr\\\/#\\\/schema\\\/logo\\\/image\\\/\"}}]}<\/script>\n<!-- \/ Yoast SEO plugin. -->","yoast_head_json":{"title":"Programme d'affiliation de Tangerine Retreat","description":"Vous \u00eates un professionnel ? Rejoignez notre programme d'affiliation, aidez-nous \u00e0 promouvoir nos retraites et gagnez de l'argent !","robots":{"index":"index","follow":"follow","max-snippet":"max-snippet:-1","max-image-preview":"max-image-preview:large","max-video-preview":"max-video-preview:-1"},"canonical":"https:\/\/tangerineretreat.com\/fr\/inscription-affiliation\/","og_locale":"fr_FR","og_type":"article","og_title":"Programme d'affiliation de Tangerine Retreat","og_description":"Vous \u00eates un professionnel ? Rejoignez notre programme d'affiliation, aidez-nous \u00e0 promouvoir nos retraites et gagnez de l'argent !","og_url":"https:\/\/tangerineretreat.com\/fr\/inscription-affiliation\/","og_site_name":"Tangerine Retreat","article_modified_time":"2025-10-21T14:54:13+00:00","og_image":[{"width":1125,"height":1125,"url":"https:\/\/tangerineretreat.com\/wp-content\/uploads\/logo-carre.png","type":"image\/png"}],"twitter_card":"summary_large_image","schema":{"@context":"https:\/\/schema.org","@graph":[{"@type":"WebPage","@id":"https:\/\/tangerineretreat.com\/fr\/inscription-affiliation\/","url":"https:\/\/tangerineretreat.com\/fr\/inscription-affiliation\/","name":"Programme d'affiliation de Tangerine Retreat","isPartOf":{"@id":"https:\/\/tangerineretreat.com\/fr\/#website"},"datePublished":"2024-01-11T11:20:20+00:00","dateModified":"2025-10-21T14:54:13+00:00","description":"Vous \u00eates un professionnel ? Rejoignez notre programme d'affiliation, aidez-nous \u00e0 promouvoir nos retraites et gagnez de l'argent !","breadcrumb":{"@id":"https:\/\/tangerineretreat.com\/fr\/inscription-affiliation\/#breadcrumb"},"inLanguage":"fr-FR","potentialAction":[{"@type":"ReadAction","target":["https:\/\/tangerineretreat.com\/fr\/inscription-affiliation\/"]}]},{"@type":"BreadcrumbList","@id":"https:\/\/tangerineretreat.com\/fr\/inscription-affiliation\/#breadcrumb","itemListElement":[{"@type":"ListItem","position":1,"name":"Accueil","item":"https:\/\/tangerineretreat.com\/fr\/"},{"@type":"ListItem","position":2,"name":"Affiliation : S&#8217;inscrire"}]},{"@type":"WebSite","@id":"https:\/\/tangerineretreat.com\/fr\/#website","url":"https:\/\/tangerineretreat.com\/fr\/","name":"Tangerine Retreat","description":"Legal psychedelic retreat in the Netherlands","publisher":{"@id":"https:\/\/tangerineretreat.com\/fr\/#organization"},"alternateName":"Tangerine Psychedelic Institute","potentialAction":[{"@type":"SearchAction","target":{"@type":"EntryPoint","urlTemplate":"https:\/\/tangerineretreat.com\/fr\/?s={search_term_string}"},"query-input":{"@type":"PropertyValueSpecification","valueRequired":true,"valueName":"search_term_string"}}],"inLanguage":"fr-FR"},{"@type":"Organization","@id":"https:\/\/tangerineretreat.com\/fr\/#organization","name":"Tangerine Retreat","url":"https:\/\/tangerineretreat.com\/fr\/","logo":{"@type":"ImageObject","inLanguage":"fr-FR","@id":"https:\/\/tangerineretreat.com\/fr\/#\/schema\/logo\/image\/","url":"https:\/\/tangerineretreat.com\/wp-content\/uploads\/tangerine-retreat-logo-4.png","contentUrl":"https:\/\/tangerineretreat.com\/wp-content\/uploads\/tangerine-retreat-logo-4.png","width":185,"height":50,"caption":"Tangerine Retreat"},"image":{"@id":"https:\/\/tangerineretreat.com\/fr\/#\/schema\/logo\/image\/"}}]}},"_links":{"self":[{"href":"https:\/\/tangerineretreat.com\/fr\/wp-json\/wp\/v2\/pages\/11511","targetHints":{"allow":["GET"]}}],"collection":[{"href":"https:\/\/tangerineretreat.com\/fr\/wp-json\/wp\/v2\/pages"}],"about":[{"href":"https:\/\/tangerineretreat.com\/fr\/wp-json\/wp\/v2\/types\/page"}],"author":[{"embeddable":true,"href":"https:\/\/tangerineretreat.com\/fr\/wp-json\/wp\/v2\/users\/1"}],"replies":[{"embeddable":true,"href":"https:\/\/tangerineretreat.com\/fr\/wp-json\/wp\/v2\/comments?post=11511"}],"version-history":[{"count":0,"href":"https:\/\/tangerineretreat.com\/fr\/wp-json\/wp\/v2\/pages\/11511\/revisions"}],"wp:attachment":[{"href":"https:\/\/tangerineretreat.com\/fr\/wp-json\/wp\/v2\/media?parent=11511"}],"curies":[{"name":"wp","href":"https:\/\/api.w.org\/{rel}","templated":true}]}}