{"id":1140,"date":"2023-01-02T16:03:41","date_gmt":"2023-01-02T15:03:41","guid":{"rendered":"https:\/\/tangerineretreat.com\/?page_id=1140"},"modified":"2025-02-04T15:33:25","modified_gmt":"2025-02-04T14:33:25","slug":"contact","status":"publish","type":"page","link":"https:\/\/tangerineretreat.com\/fr\/contact\/","title":{"rendered":"Contacter Tangerine Retreat"},"content":{"rendered":"[vc_row][vc_column][vc_empty_space][\/vc_column][\/vc_row][vc_row full_height=&#8221;yes&#8221; columns_placement=&#8221;top&#8221; equal_height=&#8221;yes&#8221;][vc_column width=&#8221;1\/2&#8243; css=&#8221;.vc_custom_1738679296275{background-color: #f2f2f2 !important;}&#8221;][\/vc_column][vc_column width=&#8221;1\/2&#8243;][vc_column_text]\n<h2>Envoyez-nous un e-mail<\/h2>\n<p>Si vous avez des questions sur notre soci\u00e9t\u00e9 ou sur la psilocybine, merci de remplir le formulaire ci-dessous. Nous reviendrons vers vous sous 48 heures ouvr\u00e9es.[\/vc_column_text]<script type=\"text\/javascript\">var gform;gform||(document.addEventListener(\"gform_main_scripts_loaded\",function(){gform.scriptsLoaded=!0}),window.addEventListener(\"DOMContentLoaded\",function(){gform.domLoaded=!0}),gform={domLoaded:!1,scriptsLoaded:!1,initializeOnLoaded:function(o){gform.domLoaded&&gform.scriptsLoaded?o():!gform.domLoaded&&gform.scriptsLoaded?window.addEventListener(\"DOMContentLoaded\",o):document.addEventListener(\"gform_main_scripts_loaded\",o)},hooks:{action:{},filter:{}},addAction:function(o,n,r,t){gform.addHook(\"action\",o,n,r,t)},addFilter:function(o,n,r,t){gform.addHook(\"filter\",o,n,r,t)},doAction:function(o){gform.doHook(\"action\",o,arguments)},applyFilters:function(o){return gform.doHook(\"filter\",o,arguments)},removeAction:function(o,n){gform.removeHook(\"action\",o,n)},removeFilter:function(o,n,r){gform.removeHook(\"filter\",o,n,r)},addHook:function(o,n,r,t,i){null==gform.hooks[o][n]&&(gform.hooks[o][n]=[]);var e=gform.hooks[o][n];null==i&&(i=n+\"_\"+e.length),gform.hooks[o][n].push({tag:i,callable:r,priority:t=null==t?10:t})},doHook:function(n,o,r){var t;if(r=Array.prototype.slice.call(r,1),null!=gform.hooks[n][o]&&((o=gform.hooks[n][o]).sort(function(o,n){return o.priority-n.priority}),o.forEach(function(o){\"function\"!=typeof(t=o.callable)&&(t=window[t]),\"action\"==n?t.apply(null,r):r[0]=t.apply(null,r)})),\"filter\"==n)return r[0]},removeHook:function(o,n,t,i){var r;null!=gform.hooks[o][n]&&(r=(r=gform.hooks[o][n]).filter(function(o,n,r){return!!(null!=i&&i!=o.tag||null!=t&&t!=o.priority)}),gform.hooks[o][n]=r)}});<\/script>\n                <div class='gf_browser_gecko gform_wrapper gravity-theme gform-theme--no-framework' data-form-theme='gravity-theme' data-form-index='0' id='gform_wrapper_27' >\n                        <div class='gform_heading'>\n\t\t\t\t\t\t\t<p class='gform_required_legend'>\u00ab\u00a0<span class=\"gfield_required gfield_required_asterisk\">*<\/span>\u00a0\u00bb indique les champs n\u00e9cessaires<\/p>\n                        <\/div><form method='post' enctype='multipart\/form-data'  id='gform_27'  action='\/fr\/wp-json\/wp\/v2\/pages\/1140' data-formid='27' novalidate>\n                        <div class='gform-body gform_body'><div id='gform_fields_27' class='gform_fields top_label form_sublabel_above description_above'><div id=\"field_27_5\"  class=\"gfield gfield--type-hidden gfield--width-full gform_hidden field_sublabel_above gfield--no-description field_description_above gfield_visibility_visible\"  data-js-reload=\"field_27_5\"><div class='ginput_container ginput_container_text'><input name='input_5' id='input_27_5' type='hidden' class='gform_hidden'  aria-invalid=\"false\" value='FR' \/><\/div><\/div><div id=\"field_27_6\"  class=\"gfield gfield--type-hidden gfield--width-full gform_hidden field_sublabel_above gfield--no-description field_description_above gfield_visibility_visible\"  data-js-reload=\"field_27_6\"><div class='ginput_container ginput_container_text'><input name='input_6' id='input_27_6' type='hidden' class='gform_hidden'  aria-invalid=\"false\" value='contact' \/><\/div><\/div><div id=\"field_27_4\"  class=\"gfield gfield--type-text gfield--width-full gfield_contains_required field_sublabel_above gfield--no-description field_description_above gfield_visibility_visible\"  data-js-reload=\"field_27_4\"><label class='gfield_label gform-field-label' for='input_27_4' >Pr\u00e9nom<span class=\"gfield_required\"><span class=\"gfield_required gfield_required_asterisk\">*<\/span><\/span><\/label><div class='ginput_container ginput_container_text'><input name='input_4' id='input_27_4' type='text' value='' class='medium'     aria-required=\"true\" aria-invalid=\"false\"   \/> <\/div><\/div><div id=\"field_27_2\"  class=\"gfield gfield--type-email gfield_contains_required field_sublabel_above gfield--no-description field_description_above gfield_visibility_visible\"  data-js-reload=\"field_27_2\"><label class='gfield_label gform-field-label' for='input_27_2' >Email<span class=\"gfield_required\"><span class=\"gfield_required gfield_required_asterisk\">*<\/span><\/span><\/label><div class='ginput_container ginput_container_email'>\n                            <input name='input_2' id='input_27_2' type='email' value='' class='medium'    aria-required=\"true\" aria-invalid=\"false\"  \/>\n                        <\/div><\/div><div id=\"field_27_3\"  class=\"gfield gfield--type-textarea gfield_contains_required field_sublabel_above gfield--no-description field_description_above gfield_visibility_visible\"  data-js-reload=\"field_27_3\"><label class='gfield_label gform-field-label' for='input_27_3' >Message<span class=\"gfield_required\"><span class=\"gfield_required gfield_required_asterisk\">*<\/span><\/span><\/label><div class='ginput_container ginput_container_textarea'><textarea name='input_3' id='input_27_3' class='textarea medium'   maxlength='1000'  aria-required=\"true\" aria-invalid=\"false\"   rows='10' cols='50'><\/textarea><\/div><\/div><div id=\"field_27_7\"  class=\"gfield gfield--type-captcha gfield--width-full field_sublabel_above gfield--no-description field_description_above hidden_label gfield_visibility_visible\"  data-js-reload=\"field_27_7\"><label class='gfield_label gform-field-label' for='input_27_7' >CAPTCHA<\/label><div id='input_27_7' class='ginput_container ginput_recaptcha' data-sitekey='6LcuCNAqAAAAAGFb6goQEqKukL6mt1v7GXsx7dfM'  data-theme='light' data-tabindex='-1' data-size='invisible' data-badge='bottomright'><\/div><\/div><div id=\"field_27_8\"  class=\"gfield gfield--type-honeypot gform_validation_container field_sublabel_above gfield--has-description field_description_above gfield_visibility_visible\"  data-js-reload=\"field_27_8\"><label class='gfield_label gform-field-label' for='input_27_8' >Name<\/label><div class='gfield_description' id='gfield_description_27_8'>Ce champ n\u2019est utilis\u00e9 qu\u2019\u00e0 des fins de validation et devrait rester inchang\u00e9.<\/div><div class='ginput_container'><input name='input_8' id='input_27_8' type='text' value='' autocomplete='new-password'\/><\/div><\/div><\/div><\/div>\n        <div class='gform_footer top_label'> <input type='submit' id='gform_submit_button_27' class='gform_button button' value='Envoyer'  onclick='if(window[\"gf_submitting_27\"]){return false;}  if( !jQuery(\"#gform_27\")[0].checkValidity || jQuery(\"#gform_27\")[0].checkValidity()){window[\"gf_submitting_27\"]=true;}  ' onkeypress='if( event.keyCode == 13 ){ if(window[\"gf_submitting_27\"]){return false;} if( !jQuery(\"#gform_27\")[0].checkValidity || jQuery(\"#gform_27\")[0].checkValidity()){window[\"gf_submitting_27\"]=true;}  jQuery(\"#gform_27\").trigger(\"submit\",[true]); }' \/> \n            <input type='hidden' class='gform_hidden' name='is_submit_27' value='1' \/>\n            <input type='hidden' class='gform_hidden' name='gform_submit' value='27' \/>\n            \n            <input type='hidden' class='gform_hidden' name='gform_unique_id' value='' \/>\n            <input type='hidden' class='gform_hidden' name='state_27' value='WyJbXSIsIjZjMDY3YzNlZDUzMjkxNmFkNTYxNTYwMjEzZTdhYzkxIl0=' \/>\n            <input type='hidden' class='gform_hidden' name='gform_target_page_number_27' id='gform_target_page_number_27' value='0' \/>\n            <input type='hidden' class='gform_hidden' name='gform_source_page_number_27' id='gform_source_page_number_27' value='1' \/>\n            <input type='hidden' name='gform_field_values' value='' \/>\n            \n        <\/div>\n                        <\/form>\n                        <\/div><script type=\"text\/javascript\">\n\/* <![CDATA[ *\/\n gform.initializeOnLoaded( function() {gformInitSpinner( 27, 'https:\/\/tangerineretreat.com\/wp-content\/plugins\/gravityforms\/images\/spinner.svg', true );jQuery('#gform_ajax_frame_27').on('load',function(){var contents = jQuery(this).contents().find('*').html();var is_postback = contents.indexOf('GF_AJAX_POSTBACK') >= 0;if(!is_postback){return;}var form_content = jQuery(this).contents().find('#gform_wrapper_27');var is_confirmation = jQuery(this).contents().find('#gform_confirmation_wrapper_27').length > 0;var is_redirect = contents.indexOf('gformRedirect(){') >= 0;var is_form = form_content.length > 0 && ! is_redirect && ! is_confirmation;var mt = parseInt(jQuery('html').css('margin-top'), 10) + parseInt(jQuery('body').css('margin-top'), 10) + 100;if(is_form){jQuery('#gform_wrapper_27').html(form_content.html());if(form_content.hasClass('gform_validation_error')){jQuery('#gform_wrapper_27').addClass('gform_validation_error');} else {jQuery('#gform_wrapper_27').removeClass('gform_validation_error');}setTimeout( function() { \/* delay the scroll by 50 milliseconds to fix a bug in chrome *\/  }, 50 );if(window['gformInitDatepicker']) {gformInitDatepicker();}if(window['gformInitPriceFields']) {gformInitPriceFields();}var current_page = jQuery('#gform_source_page_number_27').val();gformInitSpinner( 27, 'https:\/\/tangerineretreat.com\/wp-content\/plugins\/gravityforms\/images\/spinner.svg', true );jQuery(document).trigger('gform_page_loaded', [27, current_page]);window['gf_submitting_27'] = false;}else if(!is_redirect){var confirmation_content = jQuery(this).contents().find('.GF_AJAX_POSTBACK').html();if(!confirmation_content){confirmation_content = contents;}setTimeout(function(){jQuery('#gform_wrapper_27').replaceWith(confirmation_content);jQuery(document).trigger('gform_confirmation_loaded', [27]);window['gf_submitting_27'] = false;wp.a11y.speak(jQuery('#gform_confirmation_message_27').text());}, 50);}else{jQuery('#gform_27').append(contents);if(window['gformRedirect']) {gformRedirect();}}jQuery(document).trigger('gform_post_render', [27, current_page]);} );} ); \n\/* ]]> *\/\n<\/script>\n[\/vc_column][\/vc_row][vc_row css=&#8221;.vc_custom_1689948504862{margin-bottom: 100px !important;}&#8221;][vc_column][vc_column_text]<div class=\"row\" id=\"booking\"><div class=\"col-md-12\"><p class=\"mega\"><i class=\"fa fa-comments\"><\/i> On en parle ?<\/p><\/div>\n\t\t\t\t<div class='col-md-6 rdv'><p>Prenez un rendez-vous d\u2019information gratuit et en fran\u00e7ais avec l\u2019un de nos facilitateurs.<\/p>\n\t\t\t<\/div><div class='col-md-6'><!-- Calendly link widget begin -->\n\t\t\t<link href=\"https:\/\/assets.calendly.com\/assets\/external\/widget.css\" rel=\"stylesheet\">\n\t\t\t<script src=\"https:\/\/assets.calendly.com\/assets\/external\/widget.js\" type=\"text\/javascript\" async><\/script>\n\t\t\t<a href=\"\" onclick=\"Calendly.initPopupWidget({url: 'https:\/\/calendly.com\/d\/cmtz-6mk-ng8\/contact-avec-tangerine-retreat-fr?primary_color=eb7f44'});return false;\"><i class=\"fa fa-phone\"><\/i>  Prendre un rendez-vous<\/a>\n\t\t\t<!-- Calendly link widget end --><\/div><\/div>[\/vc_column_text][\/vc_column][\/vc_row]\n","protected":false},"excerpt":{"rendered":"<p>[vc_row][vc_column][vc_empty_space][\/vc_column][\/vc_row][vc_row full_height=&#8221;yes&#8221; columns_placement=&#8221;top&#8221; equal_height=&#8221;yes&#8221;][vc_column width=&#8221;1\/2&#8243; css=&#8221;.vc_custom_1738679296275{background-color: #f2f2f2 !important;}&#8221;][\/vc_column][vc_column width=&#8221;1\/2&#8243;][vc_column_text] Envoyez-nous un e-mail Si vous avez des questions sur notre soci\u00e9t\u00e9 ou sur la psilocybine, merci de remplir le formulaire ci-dessous. Nous reviendrons vers vous sous 48 heures ouvr\u00e9es.[\/vc_column_text][\/vc_column][\/vc_row][vc_row css=&#8221;.vc_custom_1689948504862{margin-bottom: 100px !important;}&#8221;][vc_column][vc_column_text][\/vc_column_text][\/vc_column][\/vc_row]<\/p>\n","protected":false},"author":1,"featured_media":0,"parent":0,"menu_order":0,"comment_status":"closed","ping_status":"closed","template":"page.php","meta":{"iawp_total_views":199,"footnotes":""},"class_list":["post-1140","page","type-page","status-publish","hentry"],"yoast_head":"<!-- This site is optimized with the Yoast SEO plugin v27.3 - https:\/\/yoast.com\/product\/yoast-seo-wordpress\/ -->\n<title>Contacter TangerineRetreat<\/title>\n<meta name=\"description\" content=\"Contactez-nous pour toutes questions \u00e0 propos de notre structure ou de la psilocybine. Nous vous recontacterons dans les 48 heures.\" \/>\n<meta name=\"robots\" content=\"noindex, nofollow\" \/>\n<meta property=\"og:locale\" content=\"fr_FR\" \/>\n<meta property=\"og:type\" content=\"article\" \/>\n<meta property=\"og:title\" content=\"Contacter TangerineRetreat\" \/>\n<meta property=\"og:description\" content=\"Contactez-nous pour toutes questions \u00e0 propos de notre structure ou de la psilocybine. Nous vous recontacterons dans les 48 heures.\" \/>\n<meta property=\"og:url\" content=\"https:\/\/tangerineretreat.com\/fr\/contact\/\" \/>\n<meta property=\"og:site_name\" content=\"Tangerine Retreat\" \/>\n<meta property=\"article:modified_time\" content=\"2025-02-04T14:33:25+00:00\" \/>\n<meta property=\"og:image\" content=\"https:\/\/tangerineretreat.com\/wp-content\/uploads\/logo-carre.png\" \/>\n\t<meta property=\"og:image:width\" content=\"1125\" \/>\n\t<meta property=\"og:image:height\" content=\"1125\" \/>\n\t<meta property=\"og:image:type\" content=\"image\/png\" \/>\n<meta name=\"twitter:card\" content=\"summary_large_image\" \/>\n<script type=\"application\/ld+json\" class=\"yoast-schema-graph\">{\"@context\":\"https:\\\/\\\/schema.org\",\"@graph\":[{\"@type\":\"WebPage\",\"@id\":\"https:\\\/\\\/tangerineretreat.com\\\/fr\\\/contact\\\/\",\"url\":\"https:\\\/\\\/tangerineretreat.com\\\/fr\\\/contact\\\/\",\"name\":\"Contacter TangerineRetreat\",\"isPartOf\":{\"@id\":\"https:\\\/\\\/tangerineretreat.com\\\/fr\\\/#website\"},\"datePublished\":\"2023-01-02T15:03:41+00:00\",\"dateModified\":\"2025-02-04T14:33:25+00:00\",\"description\":\"Contactez-nous pour toutes questions \u00e0 propos de notre structure ou de la psilocybine. Nous vous recontacterons dans les 48 heures.\",\"breadcrumb\":{\"@id\":\"https:\\\/\\\/tangerineretreat.com\\\/fr\\\/contact\\\/#breadcrumb\"},\"inLanguage\":\"fr-FR\",\"potentialAction\":[{\"@type\":\"ReadAction\",\"target\":[\"https:\\\/\\\/tangerineretreat.com\\\/fr\\\/contact\\\/\"]}]},{\"@type\":\"BreadcrumbList\",\"@id\":\"https:\\\/\\\/tangerineretreat.com\\\/fr\\\/contact\\\/#breadcrumb\",\"itemListElement\":[{\"@type\":\"ListItem\",\"position\":1,\"name\":\"Accueil\",\"item\":\"https:\\\/\\\/tangerineretreat.com\\\/fr\\\/\"},{\"@type\":\"ListItem\",\"position\":2,\"name\":\"Contacter Tangerine Retreat\"}]},{\"@type\":\"WebSite\",\"@id\":\"https:\\\/\\\/tangerineretreat.com\\\/fr\\\/#website\",\"url\":\"https:\\\/\\\/tangerineretreat.com\\\/fr\\\/\",\"name\":\"Tangerine Retreat\",\"description\":\"Legal psychedelic retreat in the Netherlands\",\"publisher\":{\"@id\":\"https:\\\/\\\/tangerineretreat.com\\\/fr\\\/#organization\"},\"alternateName\":\"Tangerine Psychedelic Institute\",\"potentialAction\":[{\"@type\":\"SearchAction\",\"target\":{\"@type\":\"EntryPoint\",\"urlTemplate\":\"https:\\\/\\\/tangerineretreat.com\\\/fr\\\/?s={search_term_string}\"},\"query-input\":{\"@type\":\"PropertyValueSpecification\",\"valueRequired\":true,\"valueName\":\"search_term_string\"}}],\"inLanguage\":\"fr-FR\"},{\"@type\":\"Organization\",\"@id\":\"https:\\\/\\\/tangerineretreat.com\\\/fr\\\/#organization\",\"name\":\"Tangerine Retreat\",\"url\":\"https:\\\/\\\/tangerineretreat.com\\\/fr\\\/\",\"logo\":{\"@type\":\"ImageObject\",\"inLanguage\":\"fr-FR\",\"@id\":\"https:\\\/\\\/tangerineretreat.com\\\/fr\\\/#\\\/schema\\\/logo\\\/image\\\/\",\"url\":\"https:\\\/\\\/tangerineretreat.com\\\/wp-content\\\/uploads\\\/tangerine-retreat-logo-4.png\",\"contentUrl\":\"https:\\\/\\\/tangerineretreat.com\\\/wp-content\\\/uploads\\\/tangerine-retreat-logo-4.png\",\"width\":185,\"height\":50,\"caption\":\"Tangerine Retreat\"},\"image\":{\"@id\":\"https:\\\/\\\/tangerineretreat.com\\\/fr\\\/#\\\/schema\\\/logo\\\/image\\\/\"}}]}<\/script>\n<!-- \/ Yoast SEO plugin. -->","yoast_head_json":{"title":"Contacter TangerineRetreat","description":"Contactez-nous pour toutes questions \u00e0 propos de notre structure ou de la psilocybine. Nous vous recontacterons dans les 48 heures.","robots":{"index":"noindex","follow":"nofollow"},"og_locale":"fr_FR","og_type":"article","og_title":"Contacter TangerineRetreat","og_description":"Contactez-nous pour toutes questions \u00e0 propos de notre structure ou de la psilocybine. Nous vous recontacterons dans les 48 heures.","og_url":"https:\/\/tangerineretreat.com\/fr\/contact\/","og_site_name":"Tangerine Retreat","article_modified_time":"2025-02-04T14:33:25+00:00","og_image":[{"width":1125,"height":1125,"url":"https:\/\/tangerineretreat.com\/wp-content\/uploads\/logo-carre.png","type":"image\/png"}],"twitter_card":"summary_large_image","schema":{"@context":"https:\/\/schema.org","@graph":[{"@type":"WebPage","@id":"https:\/\/tangerineretreat.com\/fr\/contact\/","url":"https:\/\/tangerineretreat.com\/fr\/contact\/","name":"Contacter TangerineRetreat","isPartOf":{"@id":"https:\/\/tangerineretreat.com\/fr\/#website"},"datePublished":"2023-01-02T15:03:41+00:00","dateModified":"2025-02-04T14:33:25+00:00","description":"Contactez-nous pour toutes questions \u00e0 propos de notre structure ou de la psilocybine. Nous vous recontacterons dans les 48 heures.","breadcrumb":{"@id":"https:\/\/tangerineretreat.com\/fr\/contact\/#breadcrumb"},"inLanguage":"fr-FR","potentialAction":[{"@type":"ReadAction","target":["https:\/\/tangerineretreat.com\/fr\/contact\/"]}]},{"@type":"BreadcrumbList","@id":"https:\/\/tangerineretreat.com\/fr\/contact\/#breadcrumb","itemListElement":[{"@type":"ListItem","position":1,"name":"Accueil","item":"https:\/\/tangerineretreat.com\/fr\/"},{"@type":"ListItem","position":2,"name":"Contacter Tangerine Retreat"}]},{"@type":"WebSite","@id":"https:\/\/tangerineretreat.com\/fr\/#website","url":"https:\/\/tangerineretreat.com\/fr\/","name":"Tangerine Retreat","description":"Legal psychedelic retreat in the Netherlands","publisher":{"@id":"https:\/\/tangerineretreat.com\/fr\/#organization"},"alternateName":"Tangerine Psychedelic Institute","potentialAction":[{"@type":"SearchAction","target":{"@type":"EntryPoint","urlTemplate":"https:\/\/tangerineretreat.com\/fr\/?s={search_term_string}"},"query-input":{"@type":"PropertyValueSpecification","valueRequired":true,"valueName":"search_term_string"}}],"inLanguage":"fr-FR"},{"@type":"Organization","@id":"https:\/\/tangerineretreat.com\/fr\/#organization","name":"Tangerine Retreat","url":"https:\/\/tangerineretreat.com\/fr\/","logo":{"@type":"ImageObject","inLanguage":"fr-FR","@id":"https:\/\/tangerineretreat.com\/fr\/#\/schema\/logo\/image\/","url":"https:\/\/tangerineretreat.com\/wp-content\/uploads\/tangerine-retreat-logo-4.png","contentUrl":"https:\/\/tangerineretreat.com\/wp-content\/uploads\/tangerine-retreat-logo-4.png","width":185,"height":50,"caption":"Tangerine Retreat"},"image":{"@id":"https:\/\/tangerineretreat.com\/fr\/#\/schema\/logo\/image\/"}}]}},"_links":{"self":[{"href":"https:\/\/tangerineretreat.com\/fr\/wp-json\/wp\/v2\/pages\/1140","targetHints":{"allow":["GET"]}}],"collection":[{"href":"https:\/\/tangerineretreat.com\/fr\/wp-json\/wp\/v2\/pages"}],"about":[{"href":"https:\/\/tangerineretreat.com\/fr\/wp-json\/wp\/v2\/types\/page"}],"author":[{"embeddable":true,"href":"https:\/\/tangerineretreat.com\/fr\/wp-json\/wp\/v2\/users\/1"}],"replies":[{"embeddable":true,"href":"https:\/\/tangerineretreat.com\/fr\/wp-json\/wp\/v2\/comments?post=1140"}],"version-history":[{"count":0,"href":"https:\/\/tangerineretreat.com\/fr\/wp-json\/wp\/v2\/pages\/1140\/revisions"}],"wp:attachment":[{"href":"https:\/\/tangerineretreat.com\/fr\/wp-json\/wp\/v2\/media?parent=1140"}],"curies":[{"name":"wp","href":"https:\/\/api.w.org\/{rel}","templated":true}]}}