{"id":4339,"date":"2022-10-25T15:08:21","date_gmt":"2022-10-25T13:08:21","guid":{"rendered":"https:\/\/tangerineretreat.com\/upcoming-retreats\/"},"modified":"2025-11-26T13:56:30","modified_gmt":"2025-11-26T12:56:30","slug":"kommende-retreats","status":"publish","type":"page","link":"https:\/\/tangerineretreat.com\/de\/kommende-retreats\/","title":{"rendered":"Die n\u00e4chsten Psilocybin Retreats in den Niederlanden"},"content":{"rendered":"[vc_row full_width=&#8221;stretch_row&#8221;][vc_column][vc_empty_space][vc_column_text]\n<h2>Termine f\u00fcr Psychedelische Retreats<\/h2>\n<h3>Kleine Gruppen f\u00fcr tiefe innere Erfahrungen<\/h3>\n<p class=\"p1\">Unsere Psilocybin-Retreats zeichnen sich vor allem durch die Qualit\u00e4t der Betreuung aus, die wir Ihnen <strong>vor, w\u00e4hrend und nach der Zeremonie<\/strong> bieten. In einer gesch\u00fctzten Umgebung und mit sorgf\u00e4ltiger Vorbereitung kann Psilocybin sein volles Potenzial entfalten.<\/p>\n[\/vc_column_text][vc_empty_space][vc_column_text el_class=&#8221;magazine&#8221;]\n<h3><strong>Kommende Retreats 2026<\/strong><\/h3>\n<p><strong>Jedes Retreat erfordert eine sorgf\u00e4ltige Vorbereitung<\/strong> sowohl von unseren Facilitators als auch von den Teilnehmern. Daher begrenzen wir die Anzahl der von uns angebotenen Retreats, um die h\u00f6chste Qualit\u00e4t zu gew\u00e4hrleisten.<\/p>\n<p style=\"text-align:center\">Psilocybin-Retreat in kleiner Gruppe!<\/p><table>\n\t\t<tr><th><i class=\"fas fa-calendar-alt\"><\/i> Datum<\/th><th><i class=\"fas fa-bed\"><\/i> Dauer<\/th><th><i class=\"fas fa-globe\"><\/i> Sprache(n) des Retreats<\/th><\/tr><tr><td>Vom 15. bis 17. Mai 2026<\/td><td>3 Tage <br \/><small>1 Psilocybin-Sitzung<\/small><\/td><td><img decoding=\"async\" src=\"https:\/\/tangerineretreat.com\/wp-content\/plugins\/sitepress-multilingual-cms\/res\/flags\/en.png\" alt=\"Englisch\" width=\"18\" height=\"12\" \/> <img decoding=\"async\" src=\"https:\/\/tangerineretreat.com\/wp-content\/plugins\/sitepress-multilingual-cms\/res\/flags\/fr.png\" alt=\"Franz\u00f6sisch\" width=\"18\" height=\"12\" \/> <img decoding=\"async\" src=\"https:\/\/tangerineretreat.com\/wp-content\/plugins\/sitepress-multilingual-cms\/res\/flags\/nl.png\" alt=\"Niederl\u00e4ndisch\" width=\"18\" height=\"12\" \/><\/td><\/tr><tr><td>Vom 17. bis 21. Juni 2026<\/td><td>5 Tage <br \/><small>2 Psilocybin-Sitzungen<\/small><\/td><td><img decoding=\"async\" src=\"https:\/\/tangerineretreat.com\/wp-content\/plugins\/sitepress-multilingual-cms\/res\/flags\/en.png\" alt=\"Englisch\" width=\"18\" height=\"12\" \/> <img decoding=\"async\" src=\"https:\/\/tangerineretreat.com\/wp-content\/plugins\/sitepress-multilingual-cms\/res\/flags\/fr.png\" alt=\"Franz\u00f6sisch\" width=\"18\" height=\"12\" \/> <img decoding=\"async\" src=\"https:\/\/tangerineretreat.com\/wp-content\/plugins\/sitepress-multilingual-cms\/res\/flags\/nl.png\" alt=\"Niederl\u00e4ndisch\" width=\"18\" height=\"12\" \/><\/td><\/tr><tr><td>Vom 17. bis 19. Juli 2026<\/td><td>3 Tage <br \/><small>1 Psilocybin-Sitzung<\/small><\/td><td><img decoding=\"async\" src=\"https:\/\/tangerineretreat.com\/wp-content\/plugins\/sitepress-multilingual-cms\/res\/flags\/en.png\" alt=\"Englisch\" width=\"18\" height=\"12\" \/> <img decoding=\"async\" src=\"https:\/\/tangerineretreat.com\/wp-content\/plugins\/sitepress-multilingual-cms\/res\/flags\/fr.png\" alt=\"Franz\u00f6sisch\" width=\"18\" height=\"12\" \/> <img decoding=\"async\" src=\"https:\/\/tangerineretreat.com\/wp-content\/plugins\/sitepress-multilingual-cms\/res\/flags\/nl.png\" alt=\"Niederl\u00e4ndisch\" width=\"18\" height=\"12\" \/><\/td><\/tr><tr><td>Vom 23. bis 25. Sept. 2026<\/td><td>3 Tage <br \/><small>1 Psilocybin-Sitzung<\/small><\/td><td><img decoding=\"async\" src=\"https:\/\/tangerineretreat.com\/wp-content\/plugins\/sitepress-multilingual-cms\/res\/flags\/en.png\" alt=\"Englisch\" width=\"18\" height=\"12\" \/> <img decoding=\"async\" src=\"https:\/\/tangerineretreat.com\/wp-content\/plugins\/sitepress-multilingual-cms\/res\/flags\/fr.png\" alt=\"Franz\u00f6sisch\" width=\"18\" height=\"12\" \/> <img decoding=\"async\" src=\"https:\/\/tangerineretreat.com\/wp-content\/plugins\/sitepress-multilingual-cms\/res\/flags\/nl.png\" alt=\"Niederl\u00e4ndisch\" width=\"18\" height=\"12\" \/><\/td><\/tr><tr><td>Vom 21. bis 25. Okt. 2026<\/td><td>5 Tage <br \/><small>2 Psilocybin-Sitzungen<\/small><\/td><td><img decoding=\"async\" src=\"https:\/\/tangerineretreat.com\/wp-content\/plugins\/sitepress-multilingual-cms\/res\/flags\/en.png\" alt=\"Englisch\" width=\"18\" height=\"12\" \/> <img decoding=\"async\" src=\"https:\/\/tangerineretreat.com\/wp-content\/plugins\/sitepress-multilingual-cms\/res\/flags\/fr.png\" alt=\"Franz\u00f6sisch\" width=\"18\" height=\"12\" \/> <img decoding=\"async\" src=\"https:\/\/tangerineretreat.com\/wp-content\/plugins\/sitepress-multilingual-cms\/res\/flags\/nl.png\" alt=\"Niederl\u00e4ndisch\" width=\"18\" height=\"12\" \/><\/td><\/tr><tr><td>Vom 21. bis 23. Nov. 2026<\/td><td>3 Tage <br \/><small>1 Psilocybin-Sitzung<\/small><\/td><td><img decoding=\"async\" src=\"https:\/\/tangerineretreat.com\/wp-content\/plugins\/sitepress-multilingual-cms\/res\/flags\/en.png\" alt=\"Englisch\" width=\"18\" height=\"12\" \/> <img decoding=\"async\" src=\"https:\/\/tangerineretreat.com\/wp-content\/plugins\/sitepress-multilingual-cms\/res\/flags\/fr.png\" alt=\"Franz\u00f6sisch\" width=\"18\" height=\"12\" \/> <img decoding=\"async\" src=\"https:\/\/tangerineretreat.com\/wp-content\/plugins\/sitepress-multilingual-cms\/res\/flags\/nl.png\" alt=\"Niederl\u00e4ndisch\" width=\"18\" height=\"12\" \/><\/td><\/tr><tr><td>Vom 11. bis 13. Dez. 2026<\/td><td>3 Tage <br \/><small>1 Psilocybin-Sitzung<\/small><\/td><td><img decoding=\"async\" src=\"https:\/\/tangerineretreat.com\/wp-content\/plugins\/sitepress-multilingual-cms\/res\/flags\/en.png\" alt=\"Englisch\" width=\"18\" height=\"12\" \/> <img decoding=\"async\" src=\"https:\/\/tangerineretreat.com\/wp-content\/plugins\/sitepress-multilingual-cms\/res\/flags\/fr.png\" alt=\"Franz\u00f6sisch\" width=\"18\" height=\"12\" \/> <img decoding=\"async\" src=\"https:\/\/tangerineretreat.com\/wp-content\/plugins\/sitepress-multilingual-cms\/res\/flags\/nl.png\" alt=\"Niederl\u00e4ndisch\" width=\"18\" height=\"12\" \/><\/td><\/tr><tr><td>Vom 27. bis 29. Jan. 2027<\/td><td>3 Tage <br \/><small>1 Psilocybin-Sitzung<\/small><\/td><td><img decoding=\"async\" src=\"https:\/\/tangerineretreat.com\/wp-content\/plugins\/sitepress-multilingual-cms\/res\/flags\/en.png\" alt=\"Englisch\" width=\"18\" height=\"12\" \/> <img decoding=\"async\" src=\"https:\/\/tangerineretreat.com\/wp-content\/plugins\/sitepress-multilingual-cms\/res\/flags\/fr.png\" alt=\"Franz\u00f6sisch\" width=\"18\" height=\"12\" \/> <img decoding=\"async\" src=\"https:\/\/tangerineretreat.com\/wp-content\/plugins\/sitepress-multilingual-cms\/res\/flags\/nl.png\" alt=\"Niederl\u00e4ndisch\" width=\"18\" height=\"12\" \/><\/td><\/tr><\/table>[\/vc_column_text][vc_empty_space][vc_btn title=&#8221;Reservieren Sie Ihren Platz&#8221; style=&#8221;flat&#8221; shape=&#8221;round&#8221; color=&#8221;default&#8221; align=&#8221;center&#8221; link=&#8221;url:https%3A%2F%2Ftangerineretreat.com%2Fde%2Fpsilocybin-retreat-buchen%2F|title:Buchen%20Sie%20Ihren%20Platz&#8221;][vc_empty_space][\/vc_column][\/vc_row][vc_row full_width=&#8221;stretch_row_content_no_spaces&#8221; content_placement=&#8221;middle&#8221; css=&#8221;.vc_custom_1669658158040{margin-bottom: 0px !important;padding-bottom: 0px !important;}&#8221;][vc_column width=&#8221;1\/2&#8243;][vc_single_image image=&#8221;4155&#8243; img_size=&#8221;full&#8221;][\/vc_column][vc_column width=&#8221;1\/2&#8243;][vc_column_text]\n<h2>Wir schaffen die idealen Bedingungen f\u00fcr Sie<\/h2>\n<h3>Ein Workshop, der Raum f\u00fcr eine Reise zu sich selbst erm\u00f6glicht<\/h3>\n<p class=\"p1\">Wir bem\u00fchen uns, Ihre Erfahrung so zu gestalten, dass Sie m\u00f6glichst <strong>optimal unterst\u00fctzt<\/strong> werden. Deshalb basieren unsere Retreats auf einf\u00fchlsame Begleitung und wertsch\u00e4tzende Unterst\u00fctzung.<\/p>\n<p class=\"p1\">Unsere <strong>n\u00e4chsten Retreats<\/strong> sind auf 10 Personen pro Retreat begrenzt. Sie werden von vier Facilitatoren gehalten, die den Raum f\u00fcr die Psilocybin Erfahrung halten und Achtsamkeits- und Gruppenaktivit\u00e4ten leiten.<\/p>\n[\/vc_column_text][vc_empty_space][\/vc_column][\/vc_row][vc_row full_width=&#8221;stretch_row_content_no_spaces&#8221; content_placement=&#8221;middle&#8221; css=&#8221;.vc_custom_1669658192596{margin-top: 0px !important;border-top-width: 0px !important;padding-top: 0px !important;}&#8221;][vc_column width=&#8221;1\/2&#8243;][vc_column_text]\n<h2>Wo findet Das N\u00e4chste Retreat statt?<\/h2>\n<h3>Eine sichere Umgebung, die Raum f\u00fcr tiefe Erfahrungen bietet<\/h3>\n<p class=\"p1\">Nehmen Sie an unseren Retreats in einer <strong>idyllischen Umgebung<\/strong> mitten in der Natur teil. Wir halten Ihnen den Raum f\u00fcr eine Reise, in der Sie Einblicke in Ihr Inneres gewinnen k\u00f6nnen und erfahren, wie es Ihnen wirklich geht.<\/p>\n<p class=\"p1\">W\u00e4hrend Ihres Aufenthalts k\u00f6nnen Sie die gemeinsamen R\u00e4ume nutzen, um sich mit anderen Teilnehmern auszutauschen, oder Sie k\u00f6nnen sich auch Zeit f\u00fcr sich allein in der Natur nehmen.<\/p>\n[\/vc_column_text][vc_empty_space][\/vc_column][vc_column width=&#8221;1\/2&#8243;][vc_single_image image=&#8221;4152&#8243; img_size=&#8221;large&#8221;][\/vc_column][\/vc_row][vc_row css=&#8221;.vc_custom_1689948709343{margin-bottom: 50px !important;}&#8221;][vc_column][vc_column_text]<div class=\"row\" id=\"booking\"><div class=\"col-md-12\"><p class=\"mega\"><i class=\"fa fa-comments\"><\/i> Sprechen wir dar\u00fcber?<\/p><\/div>\n\t\t\t\t<div class='col-md-6 rdv'><p>Vereinbaren Sie einen kostenlosen Informationstermin auf Englisch mit einem unserer Gr\u00fcnder.<\/p>\n\t\t\t<\/div><div class='col-md-6'><!-- Calendly link widget begin -->\n\t\t<link href=\"https:\/\/assets.calendly.com\/assets\/external\/widget.css\" rel=\"stylesheet\">\n\t\t<script src=\"https:\/\/assets.calendly.com\/assets\/external\/widget.js\" type=\"text\/javascript\" async><\/script>\n\t\t<a href=\"\" onclick=\"Calendly.initPopupWidget({url: 'https:\/\/calendly.com\/d\/ckdj-fwq-fkf\/contact-with-tangerine-retreat?primary_color=eb7f44'});return false;\"><i class=\"fa fa-phone\"><\/i> Termin vereinbaren<\/a>\n\t\t<!-- Calendly link widget end --><\/div><\/div>[\/vc_column_text][vc_empty_space][vc_column_text el_class=&#8221;superListe&#8221;]\n\t<br \/>\n\t<div class=\"row\">\n\t<div class=\"col-md-4\">\n\t\t<img decoding=\"async\" src=\"https:\/\/tangerineretreat.com\/wp-content\/uploads\/lieu-de-residence-350x350.jpg\" width=\"350\" height=\"350\" alt=\"Ein stattliches Landhaus \u2013 der Aufenthaltsort w\u00e4hrend des Retreats.\">\n\t<\/div>\n\t<div class=\"superListe col-md-8\"><p class='productTitle'>Retreat in den Niederlanden<p class=\"dates\">Vom 15. bis 17. Mai 2026<\/p><ul>\n\t\t\t<li>Gesprochene Sprache(n): <img decoding=\"async\" src=\"https:\/\/tangerineretreat.com\/wp-content\/plugins\/sitepress-multilingual-cms\/res\/flags\/en.png\" alt=\"Englisch\" width=\"18\" height=\"12\" \/> <img decoding=\"async\" src=\"https:\/\/tangerineretreat.com\/wp-content\/plugins\/sitepress-multilingual-cms\/res\/flags\/fr.png\" alt=\"Franz\u00f6sisch\" width=\"18\" height=\"12\" \/> <img decoding=\"async\" src=\"https:\/\/tangerineretreat.com\/wp-content\/plugins\/sitepress-multilingual-cms\/res\/flags\/nl.png\" alt=\"Niederl\u00e4ndisch\" width=\"18\" height=\"12\" \/> <\/li>\n\t\t\t<li><strong>Begleitete Psilocybin-Zeremonie<\/strong><\/li>\n\t\t\t<li>Anwesenheit von medizinischem Personal<\/li>\n\t\t\t<li>Einzelsitzungen zur Vorbereitung<\/li>\n\t\t\t<li>Doppel- oder Einzelzimmer<\/li>\n\t\t\t<li><span class=\"price\">Ab 1.990 \u20ac<\/span><\/li>\n\t\t<\/ul>\n\t\t<a class='vc_general vc_btn3' href='https:\/\/tangerineretreat.com\/de\/psilocybin-retreat-buchen\/'><i class='fas fa-leaf'><\/i> Teilnahme an einem Psilocybin-Retreat<\/a><\/div>\n\t<\/div>\n[\/vc_column_text][vc_empty_space][\/vc_column][\/vc_row]\n","protected":false},"excerpt":{"rendered":"<p>[vc_row full_width=&#8221;stretch_row&#8221;][vc_column][vc_empty_space][vc_column_text] Termine f\u00fcr Psychedelische Retreats Kleine Gruppen f\u00fcr tiefe innere Erfahrungen Unsere Psilocybin-Retreats zeichnen sich vor allem durch die Qualit\u00e4t der Betreuung aus, die wir Ihnen vor, w\u00e4hrend und nach der Zeremonie bieten. In einer gesch\u00fctzten Umgebung und mit sorgf\u00e4ltiger Vorbereitung kann Psilocybin sein volles Potenzial entfalten. [\/vc_column_text][vc_empty_space][vc_column_text el_class=&#8221;magazine&#8221;] Kommende Retreats 2026 Jedes Retreat [&hellip;]<\/p>\n","protected":false},"author":1,"featured_media":0,"parent":0,"menu_order":0,"comment_status":"closed","ping_status":"closed","template":"page.php","meta":{"iawp_total_views":59,"footnotes":""},"class_list":["post-4339","page","type-page","status-publish","hentry"],"yoast_head":"<!-- This site is optimized with the Yoast SEO plugin v27.3 - https:\/\/yoast.com\/product\/yoast-seo-wordpress\/ -->\n<title>Kommende psychedelische Retreats 2026 \u2022 Tangerine Retreat<\/title>\n<meta name=\"description\" content=\"Schlie\u00dfen Sie sich uns f\u00fcr das n\u00e4chste psychedelische Retreat an, in einer idyllischen Umgebung mitten in der Natur in den Niederlanden\" \/>\n<meta name=\"robots\" content=\"index, follow, max-snippet:-1, max-image-preview:large, max-video-preview:-1\" \/>\n<link rel=\"canonical\" href=\"https:\/\/tangerineretreat.com\/de\/kommende-retreats\/\" \/>\n<meta property=\"og:locale\" content=\"de_DE\" \/>\n<meta property=\"og:type\" content=\"article\" \/>\n<meta property=\"og:title\" content=\"Kommende psychedelische Retreats 2026 \u2022 Tangerine Retreat\" \/>\n<meta property=\"og:description\" content=\"Schlie\u00dfen Sie sich uns f\u00fcr das n\u00e4chste psychedelische Retreat an, in einer idyllischen Umgebung mitten in der Natur in den Niederlanden\" \/>\n<meta property=\"og:url\" content=\"https:\/\/tangerineretreat.com\/de\/kommende-retreats\/\" \/>\n<meta property=\"og:site_name\" content=\"Tangerine Retreat\" \/>\n<meta property=\"article:modified_time\" content=\"2025-11-26T12:56:30+00:00\" \/>\n<meta property=\"og:image\" content=\"https:\/\/tangerineretreat.com\/wp-content\/uploads\/logo-carre.png\" \/>\n\t<meta property=\"og:image:width\" content=\"1125\" \/>\n\t<meta property=\"og:image:height\" content=\"1125\" \/>\n\t<meta property=\"og:image:type\" content=\"image\/png\" \/>\n<meta name=\"twitter:card\" content=\"summary_large_image\" \/>\n<script type=\"application\/ld+json\" class=\"yoast-schema-graph\">{\"@context\":\"https:\\\/\\\/schema.org\",\"@graph\":[{\"@type\":\"WebPage\",\"@id\":\"https:\\\/\\\/tangerineretreat.com\\\/de\\\/kommende-retreats\\\/\",\"url\":\"https:\\\/\\\/tangerineretreat.com\\\/de\\\/kommende-retreats\\\/\",\"name\":\"Kommende psychedelische Retreats 2026 \u2022 Tangerine Retreat\",\"isPartOf\":{\"@id\":\"https:\\\/\\\/tangerineretreat.com\\\/de\\\/#website\"},\"datePublished\":\"2022-10-25T13:08:21+00:00\",\"dateModified\":\"2025-11-26T12:56:30+00:00\",\"description\":\"Schlie\u00dfen Sie sich uns f\u00fcr das n\u00e4chste psychedelische Retreat an, in einer idyllischen Umgebung mitten in der Natur in den Niederlanden\",\"breadcrumb\":{\"@id\":\"https:\\\/\\\/tangerineretreat.com\\\/de\\\/kommende-retreats\\\/#breadcrumb\"},\"inLanguage\":\"de\",\"potentialAction\":[{\"@type\":\"ReadAction\",\"target\":[\"https:\\\/\\\/tangerineretreat.com\\\/de\\\/kommende-retreats\\\/\"]}]},{\"@type\":\"BreadcrumbList\",\"@id\":\"https:\\\/\\\/tangerineretreat.com\\\/de\\\/kommende-retreats\\\/#breadcrumb\",\"itemListElement\":[{\"@type\":\"ListItem\",\"position\":1,\"name\":\"Accueil\",\"item\":\"https:\\\/\\\/tangerineretreat.com\\\/de\\\/\"},{\"@type\":\"ListItem\",\"position\":2,\"name\":\"Die n\u00e4chsten Psilocybin Retreats in den Niederlanden\"}]},{\"@type\":\"WebSite\",\"@id\":\"https:\\\/\\\/tangerineretreat.com\\\/de\\\/#website\",\"url\":\"https:\\\/\\\/tangerineretreat.com\\\/de\\\/\",\"name\":\"Tangerine Retreat\",\"description\":\"Legal psychedelic retreat in the Netherlands\",\"publisher\":{\"@id\":\"https:\\\/\\\/tangerineretreat.com\\\/de\\\/#organization\"},\"alternateName\":\"Tangerine Psychedelic Institute\",\"potentialAction\":[{\"@type\":\"SearchAction\",\"target\":{\"@type\":\"EntryPoint\",\"urlTemplate\":\"https:\\\/\\\/tangerineretreat.com\\\/de\\\/?s={search_term_string}\"},\"query-input\":{\"@type\":\"PropertyValueSpecification\",\"valueRequired\":true,\"valueName\":\"search_term_string\"}}],\"inLanguage\":\"de\"},{\"@type\":\"Organization\",\"@id\":\"https:\\\/\\\/tangerineretreat.com\\\/de\\\/#organization\",\"name\":\"Tangerine Retreat\",\"url\":\"https:\\\/\\\/tangerineretreat.com\\\/de\\\/\",\"logo\":{\"@type\":\"ImageObject\",\"inLanguage\":\"de\",\"@id\":\"https:\\\/\\\/tangerineretreat.com\\\/de\\\/#\\\/schema\\\/logo\\\/image\\\/\",\"url\":\"https:\\\/\\\/tangerineretreat.com\\\/wp-content\\\/uploads\\\/tangerine-retreat-logo-4.png\",\"contentUrl\":\"https:\\\/\\\/tangerineretreat.com\\\/wp-content\\\/uploads\\\/tangerine-retreat-logo-4.png\",\"width\":185,\"height\":50,\"caption\":\"Tangerine Retreat\"},\"image\":{\"@id\":\"https:\\\/\\\/tangerineretreat.com\\\/de\\\/#\\\/schema\\\/logo\\\/image\\\/\"}}]}<\/script>\n<!-- \/ Yoast SEO plugin. -->","yoast_head_json":{"title":"Kommende psychedelische Retreats 2026 \u2022 Tangerine Retreat","description":"Schlie\u00dfen Sie sich uns f\u00fcr das n\u00e4chste psychedelische Retreat an, in einer idyllischen Umgebung mitten in der Natur in den Niederlanden","robots":{"index":"index","follow":"follow","max-snippet":"max-snippet:-1","max-image-preview":"max-image-preview:large","max-video-preview":"max-video-preview:-1"},"canonical":"https:\/\/tangerineretreat.com\/de\/kommende-retreats\/","og_locale":"de_DE","og_type":"article","og_title":"Kommende psychedelische Retreats 2026 \u2022 Tangerine Retreat","og_description":"Schlie\u00dfen Sie sich uns f\u00fcr das n\u00e4chste psychedelische Retreat an, in einer idyllischen Umgebung mitten in der Natur in den Niederlanden","og_url":"https:\/\/tangerineretreat.com\/de\/kommende-retreats\/","og_site_name":"Tangerine Retreat","article_modified_time":"2025-11-26T12:56:30+00:00","og_image":[{"width":1125,"height":1125,"url":"https:\/\/tangerineretreat.com\/wp-content\/uploads\/logo-carre.png","type":"image\/png"}],"twitter_card":"summary_large_image","schema":{"@context":"https:\/\/schema.org","@graph":[{"@type":"WebPage","@id":"https:\/\/tangerineretreat.com\/de\/kommende-retreats\/","url":"https:\/\/tangerineretreat.com\/de\/kommende-retreats\/","name":"Kommende psychedelische Retreats 2026 \u2022 Tangerine Retreat","isPartOf":{"@id":"https:\/\/tangerineretreat.com\/de\/#website"},"datePublished":"2022-10-25T13:08:21+00:00","dateModified":"2025-11-26T12:56:30+00:00","description":"Schlie\u00dfen Sie sich uns f\u00fcr das n\u00e4chste psychedelische Retreat an, in einer idyllischen Umgebung mitten in der Natur in den Niederlanden","breadcrumb":{"@id":"https:\/\/tangerineretreat.com\/de\/kommende-retreats\/#breadcrumb"},"inLanguage":"de","potentialAction":[{"@type":"ReadAction","target":["https:\/\/tangerineretreat.com\/de\/kommende-retreats\/"]}]},{"@type":"BreadcrumbList","@id":"https:\/\/tangerineretreat.com\/de\/kommende-retreats\/#breadcrumb","itemListElement":[{"@type":"ListItem","position":1,"name":"Accueil","item":"https:\/\/tangerineretreat.com\/de\/"},{"@type":"ListItem","position":2,"name":"Die n\u00e4chsten Psilocybin Retreats in den Niederlanden"}]},{"@type":"WebSite","@id":"https:\/\/tangerineretreat.com\/de\/#website","url":"https:\/\/tangerineretreat.com\/de\/","name":"Tangerine Retreat","description":"Legal psychedelic retreat in the Netherlands","publisher":{"@id":"https:\/\/tangerineretreat.com\/de\/#organization"},"alternateName":"Tangerine Psychedelic Institute","potentialAction":[{"@type":"SearchAction","target":{"@type":"EntryPoint","urlTemplate":"https:\/\/tangerineretreat.com\/de\/?s={search_term_string}"},"query-input":{"@type":"PropertyValueSpecification","valueRequired":true,"valueName":"search_term_string"}}],"inLanguage":"de"},{"@type":"Organization","@id":"https:\/\/tangerineretreat.com\/de\/#organization","name":"Tangerine Retreat","url":"https:\/\/tangerineretreat.com\/de\/","logo":{"@type":"ImageObject","inLanguage":"de","@id":"https:\/\/tangerineretreat.com\/de\/#\/schema\/logo\/image\/","url":"https:\/\/tangerineretreat.com\/wp-content\/uploads\/tangerine-retreat-logo-4.png","contentUrl":"https:\/\/tangerineretreat.com\/wp-content\/uploads\/tangerine-retreat-logo-4.png","width":185,"height":50,"caption":"Tangerine Retreat"},"image":{"@id":"https:\/\/tangerineretreat.com\/de\/#\/schema\/logo\/image\/"}}]}},"_links":{"self":[{"href":"https:\/\/tangerineretreat.com\/de\/wp-json\/wp\/v2\/pages\/4339","targetHints":{"allow":["GET"]}}],"collection":[{"href":"https:\/\/tangerineretreat.com\/de\/wp-json\/wp\/v2\/pages"}],"about":[{"href":"https:\/\/tangerineretreat.com\/de\/wp-json\/wp\/v2\/types\/page"}],"author":[{"embeddable":true,"href":"https:\/\/tangerineretreat.com\/de\/wp-json\/wp\/v2\/users\/1"}],"replies":[{"embeddable":true,"href":"https:\/\/tangerineretreat.com\/de\/wp-json\/wp\/v2\/comments?post=4339"}],"version-history":[{"count":0,"href":"https:\/\/tangerineretreat.com\/de\/wp-json\/wp\/v2\/pages\/4339\/revisions"}],"wp:attachment":[{"href":"https:\/\/tangerineretreat.com\/de\/wp-json\/wp\/v2\/media?parent=4339"}],"curies":[{"name":"wp","href":"https:\/\/api.w.org\/{rel}","templated":true}]}}